{"id":27368,"date":"2024-07-10T14:25:37","date_gmt":"2024-07-10T14:25:37","guid":{"rendered":"https:\/\/naturcleaning.hu\/?post_type=product&#038;p=27368"},"modified":"2025-09-15T19:24:30","modified_gmt":"2025-09-15T19:24:30","slug":"csepke-baby-mosogatoszer-koncentratum-cumisuveg-moso-0m-1-liter","status":"publish","type":"product","link":"https:\/\/naturcleaning.hu\/en\/product\/csepke-baby-mosogatoszer-koncentratum-cumisuveg-moso-0m-1-liter\/","title":{"rendered":"Csepke Baby mosogat\u00f3szer koncentr\u00e1tum, cumis\u00fcveg mos\u00f3 0m+ 1 liter"},"content":{"rendered":"<p>Csepke Baby washing up liquid and baby bottle washer should not be missing from any mom's kitchen, as our baby most often takes his baby bottle in his mouth, so it is especially important to keep these everyday supplies clean at all times.<\/p>\n<p>Csepke Baby mosogat\u00f3szert \u00fagy fejlesztett\u00fck ki, hogy kisbab\u00e1nk eszk\u00f6zeit m\u00e1r sz\u00fclet\u00e9st\u0151l kezdve tiszt\u00e1n tarthassuk mindenf\u00e9le vegyi-, \u00e9s allerg\u00e9n anyag n\u00e9lk\u00fcl. Speci\u00e1lis allerg\u00e9nmentes mosogat\u00f3szer cumis\u00fcveg, cumi, baba ev\u0151eszk\u00f6z\u00f6k, babaj\u00e1t\u00e9kok tiszt\u00edt\u00e1s\u00e1hoz.<\/p>\n<ul>\n<li style=\"list-style-type: none\">\n<ul>\n<li>Safe to use<\/li>\n<\/ul>\n<\/li>\n<\/ul>\n<ul>\n<li style=\"list-style-type: none\">\n<ul>\n<li>Special baby care product<\/li>\n<\/ul>\n<\/li>\n<\/ul>\n<ul>\n<li style=\"list-style-type: none\">\n<ul>\n<li>Natural ingredients<\/li>\n<\/ul>\n<\/li>\n<\/ul>\n<ul>\n<li style=\"list-style-type: none\">\n<ul>\n<li>Easy to rinse active ingredient<\/li>\n<\/ul>\n<\/li>\n<\/ul>\n<p><strong>Ingredients:<\/strong> plant-derived anionic surfactant 1-5%; amphoteric surfactant 1-3%<\/p>","protected":false},"excerpt":{"rendered":"<p>A Csepke Baby mosogat\u00f3szer \u00e9s cumimos\u00f3 nem hi\u00e1nyozhat egyetlen anyuka konyh\u00e1j\u00e1b\u00f3l sem, hiszen kisded\u00fcnk a keze ut\u00e1n leggyakrabban a cumij\u00e1t, cumis\u00fcveg\u00e9t veszi a sz\u00e1j\u00e1ba, \u00edgy k\u00fcl\u00f6n\u00f6sen fontos ezen mindennapi kell\u00e9kek \u00e1lland\u00f3 tiszt\u00e1n tart\u00e1sa. Csepke Baby mosogat\u00f3szert \u00fagy fejlesztett\u00fck ki, hogy kisbab\u00e1nk eszk\u00f6zeit m\u00e1r sz\u00fclet\u00e9st\u0151l kezdve tiszt\u00e1n tarthassuk mindenf\u00e9le vegyi-, \u00e9s allerg\u00e9n anyag n\u00e9lk\u00fcl. Speci\u00e1lis allerg\u00e9nmentes [&hellip;]<\/p>\n","protected":false},"featured_media":27369,"comment_status":"open","ping_status":"closed","template":"","meta":{"_acf_changed":false},"product_brand":[],"product_cat":[28,19],"product_tag":[658],"class_list":{"0":"post-27368","1":"product","2":"type-product","3":"status-publish","4":"has-post-thumbnail","6":"product_cat-csepke-baby-termekek","7":"product_cat-mosogatoszer","8":"product_tag-uj-termek","10":"first","11":"instock","12":"shipping-taxable","13":"purchasable","14":"product-type-simple"},"acf":[],"_links":{"self":[{"href":"https:\/\/naturcleaning.hu\/en\/wp-json\/wp\/v2\/product\/27368","targetHints":{"allow":["GET"]}}],"collection":[{"href":"https:\/\/naturcleaning.hu\/en\/wp-json\/wp\/v2\/product"}],"about":[{"href":"https:\/\/naturcleaning.hu\/en\/wp-json\/wp\/v2\/types\/product"}],"replies":[{"embeddable":true,"href":"https:\/\/naturcleaning.hu\/en\/wp-json\/wp\/v2\/comments?post=27368"}],"wp:featuredmedia":[{"embeddable":true,"href":"https:\/\/naturcleaning.hu\/en\/wp-json\/wp\/v2\/media\/27369"}],"wp:attachment":[{"href":"https:\/\/naturcleaning.hu\/en\/wp-json\/wp\/v2\/media?parent=27368"}],"wp:term":[{"taxonomy":"product_brand","embeddable":true,"href":"https:\/\/naturcleaning.hu\/en\/wp-json\/wp\/v2\/product_brand?post=27368"},{"taxonomy":"product_cat","embeddable":true,"href":"https:\/\/naturcleaning.hu\/en\/wp-json\/wp\/v2\/product_cat?post=27368"},{"taxonomy":"product_tag","embeddable":true,"href":"https:\/\/naturcleaning.hu\/en\/wp-json\/wp\/v2\/product_tag?post=27368"}],"curies":[{"name":"wp","href":"https:\/\/api.w.org\/{rel}","templated":true}]}}