{"id":272,"date":"2021-05-31T17:42:21","date_gmt":"2021-05-31T15:42:21","guid":{"rendered":"https:\/\/cudyfuture.nomaddigital.hu\/?post_type=product&#038;p=272"},"modified":"2024-08-12T13:06:21","modified_gmt":"2024-08-12T13:06:21","slug":"cudy-illat-es-allergenmentes-mososzoda","status":"publish","type":"product","link":"https:\/\/naturcleaning.hu\/en\/product\/cudy-illat-es-allergenmentes-mososzoda\/","title":{"rendered":"Illat,- \u00e9s allerg\u00e9nmentes mos\u00f3sz\u00f3da 1 kg"},"content":{"rendered":"<p style=\"text-align: center\"><strong>Washing soda (sodium carbonate) is a phosphate-free, naturally occurring environmentally friendly cleaning agent and detergent.<\/strong><br \/>\n<strong>Washing soda can be used in many areas, the best known is textile washing.<\/strong><\/p>\n<p><strong>Features:<\/strong><br \/>\n-Environmentally conscious<br \/>\n-Of course very effective<br \/>\n-Smell and allergen free<br \/>\n- Can be used for washing and general cleaning<br \/>\n-Grease remover, water softener, cleaning effect<br \/>\n-phosphate-free, chlorine-free, paraben-free, cruelty-free, palm oil-free, vegan<br \/>\n-Biodegradable<\/p>\n<p><strong>Description:<\/strong><br \/>\nNaturcleaning washing soda can be used for washing and general cleaning. It is suitable for machine or hand washing and, thanks to its excellent degreasing properties, it is also a general cleaning agent. Sodium carbonate is a degreasing, water softening and cleaning agent. When added to detergent, it improves the washing efficiency, so the amount of detergent used can be reduced by up to half. It does not pollute the environment.<br \/>\nThe product is very soluble in water, so no chemical residue remains in the clothes after washing. Unlike detergents, it does not contain fragrances, it can also be used by anyone who is allergic to fragrance ingredients. Not suitable for washing wool and silk.<br \/>\nDue to its good dissolving effect, washing soda can also be used for washing dishes, it also dissolves greasy and  burnt dishes.<br \/>\nWith washing soda we can clean almost all washable surfaces. It is important to rinse the cleaned surface.<br \/>\nYou can also use washing soda for drain cleaning. Sprinkle a little soda and citric acid down the drain and pour hot water over it. Then let it stand for half an hour.<\/p>","protected":false},"excerpt":{"rendered":"<p>A mos\u00f3sz\u00f3da (n\u00e1trium-karbon\u00e1t) egy foszf\u00e1tmentes, a term\u00e9szetben is el\u0151fordul\u00f3 k\u00f6rnyezetbar\u00e1t tiszt\u00edt\u00f3szer \u00e9s mos\u00f3szer. A mos\u00f3sz\u00f3da sz\u00e1mos ter\u00fcleten felhaszn\u00e1lhat\u00f3, ezek k\u00f6z\u00f6tt a legismertebb, a textilmos\u00e1s. Jellemz\u0151i: -K\u00f6rnyezettudatos -Term\u00e9szetesen hat\u00e9kony -Illat \u00e9s allerg\u00e9nmentes - Mos\u00e1shoz \u00e9s \u00e1ltal\u00e1nos tiszt\u00edt\u00e1shoz alkalmazhat\u00f3 -Zs\u00edrold\u00f3, v\u00edzl\u00e1gy\u00edt\u00f3, tiszt\u00edt\u00f3 hat\u00e1s\u00fa -foszf\u00e1tmentes, kl\u00f3rmentes, parab\u00e9nmentes, \u00e1llatk\u00eds\u00e9rlet mentes, p\u00e1lmaolaj mentes, veg\u00e1n -Biol\u00f3giailag leboml\u00f3 Le\u00edr\u00e1s: A Naturcleaning mos\u00f3sz\u00f3da [&hellip;]<\/p>\n","protected":false},"featured_media":23233,"comment_status":"open","ping_status":"closed","template":"","meta":{"_acf_changed":false},"product_brand":[],"product_cat":[19,17,22],"product_tag":[],"class_list":{"0":"post-272","1":"product","2":"type-product","3":"status-publish","4":"has-post-thumbnail","6":"product_cat-mosogatoszer","7":"product_cat-mososzer","8":"product_cat-cudy-illat-es-allergenmentes-tisztitoszer","10":"first","11":"instock","12":"shipping-taxable","13":"purchasable","14":"product-type-simple"},"acf":[],"_links":{"self":[{"href":"https:\/\/naturcleaning.hu\/en\/wp-json\/wp\/v2\/product\/272","targetHints":{"allow":["GET"]}}],"collection":[{"href":"https:\/\/naturcleaning.hu\/en\/wp-json\/wp\/v2\/product"}],"about":[{"href":"https:\/\/naturcleaning.hu\/en\/wp-json\/wp\/v2\/types\/product"}],"replies":[{"embeddable":true,"href":"https:\/\/naturcleaning.hu\/en\/wp-json\/wp\/v2\/comments?post=272"}],"wp:featuredmedia":[{"embeddable":true,"href":"https:\/\/naturcleaning.hu\/en\/wp-json\/wp\/v2\/media\/23233"}],"wp:attachment":[{"href":"https:\/\/naturcleaning.hu\/en\/wp-json\/wp\/v2\/media?parent=272"}],"wp:term":[{"taxonomy":"product_brand","embeddable":true,"href":"https:\/\/naturcleaning.hu\/en\/wp-json\/wp\/v2\/product_brand?post=272"},{"taxonomy":"product_cat","embeddable":true,"href":"https:\/\/naturcleaning.hu\/en\/wp-json\/wp\/v2\/product_cat?post=272"},{"taxonomy":"product_tag","embeddable":true,"href":"https:\/\/naturcleaning.hu\/en\/wp-json\/wp\/v2\/product_tag?post=272"}],"curies":[{"name":"wp","href":"https:\/\/api.w.org\/{rel}","templated":true}]}}