{"id":26933,"date":"2024-06-25T13:07:07","date_gmt":"2024-06-25T13:07:07","guid":{"rendered":"https:\/\/naturcleaning.hu\/?post_type=product&#038;p=26933"},"modified":"2024-08-03T08:14:57","modified_gmt":"2024-08-03T08:14:57","slug":"naturcleaning-vaszon-taska-hosszu-fullel-uj","status":"publish","type":"product","link":"https:\/\/naturcleaning.hu\/en\/product\/naturcleaning-vaszon-taska-hosszu-fullel-uj\/","title":{"rendered":"Naturcleaning Canvas bag with long handles"},"content":{"rendered":"<p>M\u00e9rete: 37\u00d741 cm (sz\u00e9less\u00e9g x magass\u00e1g)<br \/>\nHandles: Long handles<br \/>\nAnyaga: 100% pamut, 180 g\/m2 vastag nyersv\u00e1szon<\/p>\n<p><strong>Washing information:<\/strong><br \/>\nMachine washable at up to 30 \u00b0 C. During the first wash, the size of the (untreated) raw canvas may shrink minimally (about 5-10%) due to its own properties.<\/p>\n<p>Pay attention to your environment, take this really durable canvas bag to the store, use it instead of a plastic bag!<\/p>\n<p>It is also an excellent alternative to plastic and paper advertising bags.<\/p>","protected":false},"excerpt":{"rendered":"<p>M\u00e9rete: 37\u00d741 cm (sz\u00e9less\u00e9g x magass\u00e1g) F\u00fcl: Hossz\u00fa f\u00fcles Anyaga: 100% pamut, 180 g\/m2 vastag nyersv\u00e1szon Mos\u00e1si inform\u00e1ci\u00f3: Maximum 30 \u00b0C-on mos\u00f3g\u00e9pben moshat\u00f3. Az els\u0151 mos\u00e1s alkalm\u00e1val minim\u00e1lisan zsugorodhat (kb. 5-10%)\u00a0 a m\u00e9rete a (kezeletlen) nyersv\u00e1szon saj\u00e1t tulajdons\u00e1gai miatt. Figyelj Te is a k\u00f6rnyezetedre, vidd magaddal a boltba ezt az igaz\u00e1n strapab\u00edr\u00f3 v\u00e1szont\u00e1sk\u00e1t, haszn\u00e1ld m\u0171anyag [&hellip;]<\/p>\n","protected":false},"featured_media":27864,"comment_status":"open","ping_status":"closed","template":"","meta":{"_acf_changed":false},"product_brand":[],"product_cat":[37],"product_tag":[],"class_list":{"0":"post-26933","1":"product","2":"type-product","3":"status-publish","4":"has-post-thumbnail","6":"product_cat-oko-taska","8":"first","9":"instock","10":"shipping-taxable","11":"purchasable","12":"product-type-simple"},"acf":[],"_links":{"self":[{"href":"https:\/\/naturcleaning.hu\/en\/wp-json\/wp\/v2\/product\/26933","targetHints":{"allow":["GET"]}}],"collection":[{"href":"https:\/\/naturcleaning.hu\/en\/wp-json\/wp\/v2\/product"}],"about":[{"href":"https:\/\/naturcleaning.hu\/en\/wp-json\/wp\/v2\/types\/product"}],"replies":[{"embeddable":true,"href":"https:\/\/naturcleaning.hu\/en\/wp-json\/wp\/v2\/comments?post=26933"}],"wp:featuredmedia":[{"embeddable":true,"href":"https:\/\/naturcleaning.hu\/en\/wp-json\/wp\/v2\/media\/27864"}],"wp:attachment":[{"href":"https:\/\/naturcleaning.hu\/en\/wp-json\/wp\/v2\/media?parent=26933"}],"wp:term":[{"taxonomy":"product_brand","embeddable":true,"href":"https:\/\/naturcleaning.hu\/en\/wp-json\/wp\/v2\/product_brand?post=26933"},{"taxonomy":"product_cat","embeddable":true,"href":"https:\/\/naturcleaning.hu\/en\/wp-json\/wp\/v2\/product_cat?post=26933"},{"taxonomy":"product_tag","embeddable":true,"href":"https:\/\/naturcleaning.hu\/en\/wp-json\/wp\/v2\/product_tag?post=26933"}],"curies":[{"name":"wp","href":"https:\/\/api.w.org\/{rel}","templated":true}]}}