{"id":264,"date":"2021-05-31T17:26:27","date_gmt":"2021-05-31T15:26:27","guid":{"rendered":"https:\/\/cudyfuture.nomaddigital.hu\/?post_type=product&#038;p=264"},"modified":"2024-08-03T07:37:29","modified_gmt":"2024-08-03T07:37:29","slug":"cudy-illat-es-allergenmentes-mosogatoszer-koncentratum-500-ml","status":"publish","type":"product","link":"https:\/\/naturcleaning.hu\/en\/product\/cudy-illat-es-allergenmentes-mosogatoszer-koncentratum-500-ml\/","title":{"rendered":"Naturcleaning Mosogat\u00f3szer Sensitive illat \u00e9s allerg\u00e9nmentes 500 ml"},"content":{"rendered":"<p>Naturcleaning fragrance - and allergen - free washing up liquid detergent is a phosphate - free, chlorine - free, paraben - free, vegan - free, animal - free and biodegradable concentrate for hand dishwashing.<\/p>\n<p>Thanks to the grape seed oil extract, it nourishes and regenerates the skin, it is PH-neutral and does not contain allergens.<\/p>\n<p><em>It is made from natural ingredients (corn oil, coconut oil).<\/em> (kukoricaolaj, k\u00f3kuszolaj).<\/p>\n<p><strong>Green dishes for washing dishes:<\/strong><\/p>\n<p>Warm water alone is degreasing, use only the amount of washing up liquid you need.<\/p>\n<p>To save water, do not wash in running water.<\/p>\n<p>Dilute the detergent concentrate 2-5 times to make it easier to add.<\/p>\n<p>Soak dried or burnt dishes in washing-up water, preferring mechanical cleaning.<\/p>\n<p>Do not leave washing up liquid in the bottle, rinse with water during the last use. Without rinsing, up to two dishwashing liquid  can stick to the wall of the bottle.<\/p>\n<p><strong>What else is good for our washing up liquid:<\/strong><\/p>\n<p>for car washing, can be used instead of car shampoo<\/p>\n<p>for removing stains on textiles: pour the washjing up liquid on the stain and rub it well for washing, cleaning the furniture: add 2-3 drops of dishwashing detergent to 5 liters of water for carpet cleaning: make a well-foaming solution of the dishwashing detergent, then rub the surface well with the foam.<\/p>","protected":false},"excerpt":{"rendered":"<p>A Naturcleaning illat,- \u00e9s allerg\u00e9nmentes mosogat\u00f3szer egy foszf\u00e1tmentes, kl\u00f3rmentes, parab\u00e9nmentes, veg\u00e1n, \u00e1llatk\u00eds\u00e9rlet mentes,\u00a0 \u00e9s biol\u00f3giailag j\u00f3l leboml\u00f3 koncentr\u00e1tum k\u00e9zi mosogat\u00e1shoz. A sz\u0151l\u0151magolaj kivonatnak k\u00f6sz\u00f6nhet\u0151en \u00e1polja, regener\u00e1lja a b\u0151rt, PH-semleges, nem tartalmaz allerg\u00e9n anyagokat. Term\u00e9szetes \u00f6sszetev\u0151kb\u0151l k\u00e9sz\u00fcl (kukoricaolaj, k\u00f3kuszolaj). Z\u00f6ld tippek mosogat\u00e1shoz: A meleg v\u00edz \u00f6nmag\u00e1ban is zs\u00edrold\u00f3 hat\u00e1s\u00fa, csak annyi mosogat\u00f3szert haszn\u00e1ljon, amennyi sz\u00fcks\u00e9ges. A [&hellip;]<\/p>\n","protected":false},"featured_media":27870,"comment_status":"open","ping_status":"closed","template":"","meta":{"_acf_changed":false},"product_brand":[],"product_cat":[19,22],"product_tag":[],"class_list":{"0":"post-264","1":"product","2":"type-product","3":"status-publish","4":"has-post-thumbnail","6":"product_cat-mosogatoszer","7":"product_cat-cudy-illat-es-allergenmentes-tisztitoszer","9":"first","10":"instock","11":"shipping-taxable","12":"purchasable","13":"product-type-simple"},"acf":[],"_links":{"self":[{"href":"https:\/\/naturcleaning.hu\/en\/wp-json\/wp\/v2\/product\/264","targetHints":{"allow":["GET"]}}],"collection":[{"href":"https:\/\/naturcleaning.hu\/en\/wp-json\/wp\/v2\/product"}],"about":[{"href":"https:\/\/naturcleaning.hu\/en\/wp-json\/wp\/v2\/types\/product"}],"replies":[{"embeddable":true,"href":"https:\/\/naturcleaning.hu\/en\/wp-json\/wp\/v2\/comments?post=264"}],"wp:featuredmedia":[{"embeddable":true,"href":"https:\/\/naturcleaning.hu\/en\/wp-json\/wp\/v2\/media\/27870"}],"wp:attachment":[{"href":"https:\/\/naturcleaning.hu\/en\/wp-json\/wp\/v2\/media?parent=264"}],"wp:term":[{"taxonomy":"product_brand","embeddable":true,"href":"https:\/\/naturcleaning.hu\/en\/wp-json\/wp\/v2\/product_brand?post=264"},{"taxonomy":"product_cat","embeddable":true,"href":"https:\/\/naturcleaning.hu\/en\/wp-json\/wp\/v2\/product_cat?post=264"},{"taxonomy":"product_tag","embeddable":true,"href":"https:\/\/naturcleaning.hu\/en\/wp-json\/wp\/v2\/product_tag?post=264"}],"curies":[{"name":"wp","href":"https:\/\/api.w.org\/{rel}","templated":true}]}}