{"id":258,"date":"2021-05-31T14:48:41","date_gmt":"2021-05-31T12:48:41","guid":{"rendered":"https:\/\/cudyfuture.nomaddigital.hu\/?post_type=product&#038;p=258"},"modified":"2025-09-16T18:56:08","modified_gmt":"2025-09-16T18:56:08","slug":"naturcleaning-glass-cleaner-lime-illattal-500-ml","status":"publish","type":"product","link":"https:\/\/naturcleaning.hu\/en\/product\/naturcleaning-glass-cleaner-lime-illattal-500-ml\/","title":{"rendered":"Naturcleaning Ablaktiszt\u00edt\u00f3 Lime illattal 500 ml"},"content":{"rendered":"<p>Naturcleaning Glass Cleaner hipoallerg\u00e9n aklaktiszt\u00edt\u00f3 koncentr\u00e1tum Lime ilattal 500 ml<\/p>\n<p>Our goal with our NATURCLEANING philosophy of life and environmentally friendly products is to contribute to a clean and healthy home and work environment while taking as little space as possible away from wildlife and continuously reducing our ecological footprint.<\/p>\n<p>\u00dcveg, t\u00fck\u00f6r, magas f\u00e9ny\u0171 b\u00fatorlap \u00e9s m\u00e1s moshat\u00f3 fel\u00fclet tiszt\u00edt\u00e1s\u00e1ra alkalmas ablaktiszt\u00edt\u00f3 koncentr\u00e1tum orgona illattal. Permetezze az ablaktiszt\u00edt\u00f3t a tiszt\u00edtand\u00f3 fel\u00fcletre, majd t\u00f6r\u00f6lje sz\u00e1razra. Cs\u00edkmentes ragyog\u00e1s!<\/p>","protected":false},"excerpt":{"rendered":"<p>Naturcleaning Glass Cleaner hipoallerg\u00e9n aklaktiszt\u00edt\u00f3 koncentr\u00e1tum Lime ilattal 500 ml C\u00e9lunk, hogy NATURCLEANING \u00e9letfiloz\u00f3fi\u00e1nkkal \u00e9s k\u00f6rnyezetbar\u00e1t term\u00e9keinkkel hozz\u00e1j\u00e1ruljunk a tiszta \u00e9s eg\u00e9szs\u00e9ges otthon \u00e9s munkak\u00f6rnyezet kialak\u00edt\u00e1s\u00e1hoz, mik\u00f6zben a lehet\u0151 legkevesebb teret vonjuk el az \u00e9l\u0151vil\u00e1gt\u00f3l \u00e9s folyamatosan cs\u00f6kkentj\u00fck \u00f6kol\u00f3giai l\u00e1bnyomunkat. \u00dcveg, t\u00fck\u00f6r, magas f\u00e9ny\u0171 b\u00fatorlap \u00e9s m\u00e1s moshat\u00f3 fel\u00fclet tiszt\u00edt\u00e1s\u00e1ra alkalmas ablaktiszt\u00edt\u00f3 koncentr\u00e1tum orgona illattal. [&hellip;]<\/p>\n","protected":false},"featured_media":20055,"comment_status":"open","ping_status":"closed","template":"","meta":{"_acf_changed":false},"product_brand":[],"product_cat":[24],"product_tag":[],"class_list":{"0":"post-258","1":"product","2":"type-product","3":"status-publish","4":"has-post-thumbnail","6":"product_cat-altalanos-tisztito-es-felmososzer","8":"first","9":"instock","10":"shipping-taxable","11":"purchasable","12":"product-type-simple"},"acf":[],"_links":{"self":[{"href":"https:\/\/naturcleaning.hu\/en\/wp-json\/wp\/v2\/product\/258","targetHints":{"allow":["GET"]}}],"collection":[{"href":"https:\/\/naturcleaning.hu\/en\/wp-json\/wp\/v2\/product"}],"about":[{"href":"https:\/\/naturcleaning.hu\/en\/wp-json\/wp\/v2\/types\/product"}],"replies":[{"embeddable":true,"href":"https:\/\/naturcleaning.hu\/en\/wp-json\/wp\/v2\/comments?post=258"}],"wp:featuredmedia":[{"embeddable":true,"href":"https:\/\/naturcleaning.hu\/en\/wp-json\/wp\/v2\/media\/20055"}],"wp:attachment":[{"href":"https:\/\/naturcleaning.hu\/en\/wp-json\/wp\/v2\/media?parent=258"}],"wp:term":[{"taxonomy":"product_brand","embeddable":true,"href":"https:\/\/naturcleaning.hu\/en\/wp-json\/wp\/v2\/product_brand?post=258"},{"taxonomy":"product_cat","embeddable":true,"href":"https:\/\/naturcleaning.hu\/en\/wp-json\/wp\/v2\/product_cat?post=258"},{"taxonomy":"product_tag","embeddable":true,"href":"https:\/\/naturcleaning.hu\/en\/wp-json\/wp\/v2\/product_tag?post=258"}],"curies":[{"name":"wp","href":"https:\/\/api.w.org\/{rel}","templated":true}]}}