{"id":256,"date":"2021-05-31T14:46:12","date_gmt":"2021-05-31T14:46:12","guid":{"rendered":"https:\/\/cudyfuture.nomaddigital.hu\/?post_type=product&#038;p=256"},"modified":"2025-09-16T18:59:24","modified_gmt":"2025-09-16T18:59:24","slug":"naturcleaning-aromatherapy-univerzalis-tisztitoszer-500-ml","status":"publish","type":"product","link":"https:\/\/naturcleaning.hu\/en\/product\/naturcleaning-aromatherapy-univerzalis-tisztitoszer-500-ml\/","title":{"rendered":"Naturcleaning Aromater\u00e1pi\u00e1s Univerz\u00e1lis Fel\u00fclet tiszt\u00edt\u00f3szer 500 ml"},"content":{"rendered":"<p>Is it important for you to keep your home clean, of course?<\/p>\n<p><strong>Naturcleaning Aromatherapy Univerz\u00e1lis Fel\u00fclet tiszt\u00edt\u00f3szer \u2013 Mandarin \u00e9s Cubeba Olajjal (500 ml)<\/strong><\/p>\n<p>Tapasztald meg a tiszt\u00edt\u00e1s \u00faj dimenzi\u00f3j\u00e1t a Naturcleaning Aromatherapy Univerz\u00e1lis Tiszt\u00edt\u00f3szer\u00e9vel! A mandarin \u00e9s cubeba olaj friss\u00edt\u0151 kombin\u00e1ci\u00f3ja nemcsak hat\u00e9konyan tiszt\u00edt, hanem kellemes arom\u00e1t is k\u00f6lcs\u00f6n\u00f6z otthonodnak.<\/p>\n<p><strong>F\u0151bb jellemz\u0151k:<\/strong><\/p>\n<ul>\n<li><strong>Term\u00e9szetes hat\u00e9konys\u00e1g<\/strong>: A hagyom\u00e1nyos tiszt\u00edt\u00f3szerekkel szemben nem vonja be vegyszerekkel a kezelt fel\u00fcletet, \u00edgy b\u0151r\u00f6d \u00e9s b\u00fatoraid t\u00e1vol maradnak a term\u00e9szetellenes anyagokt\u00f3l.<\/li>\n<li><strong>Gyors \u00e9s biztons\u00e1gos tiszt\u00edt\u00e1s<\/strong>: A mandarin \u00e9s cubeba olaj hat\u00e9konyan t\u00e1vol\u00edtja el a zs\u00edros, olajos szennyez\u0151d\u00e9seket, szintetikus \u00f6sszetev\u0151k \u00e9s k\u00e1ros maradv\u00e1nyok n\u00e9lk\u00fcl.<\/li>\n<li><strong>K\u00f6rnyezettudatos megold\u00e1s<\/strong>: N\u00f6v\u00e9nyi alap\u00fa \u00f6sszetev\u0151k, amelyek k\u00edm\u00e9lik a k\u00f6rnyezetet.<\/li>\n<li><strong>Hipoallerg\u00e9n<\/strong>: K\u00edm\u00e9letes a b\u0151rh\u00f6z, ide\u00e1lis \u00e9rz\u00e9keny b\u0151r\u0171ek sz\u00e1m\u00e1ra.<\/li>\n<li><strong>Alkalmaz\u00e1si ter\u00fclet<\/strong>: Minden moshat\u00f3 fel\u00fclet tiszt\u00edt\u00e1s\u00e1ra alkalmas, bele\u00e9rtve a konyh\u00e1t, f\u00fcrd\u0151szob\u00e1t \u00e9s egy\u00e9b helyis\u00e9geket.<\/li>\n<li><strong>Haszn\u00e1lati \u00fatmutat\u00f3<\/strong>: Permetezz\u00fck a k\u00e9sz\u00edtm\u00e9nyt 25-30 cm t\u00e1vols\u00e1gr\u00f3l a tiszt\u00edtani k\u00edv\u00e1nt fel\u00fcletre, majd sz\u00e1raz pap\u00edrt\u00f6rl\u0151vel t\u00f6r\u00f6lj\u00fck le.<\/li>\n<li><strong>Foszf\u00e1t-, kl\u00f3r-, parab\u00e9n-, p\u00e1lmaolaj- \u00e9s \u00e1llatk\u00eds\u00e9rlet mentes<\/strong>: Veg\u00e1n, biol\u00f3giailag leboml\u00f3.<\/li>\n<li><strong>Gazdas\u00e1gosan adagolhat\u00f3<\/strong>: Hosszan tart\u00f3 tiszt\u00edt\u00e1si \u00e9lm\u00e9ny.<\/li>\n<li><strong>\u00dajrat\u00f6lthet\u0151 flakon<\/strong>: Fenntarthat\u00f3 megold\u00e1s a k\u00f6rnyezet\u00e9rt.<\/li>\n<\/ul>\n<p>\u00c9lvezd a tiszta otthont \u00e9s a friss, \u00fcde illatot, amit a Naturcleaning Aromatherapy Univerz\u00e1lis Tiszt\u00edt\u00f3szer ny\u00fajt!<\/p>","protected":false},"excerpt":{"rendered":"<p>Ugye sz\u00e1modra is fontos, hogy az otthonod term\u00e9szetesen tiszta legyen? Naturcleaning Aromatherapy Univerz\u00e1lis Fel\u00fclet tiszt\u00edt\u00f3szer \u2013 Mandarin \u00e9s Cubeba Olajjal (500 ml) Tapasztald meg a tiszt\u00edt\u00e1s \u00faj dimenzi\u00f3j\u00e1t a Naturcleaning Aromatherapy Univerz\u00e1lis Tiszt\u00edt\u00f3szer\u00e9vel! A mandarin \u00e9s cubeba olaj friss\u00edt\u0151 kombin\u00e1ci\u00f3ja nemcsak hat\u00e9konyan tiszt\u00edt, hanem kellemes arom\u00e1t is k\u00f6lcs\u00f6n\u00f6z otthonodnak. F\u0151bb jellemz\u0151k: Term\u00e9szetes hat\u00e9konys\u00e1g: A hagyom\u00e1nyos [&hellip;]<\/p>\n","protected":false},"featured_media":23250,"comment_status":"open","ping_status":"closed","template":"","meta":{"_acf_changed":false},"product_brand":[],"product_cat":[24],"product_tag":[],"class_list":{"0":"post-256","1":"product","2":"type-product","3":"status-publish","4":"has-post-thumbnail","6":"product_cat-altalanos-tisztito-es-felmososzer","8":"first","9":"instock","10":"shipping-taxable","11":"purchasable","12":"product-type-simple"},"acf":[],"_links":{"self":[{"href":"https:\/\/naturcleaning.hu\/en\/wp-json\/wp\/v2\/product\/256","targetHints":{"allow":["GET"]}}],"collection":[{"href":"https:\/\/naturcleaning.hu\/en\/wp-json\/wp\/v2\/product"}],"about":[{"href":"https:\/\/naturcleaning.hu\/en\/wp-json\/wp\/v2\/types\/product"}],"replies":[{"embeddable":true,"href":"https:\/\/naturcleaning.hu\/en\/wp-json\/wp\/v2\/comments?post=256"}],"wp:featuredmedia":[{"embeddable":true,"href":"https:\/\/naturcleaning.hu\/en\/wp-json\/wp\/v2\/media\/23250"}],"wp:attachment":[{"href":"https:\/\/naturcleaning.hu\/en\/wp-json\/wp\/v2\/media?parent=256"}],"wp:term":[{"taxonomy":"product_brand","embeddable":true,"href":"https:\/\/naturcleaning.hu\/en\/wp-json\/wp\/v2\/product_brand?post=256"},{"taxonomy":"product_cat","embeddable":true,"href":"https:\/\/naturcleaning.hu\/en\/wp-json\/wp\/v2\/product_cat?post=256"},{"taxonomy":"product_tag","embeddable":true,"href":"https:\/\/naturcleaning.hu\/en\/wp-json\/wp\/v2\/product_tag?post=256"}],"curies":[{"name":"wp","href":"https:\/\/api.w.org\/{rel}","templated":true}]}}