{"id":25517,"date":"2024-04-23T08:01:29","date_gmt":"2024-04-23T08:01:29","guid":{"rendered":"https:\/\/naturcleaning.hu\/?post_type=product&#038;p=25517"},"modified":"2025-12-17T07:29:22","modified_gmt":"2025-12-17T07:29:22","slug":"a-viragtunderek-titkai-6-minka-es-a-varazskristalyok-mechler-anna","status":"publish","type":"product","link":"https:\/\/naturcleaning.hu\/en\/product\/a-viragtunderek-titkai-6-minka-es-a-varazskristalyok-mechler-anna\/","title":{"rendered":"A Vir\u00e1gt\u00fcnd\u00e9rek Titkai 6. - Minka \u00e9s a var\u00e1zskrist\u00e1lyok (Mechler Anna)"},"content":{"rendered":"<p>\u00daj \u00e9v, \u00faj var\u00e1zslat! A g\u00f6mbben ez\u00fattal a borsmenta t\u0171nik fel, \u00e9s Minka az a szerencs\u00e9s, aki a n\u00f6v\u00e9ny p\u00e1rtfog\u00f3ja lesz \u00e9s sz\u00ednes ruh\u00e1csk\u00e1t kap. Hamarosan v\u00e1ratlan bonyodalmak \u00e1rny\u00e9kolj\u00e1k be a t\u00fcnd\u00e9r mindennapjait: nem el\u00e9g, hogy a vihar miatt csak a k\u00f6nyvt\u00e1rban tud elkezdeni ismerkedni a n\u00f6v\u00e9nnyel, m\u00e1snap a r\u00e9ten is nehezen tal\u00e1l a v\u00e9denc\u00e9re. S ha mindez nem venn\u00e9 el a kedv\u00e9t az \u00faj feladat\u00e1t\u00f3l: tolvajok mer\u00e9szkednek a T\u00fcnd\u00e9rpalot\u00e1ba! Mire siker\u00fcl megoldani a rejt\u00e9lyeket, a var\u00e1zslatos krist\u00e1lyok hordoz\u00f3j\u00e1nak, a ment\u00e1nak a titkait is megismerhetik az olvas\u00f3k.<\/p>\n<p><b>B\u00e1jos, szerethet\u0151 t\u00fcnd\u00e9rek, \u00e9s egy titokzatos, \u00e9vezredek \u00f3ta ismert gy\u00f3gyn\u00f6v\u00e9ny - Mechler Anna \u00e9s L\u00e1ng Anna k\u00f6nyve ez\u00fattal is egy csod\u00e1latos vil\u00e1gba rep\u00edti az olvas\u00f3t, ahol sok ismeretet szerezhetnek a borsos menta gy\u00f3gyhat\u00e1sair\u00f3l is.<\/b><\/p>\n<div class=\"title\">Term\u00e9kadatok<\/div>\n<div>\n<div><span class=\"txt\">C\u00edm:\u00a0<\/span><span class=\"data\">A vir\u00e1gt\u00fcnd\u00e9rek titkai 6. - Minka \u00e9s a var\u00e1zskrist\u00e1lyok<\/span><\/div>\n<div><span class=\"txt\">Szerz\u0151:\u00a0<\/span><span class=\"data\"><a href=\"https:\/\/www.lira.hu\/hu\/szerzo\/mechler-anna\" target=\"_blank\" rel=\"noopener\">Mechler Anna<\/a><\/span><\/div>\n<div><span class=\"txt\">Kiad\u00f3:\u00a0<\/span><span class=\"data\"><a href=\"https:\/\/www.lira.hu\/hu\/kiado\/mano-konyvek\" target=\"_blank\" rel=\"noopener\">MAN\u00d3 K\u00d6NYVEK<\/a><\/span><\/div>\n<div><span class=\"txt\">Sorozat:\u00a0<\/span><span class=\"data\"><a href=\"https:\/\/www.lira.hu\/hu\/sorozat\/a-viragtunderek-titkai\" target=\"_blank\" rel=\"noopener\">A vir\u00e1gt\u00fcnd\u00e9rek titkai<\/a><\/span><\/div>\n<div><span class=\"txt\">Oldalak sz\u00e1ma:\u00a0<\/span><span class=\"data\">64<\/span><\/div>\n<div><span class=\"txt\">Megjelen\u00e9s:\u00a0<\/span><span class=\"data\">2024. m\u00e1rcius 21.<\/span><\/div>\n<div><span class=\"txt\">K\u00f6t\u00e9s:\u00a0<\/span><span class=\"data\">Kem\u00e9nyt\u00e1bl\u00e1s<\/span><\/div>\n<div><span class=\"txt\">ISBN:\u00a0<\/span><span class=\"data\">9789635844722<\/span><\/div>\n<div><span class=\"txt\">M\u00e9ret:\u00a0<\/span><span class=\"data\">196 mm x 196 mm<\/span><\/div>\n<\/div>","protected":false},"excerpt":{"rendered":"<p>\u00daj \u00e9v, \u00faj var\u00e1zslat! A g\u00f6mbben ez\u00fattal a borsmenta t\u0171nik fel, \u00e9s Minka az a szerencs\u00e9s, aki a n\u00f6v\u00e9ny p\u00e1rtfog\u00f3ja lesz \u00e9s sz\u00ednes ruh\u00e1csk\u00e1t kap. Hamarosan v\u00e1ratlan bonyodalmak \u00e1rny\u00e9kolj\u00e1k be a t\u00fcnd\u00e9r mindennapjait: nem el\u00e9g, hogy a vihar miatt csak a k\u00f6nyvt\u00e1rban tud elkezdeni ismerkedni a n\u00f6v\u00e9nnyel, m\u00e1snap a r\u00e9ten is nehezen tal\u00e1l a v\u00e9denc\u00e9re. [&hellip;]<\/p>\n","protected":false},"featured_media":25519,"comment_status":"open","ping_status":"closed","template":"","meta":{"_acf_changed":false},"product_brand":[],"product_cat":[32,35],"product_tag":[],"class_list":{"0":"post-25517","1":"product","2":"type-product","3":"status-publish","4":"has-post-thumbnail","6":"product_cat-ajandekotletek","7":"product_cat-szakkonyv","9":"first","10":"outofstock","11":"shipping-taxable","12":"purchasable","13":"product-type-simple"},"acf":[],"_links":{"self":[{"href":"https:\/\/naturcleaning.hu\/en\/wp-json\/wp\/v2\/product\/25517","targetHints":{"allow":["GET"]}}],"collection":[{"href":"https:\/\/naturcleaning.hu\/en\/wp-json\/wp\/v2\/product"}],"about":[{"href":"https:\/\/naturcleaning.hu\/en\/wp-json\/wp\/v2\/types\/product"}],"replies":[{"embeddable":true,"href":"https:\/\/naturcleaning.hu\/en\/wp-json\/wp\/v2\/comments?post=25517"}],"wp:featuredmedia":[{"embeddable":true,"href":"https:\/\/naturcleaning.hu\/en\/wp-json\/wp\/v2\/media\/25519"}],"wp:attachment":[{"href":"https:\/\/naturcleaning.hu\/en\/wp-json\/wp\/v2\/media?parent=25517"}],"wp:term":[{"taxonomy":"product_brand","embeddable":true,"href":"https:\/\/naturcleaning.hu\/en\/wp-json\/wp\/v2\/product_brand?post=25517"},{"taxonomy":"product_cat","embeddable":true,"href":"https:\/\/naturcleaning.hu\/en\/wp-json\/wp\/v2\/product_cat?post=25517"},{"taxonomy":"product_tag","embeddable":true,"href":"https:\/\/naturcleaning.hu\/en\/wp-json\/wp\/v2\/product_tag?post=25517"}],"curies":[{"name":"wp","href":"https:\/\/api.w.org\/{rel}","templated":true}]}}