{"id":254,"date":"2021-05-31T14:43:58","date_gmt":"2021-05-31T14:43:58","guid":{"rendered":"https:\/\/cudyfuture.nomaddigital.hu\/?post_type=product&#038;p=254"},"modified":"2025-09-16T18:57:43","modified_gmt":"2025-09-16T18:57:43","slug":"naturcleaning-aromaterapias-konyhai-tisztitoszer-500-ml","status":"publish","type":"product","link":"https:\/\/naturcleaning.hu\/en\/product\/naturcleaning-aromaterapias-konyhai-tisztitoszer-500-ml\/","title":{"rendered":"Naturcleaning Aromater\u00e1pi\u00e1s Konyhai tiszt\u00edt\u00f3szer 500 ml"},"content":{"rendered":"<p>Is it important for you to keep your kitchen clean, isn't it?<\/p>\n<p><strong>Unlike traditional cleaners, the Naturcleaning Aromatherapy Kitchen Cleaner does not cover the treated surface with chemicals, so neither your skin nor your furniture comes in contact with unnatural substances.<\/strong><\/p>\n<p>Naturcleaning kitchen cleaner cleans quickly and safely thanks to its rosemary and lavender oil content. Dissolves stubborn dirt without synthetic ingredients or harmful residues.<\/p>\n<p>Our goal with our NATURCLEANING philosophy of life and environmentally friendly products is to contribute to a clean and healthy home and work environment while taking as little space as possible away from wildlife and continuously reducing our ecological footprint.<\/p>\n<p><strong>Application:<\/strong> spray the product from a distance of 25-30 cm on the surface to be cleaned, then wipe with a dry paper towel.<br \/>\n<strong>Application areas:<\/strong> high-gloss furniture and all washable surfaces<\/p>","protected":false},"excerpt":{"rendered":"<p>Ugye sz\u00e1modra is fontos, hogy a konyh\u00e1d term\u00e9szetesen tiszta legyen? A hagyom\u00e1nyos tiszt\u00edt\u00f3szerekkel szemben a Naturcleaning aromater\u00e1pi\u00e1s konyhai tiszt\u00edt\u00f3 nem vonja be vegyszerekkel a kezelt fel\u00fcletet, \u00edgy sem a b\u0151r\u00f6d, sem a b\u00fatoraid nem \u00e9rintkeznek term\u00e9szetellenes anyagokkal. A Naturcleaning konyhai tiszt\u00edt\u00f3szer rozmaring-, \u00e9s levendulaolaj tartalm\u00e1nak k\u00f6sz\u00f6nhet\u0151en gyorsan \u00e9s biztons\u00e1gosan tiszt\u00edt. Feloldja a nehezen elt\u00e1vol\u00edthat\u00f3 szennyez\u0151d\u00e9seket [&hellip;]<\/p>\n","protected":false},"featured_media":20057,"comment_status":"open","ping_status":"closed","template":"","meta":{"_acf_changed":false},"product_brand":[],"product_cat":[24],"product_tag":[],"class_list":{"0":"post-254","1":"product","2":"type-product","3":"status-publish","4":"has-post-thumbnail","6":"product_cat-altalanos-tisztito-es-felmososzer","8":"first","9":"instock","10":"shipping-taxable","11":"purchasable","12":"product-type-simple"},"acf":[],"_links":{"self":[{"href":"https:\/\/naturcleaning.hu\/en\/wp-json\/wp\/v2\/product\/254","targetHints":{"allow":["GET"]}}],"collection":[{"href":"https:\/\/naturcleaning.hu\/en\/wp-json\/wp\/v2\/product"}],"about":[{"href":"https:\/\/naturcleaning.hu\/en\/wp-json\/wp\/v2\/types\/product"}],"replies":[{"embeddable":true,"href":"https:\/\/naturcleaning.hu\/en\/wp-json\/wp\/v2\/comments?post=254"}],"wp:featuredmedia":[{"embeddable":true,"href":"https:\/\/naturcleaning.hu\/en\/wp-json\/wp\/v2\/media\/20057"}],"wp:attachment":[{"href":"https:\/\/naturcleaning.hu\/en\/wp-json\/wp\/v2\/media?parent=254"}],"wp:term":[{"taxonomy":"product_brand","embeddable":true,"href":"https:\/\/naturcleaning.hu\/en\/wp-json\/wp\/v2\/product_brand?post=254"},{"taxonomy":"product_cat","embeddable":true,"href":"https:\/\/naturcleaning.hu\/en\/wp-json\/wp\/v2\/product_cat?post=254"},{"taxonomy":"product_tag","embeddable":true,"href":"https:\/\/naturcleaning.hu\/en\/wp-json\/wp\/v2\/product_tag?post=254"}],"curies":[{"name":"wp","href":"https:\/\/api.w.org\/{rel}","templated":true}]}}