{"id":252,"date":"2021-05-31T14:43:15","date_gmt":"2021-05-31T14:43:15","guid":{"rendered":"https:\/\/cudyfuture.nomaddigital.hu\/?post_type=product&#038;p=252"},"modified":"2025-09-16T19:06:17","modified_gmt":"2025-09-16T19:06:17","slug":"naturcleaning-specialis-tisztitoszer-kondigepekhez-fitness-sport-eszkozokhoz-500-ml","status":"publish","type":"product","link":"https:\/\/naturcleaning.hu\/en\/product\/naturcleaning-specialis-tisztitoszer-kondigepekhez-fitness-sport-eszkozokhoz-500-ml\/","title":{"rendered":"Naturcleaning speci\u00e1lis tiszt\u00edt\u00f3szer sporteszk\u00f6z\u00f6kh\u00f6z \u00e9s j\u00f3gamatracokhoz 500 ml"},"content":{"rendered":"<p>We always aim for high level of hygiene, it  is especially important in gyms and fitness rooms. Using Naturcleaning products can greatly increase our guests and our own comfort.<\/p>\n<p><strong>Application areas:<\/strong> sports equipment, yoga-pilates mat, punching bag, ball, dumbbell, step pad, skipping rope, gymstick, fitness machine, fitness machine and any washable surface<\/p>\n<p><strong>Application:<\/strong> spray the product from a distance of 25-30 cm on the surface to be cleaned, then wipe with a dry paper towel.<\/p>\n<p>&nbsp;<\/p>","protected":false},"excerpt":{"rendered":"<p>A konditermekben, fitnesstermekben k\u00fcl\u00f6n\u00f6sen fontos a magas szint\u0171 higi\u00e9n\u00e1ra val\u00f3 t\u00f6rekv\u00e9s. A Naturcleaning term\u00e9keket haszn\u00e1lva alaposan megn\u00f6vekedhet vend\u00e9geink \u00e9s a saj\u00e1t komfort\u00e9rzet\u00fcnk is. Alkalmaz\u00e1si ter\u00fcletek: sporteszk\u00f6z, j\u00f3ga-pilates sz\u0151nyeg, boxzs\u00e1k, labda, s\u00falyz\u00f3, step pad, ugr\u00e1l\u00f3k\u00f6t\u00e9l, gymstick, fitness g\u00e9p, kondig\u00e9p \u00e9s b\u00e1rmilyen moshat\u00f3 fel\u00fclethez Alkalmaz\u00e1s: a k\u00e9sz\u00edtm\u00e9nyt 25-30 cm t\u00e1vols\u00e1gr\u00f3l permetezz\u00fck a tiszt\u00edtani k\u00edv\u00e1nt fel\u00fcletre, melyet sz\u00e1raz [&hellip;]<\/p>\n","protected":false},"featured_media":29029,"comment_status":"open","ping_status":"closed","template":"","meta":{"_acf_changed":false},"product_brand":[],"product_cat":[61,24],"product_tag":[],"class_list":{"0":"post-252","1":"product","2":"type-product","3":"status-publish","4":"has-post-thumbnail","6":"product_cat-a-sportok-szerelmeseinek-crossfit-funkcionalis-fitness-sport-silk-hammock-joga","7":"product_cat-altalanos-tisztito-es-felmososzer","9":"first","10":"instock","11":"shipping-taxable","12":"purchasable","13":"product-type-simple"},"acf":[],"_links":{"self":[{"href":"https:\/\/naturcleaning.hu\/en\/wp-json\/wp\/v2\/product\/252","targetHints":{"allow":["GET"]}}],"collection":[{"href":"https:\/\/naturcleaning.hu\/en\/wp-json\/wp\/v2\/product"}],"about":[{"href":"https:\/\/naturcleaning.hu\/en\/wp-json\/wp\/v2\/types\/product"}],"replies":[{"embeddable":true,"href":"https:\/\/naturcleaning.hu\/en\/wp-json\/wp\/v2\/comments?post=252"}],"wp:featuredmedia":[{"embeddable":true,"href":"https:\/\/naturcleaning.hu\/en\/wp-json\/wp\/v2\/media\/29029"}],"wp:attachment":[{"href":"https:\/\/naturcleaning.hu\/en\/wp-json\/wp\/v2\/media?parent=252"}],"wp:term":[{"taxonomy":"product_brand","embeddable":true,"href":"https:\/\/naturcleaning.hu\/en\/wp-json\/wp\/v2\/product_brand?post=252"},{"taxonomy":"product_cat","embeddable":true,"href":"https:\/\/naturcleaning.hu\/en\/wp-json\/wp\/v2\/product_cat?post=252"},{"taxonomy":"product_tag","embeddable":true,"href":"https:\/\/naturcleaning.hu\/en\/wp-json\/wp\/v2\/product_tag?post=252"}],"curies":[{"name":"wp","href":"https:\/\/api.w.org\/{rel}","templated":true}]}}