{"id":250,"date":"2021-05-31T14:40:21","date_gmt":"2021-05-31T14:40:21","guid":{"rendered":"https:\/\/cudyfuture.nomaddigital.hu\/?post_type=product&#038;p=250"},"modified":"2025-09-16T19:07:13","modified_gmt":"2025-09-16T19:07:13","slug":"cudy-illat-es-allergenmentes-szodabikarbona-1-kg","status":"publish","type":"product","link":"https:\/\/naturcleaning.hu\/en\/product\/cudy-illat-es-allergenmentes-szodabikarbona-1-kg\/","title":{"rendered":"Odour free and allergen free baking soda 1 kg"},"content":{"rendered":"<p style=\"text-align: center\"><strong>Our grandparents' well-proven, versatile household remedy, baking soda is one of the best eco-cleaners<\/strong><\/p>\n<p><strong>Features:<\/strong><br \/>\n-Environmentally conscious<br \/>\n-Of course very effective<br \/>\n-Smell and allergen free<br \/>\n- Good absorbent<br \/>\n-Grease-releasing and deodorizing effect<br \/>\n-phosphate-free, chlorine-free, paraben-free, cruelty-free, palm oil-free, vegan<br \/>\n-Biodegradable<\/p>\n<p><strong>Description:<\/strong><br \/>\nBaking soda is a substance that is highly soluble in warm water and is a universal cleaner that is maximally environmentally friendly and harmless. It can be used to remove grease stains, coffee and tea stains, to clean dishes and ovens, to remove burnt food residues, to clean tiles, washbasins and toilets.<br \/>\nBaking soda for deodorization: If you put baking soda in an open box in the refrigerator and freezer, it will remove the unpleasant odour. Stir and invert from time to time, and replace after two months. Baking soda is also suitable for eliminating foot odours when sprayed into shoes, boots and slippers. You can also use baking soda to deodorize cat litter. To refresh the mattress in the bedroom, sprinkle baking soda on it, let it stand, and then vacuum it. You can make an excellent air freshener from 8 tablespoons of baking soda and a few drops of essential oil.<br \/>\nBaking soda for fat degreasing: Sprinkle the burnt pan with baking soda and moisten with water, then let it stand for 1 day. The next day, you can easily rub the burnt dirt off the pan. You can use a paste made from a mixture of baking soda or baking soda + water to clean the stove or grill.<\/p>\n<p>Baking Soda for Bathroom Cleaning: Prepare a baking soda solution (360 grams of baking soda is recommended for half a cup of water) and then spray directly on the area to be cleaned. Rub thoroughly with a dishwashing sponge, then rinse with water. This can also remove mold and soap residue.<\/p>\n<p>Baking Soda Detergent for \u201cTurbocharging\u201d: It may sound commonplace, but you can really add more color to your clothes by adding 100 grams of baking soda to your regular detergent. In addition, baking soda softens the water, so you can save on detergent.<\/p>\n<p>Baking soda is also suitable for cleaning and polishing metal objects and for cleaning stainless steel.<\/p>","protected":false},"excerpt":{"rendered":"<p>Nagysz\u00fcleink j\u00f3l bev\u00e1lt, sokoldal\u00fa h\u00e1ztart\u00e1si csodaszere, a sz\u00f3dabikarb\u00f3na az egyik legjobb \u00f6ko-takar\u00edt\u00f3szer Jellemz\u0151i: -K\u00f6rnyezettudatos, -Term\u00e9szetesen hat\u00e9kony -Illat \u00e9s allerg\u00e9nmentes - J\u00f3 nedvsz\u00edv\u00f3 -Zs\u00edrold\u00f3 \u00e9s szagtalan\u00edt\u00f3 hat\u00e1s\u00fa -foszf\u00e1tmentes, kl\u00f3rmentes, parab\u00e9nmentes, \u00e1llatk\u00eds\u00e9rlet mentes, p\u00e1lmaolaj mentes, veg\u00e1n -Biol\u00f3giailag leboml\u00f3 Le\u00edr\u00e1s: A sz\u00f3dabikarb\u00f3na meleg v\u00edzben j\u00f3l old\u00f3d\u00f3 anyag, egy maxim\u00e1lisan k\u00f6rnyezetbar\u00e1t \u00e9s \u00e1rtalmatlan univerz\u00e1lis tiszt\u00edt\u00f3szer. Felhaszn\u00e1lhat\u00f3 zs\u00edrfoltok, k\u00e1v\u00e9- \u00e9s [&hellip;]<\/p>\n","protected":false},"featured_media":23236,"comment_status":"open","ping_status":"closed","template":"","meta":{"_acf_changed":false},"product_brand":[],"product_cat":[24,19,17,22],"product_tag":[],"class_list":{"0":"post-250","1":"product","2":"type-product","3":"status-publish","4":"has-post-thumbnail","6":"product_cat-altalanos-tisztito-es-felmososzer","7":"product_cat-mosogatoszer","8":"product_cat-mososzer","9":"product_cat-cudy-illat-es-allergenmentes-tisztitoszer","11":"first","12":"instock","13":"shipping-taxable","14":"purchasable","15":"product-type-simple"},"acf":[],"_links":{"self":[{"href":"https:\/\/naturcleaning.hu\/en\/wp-json\/wp\/v2\/product\/250","targetHints":{"allow":["GET"]}}],"collection":[{"href":"https:\/\/naturcleaning.hu\/en\/wp-json\/wp\/v2\/product"}],"about":[{"href":"https:\/\/naturcleaning.hu\/en\/wp-json\/wp\/v2\/types\/product"}],"replies":[{"embeddable":true,"href":"https:\/\/naturcleaning.hu\/en\/wp-json\/wp\/v2\/comments?post=250"}],"wp:featuredmedia":[{"embeddable":true,"href":"https:\/\/naturcleaning.hu\/en\/wp-json\/wp\/v2\/media\/23236"}],"wp:attachment":[{"href":"https:\/\/naturcleaning.hu\/en\/wp-json\/wp\/v2\/media?parent=250"}],"wp:term":[{"taxonomy":"product_brand","embeddable":true,"href":"https:\/\/naturcleaning.hu\/en\/wp-json\/wp\/v2\/product_brand?post=250"},{"taxonomy":"product_cat","embeddable":true,"href":"https:\/\/naturcleaning.hu\/en\/wp-json\/wp\/v2\/product_cat?post=250"},{"taxonomy":"product_tag","embeddable":true,"href":"https:\/\/naturcleaning.hu\/en\/wp-json\/wp\/v2\/product_tag?post=250"}],"curies":[{"name":"wp","href":"https:\/\/api.w.org\/{rel}","templated":true}]}}