{"id":24904,"date":"2024-03-26T08:43:55","date_gmt":"2024-03-26T08:43:55","guid":{"rendered":"https:\/\/naturcleaning.hu\/?post_type=product&#038;p=24904"},"modified":"2026-02-11T18:47:02","modified_gmt":"2026-02-11T18:47:02","slug":"naturcleaning-granatalma-mosogel-4l","status":"publish","type":"product","link":"https:\/\/naturcleaning.hu\/en\/product\/naturcleaning-granatalma-mosogel-4l\/","title":{"rendered":"Naturcleaning Gr\u00e1n\u00e1talma hipoallerg\u00e9n mos\u00f3g\u00e9l 4 liter"},"content":{"rendered":"<p style=\"text-align: center\"><strong>A Naturcleaning Gr\u00e1n\u00e1talma hipoallerg\u00e9n mos\u00f3g\u00e9l seg\u00edti a ruh\u00e1k sz\u00edn\u00e9nek megtart\u00e1s\u00e1t, legyen sz\u00f3 sz\u00ednes, vagy vil\u00e1gos text\u00edli\u00e1r\u00f3l.<\/strong><\/p>\n<p style=\"text-align: center\"><strong>Green Brand award winning brand<\/strong><\/p>\n<p><strong>Features:<\/strong><br \/>\n-Pleasant pomegranate scent<br \/>\n-Environmentally conscious, skin-friendly detergent<br \/>\n-Of course very effective<br \/>\n-Plant ingredients<br \/>\n-Hypoallergenic<br \/>\n- Effective even at low temperatures<br \/>\n- for colored and white clothes<br \/>\n-Can be used for both machine and hand washing<br \/>\n-It is washable and suitable for bamboo nappies<br \/>\n-phosphate-free, chlorine-free, paraben-free, cruelty-free, palm oil-free, vegan<br \/>\n-Biodegradable<br \/>\n-Economical dosing<br \/>\n-Soft towels, velvety clothes<br \/>\n-Hungarian product<br \/>\n-Refillable bottle<\/p>\n<p><strong>Description:<\/strong><br \/>\nto use a separate fabric softener, your clothes will be soft and silky.<br \/>\nk\u00fcl\u00f6n \u00f6bl\u00edt\u0151 haszn\u00e1lat\u00e1ra, ruh\u00e1i puh\u00e1k, selymesek lesznek.<br \/>\nThe hypoallergenic Pomegranate Wash Gel was made from corn and coconut oil, containing chlorine, phosphate and<br \/>\nwithout the use of parabens. During the development of the VEGAN washing gel - like our other products - we did not test on animals!<br \/>\nThey can be used for both machine and hand washing. Thanks to its special composition, which can be rinsed very well, we can put on clothes with a pleasant smell and a clean, soft touch even after using a rinse aid. No white detergent residue remains in the fabric.<br \/>\nNaturcleaning Hypoallergenic detergent gently cleanses, perfect for both wool and silk fabrics. It does not contain cellulase enzyme, so it is also suitable for washing bamboo nappies.<\/p>\n<p><strong>Naturcleaning washing gel concentrate is made from naturally occurring ingredients<\/strong>, so by adding a little washing gel you can get perfect results.<br \/>\nDue to its natural based composition, it does not pollute the environment. It does not pollute our living waters as it is completely biodegradable.<br \/>\nIt can be used successfully for washing sensitive fabrics even with cold water washing.<br \/>\n4 liters of washing gel is enough for up to 70 washes<\/p>","protected":false},"excerpt":{"rendered":"<p>A Naturcleaning Gr\u00e1n\u00e1talma hipoallerg\u00e9n mos\u00f3g\u00e9l seg\u00edti a ruh\u00e1k sz\u00edn\u00e9nek megtart\u00e1s\u00e1t, legyen sz\u00f3 sz\u00ednes, vagy vil\u00e1gos text\u00edli\u00e1r\u00f3l. Green Brand d\u00edjas m\u00e1rka. Jellemz\u0151i: -Kellemes gr\u00e1n\u00e1talma illat -K\u00f6rnyezettudatos, b\u0151rbar\u00e1t mos\u00f3szer -Term\u00e9szetesen hat\u00e9kony -N\u00f6v\u00e9nyi \u00f6sszetev\u0151k -Hypoallerg\u00e9n - Alacsony h\u0151fokon is hat\u00e9kony - sz\u00ednes \u00e9s feh\u00e9r ruh\u00e1khoz -G\u00e9pi \u00e9s k\u00e9zi mos\u00e1shoz egyar\u00e1nt alkalmazhat\u00f3 -Moshat\u00f3 \u00e9s bambusz pelenk\u00e1khoz is kiv\u00e1l\u00f3 -foszf\u00e1tmentes, [&hellip;]<\/p>\n","protected":false},"featured_media":24914,"comment_status":"open","ping_status":"closed","template":"","meta":{"_acf_changed":false},"product_brand":[],"product_cat":[17,645],"product_tag":[693],"class_list":{"0":"post-24904","1":"product","2":"type-product","3":"status-publish","4":"has-post-thumbnail","6":"product_cat-mososzer","7":"product_cat-penztar_slider","8":"product_tag-70-mosas","10":"first","11":"instock","12":"shipping-taxable","13":"purchasable","14":"product-type-simple"},"acf":[],"_links":{"self":[{"href":"https:\/\/naturcleaning.hu\/en\/wp-json\/wp\/v2\/product\/24904","targetHints":{"allow":["GET"]}}],"collection":[{"href":"https:\/\/naturcleaning.hu\/en\/wp-json\/wp\/v2\/product"}],"about":[{"href":"https:\/\/naturcleaning.hu\/en\/wp-json\/wp\/v2\/types\/product"}],"replies":[{"embeddable":true,"href":"https:\/\/naturcleaning.hu\/en\/wp-json\/wp\/v2\/comments?post=24904"}],"wp:featuredmedia":[{"embeddable":true,"href":"https:\/\/naturcleaning.hu\/en\/wp-json\/wp\/v2\/media\/24914"}],"wp:attachment":[{"href":"https:\/\/naturcleaning.hu\/en\/wp-json\/wp\/v2\/media?parent=24904"}],"wp:term":[{"taxonomy":"product_brand","embeddable":true,"href":"https:\/\/naturcleaning.hu\/en\/wp-json\/wp\/v2\/product_brand?post=24904"},{"taxonomy":"product_cat","embeddable":true,"href":"https:\/\/naturcleaning.hu\/en\/wp-json\/wp\/v2\/product_cat?post=24904"},{"taxonomy":"product_tag","embeddable":true,"href":"https:\/\/naturcleaning.hu\/en\/wp-json\/wp\/v2\/product_tag?post=24904"}],"curies":[{"name":"wp","href":"https:\/\/api.w.org\/{rel}","templated":true}]}}