{"id":24620,"date":"2024-03-06T12:26:24","date_gmt":"2024-03-06T12:26:24","guid":{"rendered":"https:\/\/naturcleaning.hu\/?post_type=product&#038;p=24620"},"modified":"2024-12-19T21:39:23","modified_gmt":"2024-12-19T21:39:23","slug":"naturcleaning-gold-rosemary-mosogel-4-liter","status":"publish","type":"product","link":"https:\/\/naturcleaning.hu\/en\/product\/naturcleaning-gold-rosemary-mosogel-4-liter\/","title":{"rendered":"Naturcleaning Gold Rosemary hipoallerg\u00e9n mos\u00f3g\u00e9l 4 liter"},"content":{"rendered":"<p>Phosphate is mostly used to soften water, but this has a serious impact on the environment: it leads to eutrophication (increase of the nitrogen and phosphorus level in living waters, this causes algae  growth in the water). Choose enzymatic Naturcleaning Gold Rosemary Washing Gel instead of phosphate detergent!<\/p>\n<p class=\"translation-block\">Enzymes are proteins that are natural substances, so avoiding them does not harm the environment.<\/p>\n<p>The enzymes act as catalysts in the wash gel: \nby breaking down the dirt, the other ingredients help to remove those from the clothes<span lang=\"EN-US\">\u00f3<\/span>g<span lang=\"EN-US\">\u00e9<\/span>lben az enzimek kataliz<span lang=\"EN-US\">\u00e1<\/span>tork<span lang=\"EN-US\">\u00e9<\/span>nt m\u0171k<span lang=\"EN-US\">\u00f6<\/span>dnek: a szennyez\u0151d<span lang=\"EN-US\">\u00e9<\/span>sek feldarabol<span lang=\"EN-US\">\u00e1<\/span>sa r<span lang=\"EN-US\">\u00e9<\/span>v<span lang=\"EN-US\">\u00e9<\/span>n teszik lehet\u0151v<span lang=\"EN-US\">\u00e9<\/span>, hogy azokat egy<span lang=\"EN-US\">\u00e9<\/span>b\u00a0<span lang=\"EN-US\">\u00f6<\/span>sszetev\u0151k elt<span lang=\"EN-US\">\u00e1<\/span>vol<span lang=\"EN-US\">\u00ed<\/span>ts<span lang=\"EN-US\">\u00e1<\/span>k a ruh<span lang=\"EN-US\">\u00e1<\/span>b<span lang=\"EN-US\">\u00f3<\/span>l.<\/p>\n<p>The innovative enzyme complex of our washing gel allows to remove traces of grass, meat and fruit stains, greasy, oily stains, and chocolate and ice cream from clothes. It also allows the fluff of the fabric to be broken down, making the garment feel softer with a brighter color because of the changed refraction.<span lang=\"EN-US\">\u00f3<\/span>g<span lang=\"EN-US\">\u00e9<\/span>l<span lang=\"EN-US\">\u00fc<\/span>nk innovat<span lang=\"EN-US\">\u00ed<\/span>v enzim komplexe lehet\u0151v<span lang=\"EN-US\">\u00e9<\/span>\u00a0teszi a f\u0171, h<span lang=\"EN-US\">\u00fa<\/span>sl<span lang=\"EN-US\">\u00e9<\/span><span lang=\"EN-US\">\u00a0<\/span><span lang=\"EN-US\">\u00e9<\/span>s gy<span lang=\"EN-US\">\u00fc<\/span>m<span lang=\"EN-US\">\u00f6<\/span>lcsfoltok, a zs<span lang=\"EN-US\">\u00ed<\/span>ros, olajos foltok, illetve a csokol<span lang=\"EN-US\">\u00e1<\/span>d<span lang=\"EN-US\">\u00e9<\/span><span lang=\"EN-US\">\u00a0<\/span><span lang=\"EN-US\">\u00e9<\/span>s fagylalt nyomainak elt<span lang=\"EN-US\">\u00fc<\/span>ntet<span lang=\"EN-US\">\u00e9<\/span>s<span lang=\"EN-US\">\u00e9<\/span>t a ruh<span lang=\"EN-US\">\u00e1<\/span>kb<span lang=\"EN-US\">\u00f3<\/span>l. Lehet\u0151v<span lang=\"EN-US\">\u00e9<\/span>\u00a0teszi tov<span lang=\"EN-US\">\u00e1<\/span>bb<span lang=\"EN-US\">\u00e1<\/span>\u00a0a sz<span lang=\"EN-US\">\u00f6<\/span>vet bolyhainak lebont<span lang=\"EN-US\">\u00e1<\/span>s<span lang=\"EN-US\">\u00e1<\/span>t,\u00a0<span lang=\"EN-US\">\u00ed<\/span>gy a ruha tapint<span lang=\"EN-US\">\u00e1<\/span>sa puh<span lang=\"EN-US\">\u00e1<\/span>bb, sz<span lang=\"EN-US\">\u00ed<\/span>ne pedig a megv<span lang=\"EN-US\">\u00e1<\/span>ltozott f<span lang=\"EN-US\">\u00e9<\/span>nyt<span lang=\"EN-US\">\u00f6<\/span>r<span lang=\"EN-US\">\u00e9<\/span>s miatt f<span lang=\"EN-US\">\u00e9<\/span>nyesebb lesz.<\/p>","protected":false},"excerpt":{"rendered":"<p>A v\u00edz l\u00e1gy\u00edt\u00e1s\u00e1ra legink\u00e1bb foszf\u00e1tot haszn\u00e1lnak, ennek azonban komoly k\u00f6rnyezetterhel\u0151 hat\u00e1sa van: eutrofiz\u00e1ci\u00f3hoz (vagyis a nitrog\u00e9n \u00e9s foszfor \u00e9l\u0151vizekben val\u00f3 feld\u00fasul\u00e1s\u00e1hoz, ez\u00e1ltal a v\u00edz elalg\u00e1sod\u00e1s\u00e1hoz) vezet. A foszf\u00e1tos mos\u00f3szer helyett v\u00e1lasszunk enzimes Naturcleaning Gold Rosemary Mos\u00f3g\u00e9lt! Az enzimek a feh\u00e9rj\u00e9k k\u00f6z\u00e9\u00a0tartoznak, term\u00e9szetes anyagok,\u00a0\u00edgy kiker\u00fclve a k\u00f6rnyezetet nem k\u00e1ros\u00edtj\u00e1k. A mos\u00f3g\u00e9lben az enzimek kataliz\u00e1tork\u00e9nt m\u0171k\u00f6dnek: a [&hellip;]<\/p>\n","protected":false},"featured_media":24623,"comment_status":"open","ping_status":"closed","template":"","meta":{"_acf_changed":false},"product_brand":[],"product_cat":[17],"product_tag":[693],"class_list":{"0":"post-24620","1":"product","2":"type-product","3":"status-publish","4":"has-post-thumbnail","6":"product_cat-mososzer","7":"product_tag-70-mosas","9":"first","10":"instock","11":"shipping-taxable","12":"purchasable","13":"product-type-simple"},"acf":[],"_links":{"self":[{"href":"https:\/\/naturcleaning.hu\/en\/wp-json\/wp\/v2\/product\/24620","targetHints":{"allow":["GET"]}}],"collection":[{"href":"https:\/\/naturcleaning.hu\/en\/wp-json\/wp\/v2\/product"}],"about":[{"href":"https:\/\/naturcleaning.hu\/en\/wp-json\/wp\/v2\/types\/product"}],"replies":[{"embeddable":true,"href":"https:\/\/naturcleaning.hu\/en\/wp-json\/wp\/v2\/comments?post=24620"}],"wp:featuredmedia":[{"embeddable":true,"href":"https:\/\/naturcleaning.hu\/en\/wp-json\/wp\/v2\/media\/24623"}],"wp:attachment":[{"href":"https:\/\/naturcleaning.hu\/en\/wp-json\/wp\/v2\/media?parent=24620"}],"wp:term":[{"taxonomy":"product_brand","embeddable":true,"href":"https:\/\/naturcleaning.hu\/en\/wp-json\/wp\/v2\/product_brand?post=24620"},{"taxonomy":"product_cat","embeddable":true,"href":"https:\/\/naturcleaning.hu\/en\/wp-json\/wp\/v2\/product_cat?post=24620"},{"taxonomy":"product_tag","embeddable":true,"href":"https:\/\/naturcleaning.hu\/en\/wp-json\/wp\/v2\/product_tag?post=24620"}],"curies":[{"name":"wp","href":"https:\/\/api.w.org\/{rel}","templated":true}]}}