{"id":246,"date":"2021-05-31T14:36:33","date_gmt":"2021-05-31T12:36:33","guid":{"rendered":"https:\/\/cudyfuture.nomaddigital.hu\/?post_type=product&#038;p=246"},"modified":"2026-02-11T17:44:10","modified_gmt":"2026-02-11T17:44:10","slug":"sensitive-illat-es-allergenmentes-citromsavas-vizkooldo-05-liter","status":"publish","type":"product","link":"https:\/\/naturcleaning.hu\/en\/product\/sensitive-illat-es-allergenmentes-citromsavas-vizkooldo-05-liter\/","title":{"rendered":"Sensitive illat \u00e9s allerg\u00e9n mentes citromsavas v\u00edzk\u0151old\u00f3 500 ml"},"content":{"rendered":"<p style=\"text-align: center\"><strong>Special product line for allergy sufferers. Green Brand Award Winning Brand.<\/strong><\/p>\n<p><strong>Features:<\/strong><br \/>\n- Removes scale<br \/>\n-Environmentally conscious, skin friendly<br \/>\n-Of course very effective<br \/>\nNaturcleaning Sensitive citric acid descaling spray removes limescale and deposits with the natural power of citric acid, thus contributing to hygienic cleanliness. Effectively removes scale and soap deposits in water blocks. Ideal cleaner for kitchens, bathrooms and toilets. Effectively dissolves limescale on stainless steel faucets, chrome-plated surfaces and stone coverings. You can also use it to clean water blocks and drains.<br \/>\n-Smell and allergen free<br \/>\n-phosphate-free, chlorine-free, paraben-free, cruelty-free, vegan<br \/>\n-Biodegradable<br \/>\n-Hungarian product<br \/>\n-Refillable bottle<\/p>\n<p><strong>Description:<\/strong><br \/>\nA Naturcleaning Sensitive citromsavas v\u00edzk\u0151old\u00f3 spray a citromsav term\u00e9szetes erej\u00e9vel t\u00e1vol\u00edtja el a v\u00edzk\u00f6vet \u00e9s a lerak\u00f3d\u00e1sokat, \u00edgy hozz\u00e1j\u00e1rul a higi\u00e9nikus tisztas\u00e1ghoz. Hat\u00e9konyan elt\u00e1vol\u00edtja a vizesblokkokban keletkez\u0151 v\u00edzk\u00f6vet, szappanlerak\u00f3d\u00e1sokat. Konyh\u00e1k, f\u00fcrd\u0151szob\u00e1k, WC-k ide\u00e1lis tiszt\u00edt\u00f3szere. Hat\u00e9konyan oldja a v\u00edzk\u00f6vet rozsdamentes csaptelepekr\u0151l, kr\u00f3mozott fel\u00fcletekr\u0151l, k\u0151burkolatokr\u00f3l. Haszn\u00e1lhatja vizes blokkok \u00e9s lefoly\u00f3k tiszt\u00e1s\u00e1ra is.<br \/>\nDue to its natural based composition, it does not pollute the environment. It does not pollute our living waters as it is completely biodegradable.<br \/>\nApplication: Spray directly on the surface or pour on the surface to be cleaned and leave to stand for 1-5 minutes, then rinse thoroughly with clean water. Repeat if necessary.<br \/>\nBefore use, perform a test cleaning in a less visible place.<\/p>","protected":false},"excerpt":{"rendered":"<p>Speci\u00e1lis term\u00e9kcsal\u00e1d allergi\u00e1ban szenved\u0151knek. Green Brand d\u00edjas m\u00e1rka. Jellemz\u0151i: - Elt\u00e1vol\u00edtja a v\u00edzk\u00f6vet -K\u00f6rnyezettudatos, b\u0151rbar\u00e1t -Term\u00e9szetesen hat\u00e9kony - N\u00f6v\u00e9nyi \u00f6sszetev\u0151k -Illat \u00e9s allerg\u00e9nmentes -foszf\u00e1tmentes, kl\u00f3rmentes, parab\u00e9nmentes, \u00e1llatk\u00eds\u00e9rlet mentes, veg\u00e1n -Biol\u00f3giailag leboml\u00f3 -Magyar term\u00e9k -\u00dajrat\u00f6lthet\u0151 flakon Le\u00edr\u00e1s: A Naturcleaning Sensitive citromsavas v\u00edzk\u0151old\u00f3 spray a citromsav term\u00e9szetes erej\u00e9vel t\u00e1vol\u00edtja el a v\u00edzk\u00f6vet \u00e9s a lerak\u00f3d\u00e1sokat, \u00edgy hozz\u00e1j\u00e1rul [&hellip;]<\/p>\n","protected":false},"featured_media":2430,"comment_status":"open","ping_status":"closed","template":"","meta":{"_acf_changed":false},"product_brand":[],"product_cat":[24,22,25],"product_tag":[],"class_list":{"0":"post-246","1":"product","2":"type-product","3":"status-publish","4":"has-post-thumbnail","6":"product_cat-altalanos-tisztito-es-felmososzer","7":"product_cat-cudy-illat-es-allergenmentes-tisztitoszer","8":"product_cat-wc-higieniai-termek","10":"first","11":"instock","12":"shipping-taxable","13":"purchasable","14":"product-type-simple"},"acf":[],"_links":{"self":[{"href":"https:\/\/naturcleaning.hu\/en\/wp-json\/wp\/v2\/product\/246","targetHints":{"allow":["GET"]}}],"collection":[{"href":"https:\/\/naturcleaning.hu\/en\/wp-json\/wp\/v2\/product"}],"about":[{"href":"https:\/\/naturcleaning.hu\/en\/wp-json\/wp\/v2\/types\/product"}],"replies":[{"embeddable":true,"href":"https:\/\/naturcleaning.hu\/en\/wp-json\/wp\/v2\/comments?post=246"}],"wp:featuredmedia":[{"embeddable":true,"href":"https:\/\/naturcleaning.hu\/en\/wp-json\/wp\/v2\/media\/2430"}],"wp:attachment":[{"href":"https:\/\/naturcleaning.hu\/en\/wp-json\/wp\/v2\/media?parent=246"}],"wp:term":[{"taxonomy":"product_brand","embeddable":true,"href":"https:\/\/naturcleaning.hu\/en\/wp-json\/wp\/v2\/product_brand?post=246"},{"taxonomy":"product_cat","embeddable":true,"href":"https:\/\/naturcleaning.hu\/en\/wp-json\/wp\/v2\/product_cat?post=246"},{"taxonomy":"product_tag","embeddable":true,"href":"https:\/\/naturcleaning.hu\/en\/wp-json\/wp\/v2\/product_tag?post=246"}],"curies":[{"name":"wp","href":"https:\/\/api.w.org\/{rel}","templated":true}]}}