{"id":244,"date":"2021-05-31T14:31:34","date_gmt":"2021-05-31T12:31:34","guid":{"rendered":"https:\/\/cudyfuture.nomaddigital.hu\/?post_type=product&#038;p=244"},"modified":"2025-09-16T19:01:18","modified_gmt":"2025-09-16T19:01:18","slug":"cudy-citromsav-1-kg","status":"publish","type":"product","link":"https:\/\/naturcleaning.hu\/en\/product\/cudy-citromsav-1-kg\/","title":{"rendered":"Citromsav 900 g"},"content":{"rendered":"<p style=\"text-align: center\"><strong>Dissolves stubborn limescale in kettles, coffee makers, washing machines and dishwashers. Natural citric acid can be used throughout the household.<\/strong><\/p>\n<p><strong>Features:<\/strong><br \/>\n-Environmentally conscious<br \/>\n-Smell and allergen free<br \/>\n-Of course very effective<br \/>\n- H\u00e1ztart\u00e1si g\u00e9pek v\u00edzk\u0151telen\u00edt\u00e9s\u00e9re<br \/>\n-phosphate-free, chlorine-free, paraben-free, cruelty-free, palm oil-free, vegan<br \/>\n-Biodegradable<\/p>\n<p><strong>Description:<\/strong><br \/>\nK\u00f6rnyezetbar\u00e1t v\u00edzk\u0151old\u00f3<br \/>\nA citromsav egy term\u00e9szetes, gyenge sav mely kiv\u00e1l\u00f3 v\u00edzk\u0151old\u00f3 hat\u00e1ssal b\u00edr. Alkalmas h\u00e1ztart\u00e1si g\u00e9pek<br \/>\nv\u00edzk\u0151telen\u00edt\u00e9s\u00e9re (k\u00e1v\u00e9f\u0151z\u0151, teaf\u0151z\u0151, mos\u00f3g\u00e9p)Az ecetes tisztit\u00e1ssal ellent\u00e9tben a k\u00e9sz\u00fcl\u00e9k szagtalan marad.<br \/>\nAlkalmazhat\u00f3 f\u00e9mfel\u00fcletek (csaptelep, ed\u00e9nyek, mosogat\u00f3) valamint csempe v\u00edzk\u0151telen\u00edt\u00e9s\u00e9re is.<br \/>\nFor machine washing instead of rinsing: Anyone who does not like the smell of vinegar but would not like to continue rinsing can try citric acid in water.<br \/>\nPut 1-2 teaspoons of citric acid in a smaller bowl, then release from the tap with lukewarm or warm water, stir until the citric acid dissolves, then fill the rinsing compartment. Essential oil can be added as required.<br \/>\nWhen added to a dishwasher detergent: Adding 1-2 teaspoons of citric acid to the dishwashing detergent can help prevent the glasses from becoming opaque.<br \/>\nTo descale the washing machine: add 2-3 tablespoons of citric acid to the empty drum and start a short program at 40 \u00b0 C without clothes.<br \/>\nV\u00edz forral\u00f3 tiszt\u00edt\u00e1s\u00e1hoz: Elv\u00edzk\u00f6vesedett v\u00edz forral\u00f3ba adagolj literenk\u00e9nt1-3 ev\u0151kan\u00e1l citromsavat, majd hagyd \u00e1llni.<\/p>","protected":false},"excerpt":{"rendered":"<p>Feloldja a makacs v\u00edzk\u00f6vet a v\u00edzforral\u00f3k, k\u00e1v\u00e9f\u0151z\u0151k, mos\u00f3g\u00e9pek \u00e9s mosogat\u00f3g\u00e9pek eset\u00e9n. A term\u00e9szetes citromsav a teljes h\u00e1ztart\u00e1sban alkalmazhat\u00f3. Jellemz\u0151i: -K\u00f6rnyezettudatos -Illat \u00e9s allerg\u00e9nmentes -Term\u00e9szetesen hat\u00e9kony - H\u00e1ztart\u00e1si g\u00e9pek v\u00edzk\u0151telen\u00edt\u00e9s\u00e9re -foszf\u00e1tmentes, kl\u00f3rmentes, parab\u00e9nmentes, \u00e1llatk\u00eds\u00e9rlet mentes, p\u00e1lmaolaj mentes, veg\u00e1n -Biol\u00f3giailag leboml\u00f3 Le\u00edr\u00e1s: K\u00f6rnyezetbar\u00e1t v\u00edzk\u0151old\u00f3 A citromsav egy term\u00e9szetes, gyenge sav mely kiv\u00e1l\u00f3 v\u00edzk\u0151old\u00f3 hat\u00e1ssal b\u00edr. Alkalmas h\u00e1ztart\u00e1si [&hellip;]<\/p>\n","protected":false},"featured_media":18411,"comment_status":"open","ping_status":"closed","template":"","meta":{"_acf_changed":false},"product_brand":[],"product_cat":[24,22],"product_tag":[],"class_list":{"0":"post-244","1":"product","2":"type-product","3":"status-publish","4":"has-post-thumbnail","6":"product_cat-altalanos-tisztito-es-felmososzer","7":"product_cat-cudy-illat-es-allergenmentes-tisztitoszer","9":"first","10":"instock","11":"shipping-taxable","12":"purchasable","13":"product-type-simple"},"acf":[],"_links":{"self":[{"href":"https:\/\/naturcleaning.hu\/en\/wp-json\/wp\/v2\/product\/244","targetHints":{"allow":["GET"]}}],"collection":[{"href":"https:\/\/naturcleaning.hu\/en\/wp-json\/wp\/v2\/product"}],"about":[{"href":"https:\/\/naturcleaning.hu\/en\/wp-json\/wp\/v2\/types\/product"}],"replies":[{"embeddable":true,"href":"https:\/\/naturcleaning.hu\/en\/wp-json\/wp\/v2\/comments?post=244"}],"wp:featuredmedia":[{"embeddable":true,"href":"https:\/\/naturcleaning.hu\/en\/wp-json\/wp\/v2\/media\/18411"}],"wp:attachment":[{"href":"https:\/\/naturcleaning.hu\/en\/wp-json\/wp\/v2\/media?parent=244"}],"wp:term":[{"taxonomy":"product_brand","embeddable":true,"href":"https:\/\/naturcleaning.hu\/en\/wp-json\/wp\/v2\/product_brand?post=244"},{"taxonomy":"product_cat","embeddable":true,"href":"https:\/\/naturcleaning.hu\/en\/wp-json\/wp\/v2\/product_cat?post=244"},{"taxonomy":"product_tag","embeddable":true,"href":"https:\/\/naturcleaning.hu\/en\/wp-json\/wp\/v2\/product_tag?post=244"}],"curies":[{"name":"wp","href":"https:\/\/api.w.org\/{rel}","templated":true}]}}