{"id":2178,"date":"2022-03-10T15:27:51","date_gmt":"2022-03-10T15:27:51","guid":{"rendered":"https:\/\/naturcleaning.hu\/?post_type=product&#038;p=2178"},"modified":"2026-02-11T17:53:31","modified_gmt":"2026-02-11T17:53:31","slug":"naturcleaning-citromfu-olajos-mosogatoszer-koncentratum_500ml","status":"publish","type":"product","link":"https:\/\/naturcleaning.hu\/en\/product\/naturcleaning-citromfu-olajos-mosogatoszer-koncentratum_500ml\/","title":{"rendered":"Naturcleaning Mosogat\u00f3szer Citromf\u0171 olajos 500ml"},"content":{"rendered":"<p>VEGAN, free of animal origin. It uses the power of biodegradable plant and mineral ingredients to keep pots brilliantly clean. Lemongrass oil cheers, invigorates and energizes.<\/p>\n<p>How to use: Put a small amount (about 1 teaspoon for 5 liters of water) in warm or hot dishwashing water. In case of heavy dirt or very greasy dishes, the dose can be increased.<\/p>\n<p>Storage: above + 5 \u00b0 C.<\/p>","protected":false},"excerpt":{"rendered":"<p>VEG\u00c1N-nem tartalmaz \u00e1llati eredet\u0171 anyagokat. Biol\u00f3giailag leboml\u00f3 n\u00f6v\u00e9nyi \u00e9s \u00e1sv\u00e1nyi alapanyagok erej\u00e9t haszn\u00e1lja, hogy az ed\u00e9nyek ragyog\u00f3an tist\u00e1k legyenek. A citromf\u0171 olaj felvid\u00edt, \u00e9l\u00e9nk\u00edt \u00e9s energiz\u00e1l. Haszn\u00e1lata: Tegyen egy kis mennyis\u00e9get (kb 1 tk. 5 l\u00a0 v\u00edzhez) a meleg vagy forr\u00f3 mosogat\u00f3v\u00edzbe. Er\u0151s szennyez\u0151d\u00e9sek, vagy nagyon zs\u00edros ed\u00e9nyek eset\u00e9n, a d\u00f3zis n\u00f6velhet\u0151. T\u00e1rol\u00e1s: +5 \u00b0C [&hellip;]<\/p>\n","protected":false},"featured_media":27869,"comment_status":"open","ping_status":"closed","template":"","meta":{"_acf_changed":false},"product_brand":[],"product_cat":[19],"product_tag":[],"class_list":{"0":"post-2178","1":"product","2":"type-product","3":"status-publish","4":"has-post-thumbnail","6":"product_cat-mosogatoszer","8":"first","9":"instock","10":"shipping-taxable","11":"purchasable","12":"product-type-simple"},"acf":[],"_links":{"self":[{"href":"https:\/\/naturcleaning.hu\/en\/wp-json\/wp\/v2\/product\/2178","targetHints":{"allow":["GET"]}}],"collection":[{"href":"https:\/\/naturcleaning.hu\/en\/wp-json\/wp\/v2\/product"}],"about":[{"href":"https:\/\/naturcleaning.hu\/en\/wp-json\/wp\/v2\/types\/product"}],"replies":[{"embeddable":true,"href":"https:\/\/naturcleaning.hu\/en\/wp-json\/wp\/v2\/comments?post=2178"}],"wp:featuredmedia":[{"embeddable":true,"href":"https:\/\/naturcleaning.hu\/en\/wp-json\/wp\/v2\/media\/27869"}],"wp:attachment":[{"href":"https:\/\/naturcleaning.hu\/en\/wp-json\/wp\/v2\/media?parent=2178"}],"wp:term":[{"taxonomy":"product_brand","embeddable":true,"href":"https:\/\/naturcleaning.hu\/en\/wp-json\/wp\/v2\/product_brand?post=2178"},{"taxonomy":"product_cat","embeddable":true,"href":"https:\/\/naturcleaning.hu\/en\/wp-json\/wp\/v2\/product_cat?post=2178"},{"taxonomy":"product_tag","embeddable":true,"href":"https:\/\/naturcleaning.hu\/en\/wp-json\/wp\/v2\/product_tag?post=2178"}],"curies":[{"name":"wp","href":"https:\/\/api.w.org\/{rel}","templated":true}]}}