{"id":21509,"date":"2023-11-10T08:56:03","date_gmt":"2023-11-10T08:56:03","guid":{"rendered":"https:\/\/naturcleaning.hu\/?post_type=product&#038;p=21509"},"modified":"2025-12-08T11:36:21","modified_gmt":"2025-12-08T11:36:21","slug":"naturcleaning-legfrissito-spray-eukaliptusz-30-ml","status":"publish","type":"product","link":"https:\/\/naturcleaning.hu\/en\/product\/naturcleaning-legfrissito-spray-eukaliptusz-30-ml\/","title":{"rendered":"Naturcleaning L\u00e9gfriss\u00edt\u0151 Spray Eukaliptusz 30 ml"},"content":{"rendered":"<p>Naturcleaning L\u00e9gfriss\u00edt\u0151 Spray Eukaliptusz<\/p>\n<p>Kiv\u00e1l\u00f3 min\u0151s\u00e9g\u0171 ill\u00f3olajokat tartalmaz, melyek a megf\u00e1z\u00e1sos,<br \/>\n\u0151szi-t\u00e9li id\u0151szakban a leveg\u0151 tiszt\u00edt\u00e1s\u00e1ra alkalmazhat\u00f3ak.<br \/>\nEmellett f\u00fcst\u00f6s, nehezen szell\u0151ztethet\u0151 helyis\u00e9gek leveg\u0151j\u00e9nek<br \/>\nfriss\u00edt\u00e9s\u00e9re az \u00e9v b\u00e1rmely szak\u00e1ban haszn\u00e1lhat\u00f3.<\/p>","protected":false},"excerpt":{"rendered":"<p>Naturcleaning L\u00e9gfriss\u00edt\u0151 Spray Eukaliptusz Kiv\u00e1l\u00f3 min\u0151s\u00e9g\u0171 ill\u00f3olajokat tartalmaz, melyek a megf\u00e1z\u00e1sos, \u0151szi-t\u00e9li id\u0151szakban a leveg\u0151 tiszt\u00edt\u00e1s\u00e1ra alkalmazhat\u00f3ak. Emellett f\u00fcst\u00f6s, nehezen szell\u0151ztethet\u0151 helyis\u00e9gek leveg\u0151j\u00e9nek friss\u00edt\u00e9s\u00e9re az \u00e9v b\u00e1rmely szak\u00e1ban haszn\u00e1lhat\u00f3.<\/p>","protected":false},"featured_media":21510,"comment_status":"open","ping_status":"closed","template":"","meta":{"_acf_changed":false},"product_brand":[],"product_cat":[711],"product_tag":[],"class_list":{"0":"post-21509","1":"product","2":"type-product","3":"status-publish","4":"has-post-thumbnail","6":"product_cat-lakasparfumok","8":"first","9":"instock","10":"shipping-taxable","11":"purchasable","12":"product-type-simple"},"acf":[],"_links":{"self":[{"href":"https:\/\/naturcleaning.hu\/en\/wp-json\/wp\/v2\/product\/21509","targetHints":{"allow":["GET"]}}],"collection":[{"href":"https:\/\/naturcleaning.hu\/en\/wp-json\/wp\/v2\/product"}],"about":[{"href":"https:\/\/naturcleaning.hu\/en\/wp-json\/wp\/v2\/types\/product"}],"replies":[{"embeddable":true,"href":"https:\/\/naturcleaning.hu\/en\/wp-json\/wp\/v2\/comments?post=21509"}],"wp:featuredmedia":[{"embeddable":true,"href":"https:\/\/naturcleaning.hu\/en\/wp-json\/wp\/v2\/media\/21510"}],"wp:attachment":[{"href":"https:\/\/naturcleaning.hu\/en\/wp-json\/wp\/v2\/media?parent=21509"}],"wp:term":[{"taxonomy":"product_brand","embeddable":true,"href":"https:\/\/naturcleaning.hu\/en\/wp-json\/wp\/v2\/product_brand?post=21509"},{"taxonomy":"product_cat","embeddable":true,"href":"https:\/\/naturcleaning.hu\/en\/wp-json\/wp\/v2\/product_cat?post=21509"},{"taxonomy":"product_tag","embeddable":true,"href":"https:\/\/naturcleaning.hu\/en\/wp-json\/wp\/v2\/product_tag?post=21509"}],"curies":[{"name":"wp","href":"https:\/\/api.w.org\/{rel}","templated":true}]}}