{"id":20984,"date":"2023-12-03T18:49:20","date_gmt":"2023-12-03T18:49:20","guid":{"rendered":"https:\/\/naturcleaning.hu\/?post_type=product&#038;p=20984"},"modified":"2024-08-04T10:33:58","modified_gmt":"2024-08-04T10:33:58","slug":"ujraszalveta-ujsag-mintas","status":"publish","type":"product","link":"https:\/\/naturcleaning.hu\/en\/product\/ujraszalveta-ujsag-mintas\/","title":{"rendered":"\u00dajraszalv\u00e9ta \u00dajs\u00e1g mint\u00e1s"},"content":{"rendered":"<p>\u00dajraszalv\u00e9ta, frissentart\u00f3 PUL b\u00e9l\u00e9ssel, pamutv\u00e1szon k\u00fcls\u0151vel.<\/p>\n<p>\u00dajrafelhaszn\u00e1lhat\u00f3, kompakt szalv\u00e9ta aluf\u00f3lia helyettes\u00edt\u00e9s\u00e9re, szendvicsek vagy egy\u00e9b finoms\u00e1gok csomagol\u00e1s\u00e1ra.\u00a0 A PUL anyag egy v\u00edz\u00e1ll\u00f3, m\u00e9gis szell\u0151z\u0151 anyag, ami seg\u00edt frissen tartani az \u00e9telt. A t\u00e9p\u0151z\u00e1ras r\u00f6gz\u00edt\u00e9snek k\u00f6sz\u00f6nhet\u0151en az \u00e9telek k\u00f6nnyen becsomagolhat\u00f3ak. A bels\u0151 fele vizes ruh\u00e1val tiszt\u00edthat\u00f3, vagy ak\u00e1r a mos\u00f3g\u00e9pben is moshat\u00f3.<\/p>\n<p>30x30 cm, 2 p\u00e1r 6cm-es t\u00e9p\u0151z\u00e1rral.<\/p>\n<p>&nbsp;<\/p>","protected":false},"excerpt":{"rendered":"<p>\u00dajraszalv\u00e9ta, frissentart\u00f3 PUL b\u00e9l\u00e9ssel, pamutv\u00e1szon k\u00fcls\u0151vel. \u00dajrafelhaszn\u00e1lhat\u00f3, kompakt szalv\u00e9ta aluf\u00f3lia helyettes\u00edt\u00e9s\u00e9re, szendvicsek vagy egy\u00e9b finoms\u00e1gok csomagol\u00e1s\u00e1ra.\u00a0 A PUL anyag egy v\u00edz\u00e1ll\u00f3, m\u00e9gis szell\u0151z\u0151 anyag, ami seg\u00edt frissen tartani az \u00e9telt. A t\u00e9p\u0151z\u00e1ras r\u00f6gz\u00edt\u00e9snek k\u00f6sz\u00f6nhet\u0151en az \u00e9telek k\u00f6nnyen becsomagolhat\u00f3ak. A bels\u0151 fele vizes ruh\u00e1val tiszt\u00edthat\u00f3, vagy ak\u00e1r a mos\u00f3g\u00e9pben is moshat\u00f3. 30x30 cm, 2 p\u00e1r 6cm-es [&hellip;]<\/p>\n","protected":false},"featured_media":21788,"comment_status":"open","ping_status":"closed","template":"","meta":{"_acf_changed":false},"product_brand":[],"product_cat":[32,37,36],"product_tag":[],"class_list":{"0":"post-20984","1":"product","2":"type-product","3":"status-publish","4":"has-post-thumbnail","6":"product_cat-ajandekotletek","7":"product_cat-oko-taska","8":"product_cat-utazashoz","10":"first","11":"instock","12":"shipping-taxable","13":"purchasable","14":"product-type-simple"},"acf":[],"_links":{"self":[{"href":"https:\/\/naturcleaning.hu\/en\/wp-json\/wp\/v2\/product\/20984","targetHints":{"allow":["GET"]}}],"collection":[{"href":"https:\/\/naturcleaning.hu\/en\/wp-json\/wp\/v2\/product"}],"about":[{"href":"https:\/\/naturcleaning.hu\/en\/wp-json\/wp\/v2\/types\/product"}],"replies":[{"embeddable":true,"href":"https:\/\/naturcleaning.hu\/en\/wp-json\/wp\/v2\/comments?post=20984"}],"wp:featuredmedia":[{"embeddable":true,"href":"https:\/\/naturcleaning.hu\/en\/wp-json\/wp\/v2\/media\/21788"}],"wp:attachment":[{"href":"https:\/\/naturcleaning.hu\/en\/wp-json\/wp\/v2\/media?parent=20984"}],"wp:term":[{"taxonomy":"product_brand","embeddable":true,"href":"https:\/\/naturcleaning.hu\/en\/wp-json\/wp\/v2\/product_brand?post=20984"},{"taxonomy":"product_cat","embeddable":true,"href":"https:\/\/naturcleaning.hu\/en\/wp-json\/wp\/v2\/product_cat?post=20984"},{"taxonomy":"product_tag","embeddable":true,"href":"https:\/\/naturcleaning.hu\/en\/wp-json\/wp\/v2\/product_tag?post=20984"}],"curies":[{"name":"wp","href":"https:\/\/api.w.org\/{rel}","templated":true}]}}