{"id":20955,"date":"2023-11-03T09:11:14","date_gmt":"2023-11-03T09:11:14","guid":{"rendered":"https:\/\/naturcleaning.hu\/?post_type=product&#038;p=20955"},"modified":"2024-08-13T22:37:18","modified_gmt":"2024-08-13T22:37:18","slug":"a-viragtunderek-titkai-5-gerti-es-a-varazsgombocskek-mechler-anna","status":"publish","type":"product","link":"https:\/\/naturcleaning.hu\/en\/product\/a-viragtunderek-titkai-5-gerti-es-a-varazsgombocskek-mechler-anna\/","title":{"rendered":"A Vir\u00e1gt\u00fcnd\u00e9rek Titkai 5. - Gerti \u00e9s a var\u00e1zsg\u00f6mb\u00f6csk\u00e9k (Mechler Anna)"},"content":{"rendered":"<p>M\u00e9g be sem k\u00f6sz\u00f6nt\u00f6tt a ny\u00e1r els\u0151 napja, de a t\u00fcnd\u00e9reknek m\u00e1ris egy \u00f3ri\u00e1si feladattal kell megbirk\u00f3zniuk: akn\u00e1z\u00f3molyok t\u00e1madt\u00e1k meg a gesztenyef\u00e1kat. A t\u00fcnd\u00e9rl\u00e1nyok Herba any\u00f3 seg\u00edts\u00e9g\u00e9vel felveszik a harcot a k\u00e1rtev\u0151kkel.<br \/>\nAmikor elj\u00f6n a v\u00e1rva v\u00e1rt vir\u00e1gvar\u00e1zslat ideje, senki sem lep\u0151dik meg: a var\u00e1zsg\u00f6mbben a gesztenye jelenik meg.<br \/>\nGerti, a t\u00fcrelmetlen t\u00fcnd\u00e9rl\u00e1ny kapja azt a hatalmas feladatot, hogy a t\u00f6bb sz\u00e1z \u00e9ves gesztenyef\u00e1k seg\u00edt\u0151je legyen. Vajon mit tehet egy apr\u00f3cska t\u00fcnd\u00e9r ezek\u00e9rt a hatalmas fa\u00f3ri\u00e1sok\u00e9rt? Milyen titkokra bukkan Gerti, mik\u00f6zben ismerkedik a vadgeszteny\u00e9vel?<\/p>\n<p><b>A csod\u00e1s felfedez\u00e9sek sor\u00e1n nem csak egy szerethet\u0151 t\u00fcnd\u00e9r kalandjait ismerhetik meg a gyerekek, de a gesztenye gy\u00f3gy\u00edt\u00f3 hat\u00e1s\u00e1r\u00f3l is \u00e9rdekes inform\u00e1ci\u00f3kat gy\u0171jthetnek.<\/b><\/p>\n<div class=\"title\">Term\u00e9kadatok<\/div>\n<div><span class=\"txt\">C\u00edm:\u00a0<\/span><span class=\"data\">A vir\u00e1gt\u00fcnd\u00e9rek titkai 5. - Gerti \u00e9s a var\u00e1zsg\u00f6mb\u00f6csk\u00e9k<\/span><\/div>\n<div><span class=\"txt\">Szerz\u0151:\u00a0<\/span><span class=\"data\"><a href=\"https:\/\/www.lira.hu\/hu\/szerzo\/mechler-anna\" target=\"_blank\" rel=\"noopener\">Mechler Anna<\/a><\/span><\/div>\n<div><span class=\"txt\">Kiad\u00f3:\u00a0<\/span><span class=\"data\"><a href=\"https:\/\/www.lira.hu\/hu\/kiado\/mano-konyvek\" target=\"_blank\" rel=\"noopener\">MAN\u00d3 K\u00d6NYVEK<\/a><\/span><\/div>\n<div><span class=\"txt\">Sorozat:\u00a0<\/span><span class=\"data\"><a href=\"https:\/\/www.lira.hu\/hu\/sorozat\/a-viragtunderek-titkai\" target=\"_blank\" rel=\"noopener\">A vir\u00e1gt\u00fcnd\u00e9rek titkai<\/a><\/span><\/div>\n<div><span class=\"txt\">Oldalak sz\u00e1ma:\u00a0<\/span><span class=\"data\">64<\/span><\/div>\n<div><span class=\"txt\">Megjelen\u00e9s:\u00a0<\/span><span class=\"data\">2023. m\u00e1rcius 21.<\/span><\/div>\n<div><span class=\"txt\">K\u00f6t\u00e9s:\u00a0<\/span><span class=\"data\">Kem\u00e9nyt\u00e1bl\u00e1s<\/span><\/div>\n<div><span class=\"txt\">ISBN:\u00a0<\/span><span class=\"data\">9789635843008<\/span><\/div>\n<div><span class=\"txt\">M\u00e9ret:\u00a0<\/span><span class=\"data\">196 mm x 196 mm x 20 mm<\/span><\/div>","protected":false},"excerpt":{"rendered":"<p>M\u00e9g be sem k\u00f6sz\u00f6nt\u00f6tt a ny\u00e1r els\u0151 napja, de a t\u00fcnd\u00e9reknek m\u00e1ris egy \u00f3ri\u00e1si feladattal kell megbirk\u00f3zniuk: akn\u00e1z\u00f3molyok t\u00e1madt\u00e1k meg a gesztenyef\u00e1kat. A t\u00fcnd\u00e9rl\u00e1nyok Herba any\u00f3 seg\u00edts\u00e9g\u00e9vel felveszik a harcot a k\u00e1rtev\u0151kkel. Amikor elj\u00f6n a v\u00e1rva v\u00e1rt vir\u00e1gvar\u00e1zslat ideje, senki sem lep\u0151dik meg: a var\u00e1zsg\u00f6mbben a gesztenye jelenik meg. Gerti, a t\u00fcrelmetlen t\u00fcnd\u00e9rl\u00e1ny kapja azt [&hellip;]<\/p>\n","protected":false},"featured_media":20967,"comment_status":"open","ping_status":"closed","template":"","meta":{"_acf_changed":false},"product_brand":[],"product_cat":[32,35],"product_tag":[],"class_list":{"0":"post-20955","1":"product","2":"type-product","3":"status-publish","4":"has-post-thumbnail","6":"product_cat-ajandekotletek","7":"product_cat-szakkonyv","9":"first","10":"instock","11":"shipping-taxable","12":"purchasable","13":"product-type-simple"},"acf":[],"_links":{"self":[{"href":"https:\/\/naturcleaning.hu\/en\/wp-json\/wp\/v2\/product\/20955","targetHints":{"allow":["GET"]}}],"collection":[{"href":"https:\/\/naturcleaning.hu\/en\/wp-json\/wp\/v2\/product"}],"about":[{"href":"https:\/\/naturcleaning.hu\/en\/wp-json\/wp\/v2\/types\/product"}],"replies":[{"embeddable":true,"href":"https:\/\/naturcleaning.hu\/en\/wp-json\/wp\/v2\/comments?post=20955"}],"wp:featuredmedia":[{"embeddable":true,"href":"https:\/\/naturcleaning.hu\/en\/wp-json\/wp\/v2\/media\/20967"}],"wp:attachment":[{"href":"https:\/\/naturcleaning.hu\/en\/wp-json\/wp\/v2\/media?parent=20955"}],"wp:term":[{"taxonomy":"product_brand","embeddable":true,"href":"https:\/\/naturcleaning.hu\/en\/wp-json\/wp\/v2\/product_brand?post=20955"},{"taxonomy":"product_cat","embeddable":true,"href":"https:\/\/naturcleaning.hu\/en\/wp-json\/wp\/v2\/product_cat?post=20955"},{"taxonomy":"product_tag","embeddable":true,"href":"https:\/\/naturcleaning.hu\/en\/wp-json\/wp\/v2\/product_tag?post=20955"}],"curies":[{"name":"wp","href":"https:\/\/api.w.org\/{rel}","templated":true}]}}