{"id":20954,"date":"2023-11-03T09:12:51","date_gmt":"2023-11-03T09:12:51","guid":{"rendered":"https:\/\/naturcleaning.hu\/?post_type=product&#038;p=20954"},"modified":"2025-11-11T07:01:07","modified_gmt":"2025-11-11T07:01:07","slug":"a-viragtunderek-titkai-4-cili-es-a-varazscseppek-mechler-anna","status":"publish","type":"product","link":"https:\/\/naturcleaning.hu\/en\/product\/a-viragtunderek-titkai-4-cili-es-a-varazscseppek-mechler-anna\/","title":{"rendered":"A Vir\u00e1gt\u00fcnd\u00e9rek Titkai 4. - Cili \u00e9s a var\u00e1zscseppek (Mechler Anna)"},"content":{"rendered":"<p><b>Elj\u00f6tt a vir\u00e1gvar\u00e1zslat ideje, az \u00e9v legizgalmasabb napja! \u00c1m ez\u00fattal m\u00e9g az \u00fcnneps\u00e9g sem olyan emelkedett, amilyen szokott lenni.<\/b><\/p>\n<p>A var\u00e1zsg\u00f6mbben egy ismert \u00e9s \u00faton-\u00fatf\u00e9len el\u0151fordul\u00f3 n\u00f6v\u00e9ny k\u00e9pe jelenik meg. \u00d3, hiszen ez a k\u00f6z\u00f6ns\u00e9ges cickafark!<\/p>\n<p>Vajon ki lesz a t\u00fcnd\u00e9re?<\/p>\n<p>Cili szem\u00e9ly\u00e9ben egy olyan t\u00fcnd\u00e9rl\u00e1ny kapja ezt a feladatot, aki k\u00e9pes maga k\u00f6r\u00fcl megl\u00e1tni a h\u00e9tk\u00f6znapi csod\u00e1kat is. A t\u00f6rt\u00e9netek sor\u00e1n felt\u00e1rulnak a cickafarkf\u0171 titkai; ahogy a t\u00fcnd\u00e9r egyre t\u00f6bbet tud meg r\u00f3la, az olvas\u00f3k is k\u00e9pet kaphatnak a gy\u00f3gyn\u00f6v\u00e9ny csod\u00e1latos hat\u00e1sair\u00f3l \u00e9s a haszn\u00e1lat\u00e1r\u00f3l.<\/p>\n<p><b>A kedves mes\u00e9k amellett, hogy egy igaz\u00e1n szerethet\u0151 t\u00fcnd\u00e9rk\u00e9t ismertetnek meg az olvas\u00f3val, sok-sok titokba is beavatj\u00e1k a gyerekeket a gy\u00f3gyn\u00f6v\u00e9nyek csod\u00e1latos vil\u00e1g\u00e1b\u00f3l.<\/b><\/p>","protected":false},"excerpt":{"rendered":"<p>Elj\u00f6tt a vir\u00e1gvar\u00e1zslat ideje, az \u00e9v legizgalmasabb napja! \u00c1m ez\u00fattal m\u00e9g az \u00fcnneps\u00e9g sem olyan emelkedett, amilyen szokott lenni. A var\u00e1zsg\u00f6mbben egy ismert \u00e9s \u00faton-\u00fatf\u00e9len el\u0151fordul\u00f3 n\u00f6v\u00e9ny k\u00e9pe jelenik meg. \u00d3, hiszen ez a k\u00f6z\u00f6ns\u00e9ges cickafark! Vajon ki lesz a t\u00fcnd\u00e9re? Cili szem\u00e9ly\u00e9ben egy olyan t\u00fcnd\u00e9rl\u00e1ny kapja ezt a feladatot, aki k\u00e9pes maga k\u00f6r\u00fcl megl\u00e1tni [&hellip;]<\/p>\n","protected":false},"featured_media":20969,"comment_status":"open","ping_status":"closed","template":"","meta":{"_acf_changed":false},"product_brand":[],"product_cat":[32,35],"product_tag":[],"class_list":{"0":"post-20954","1":"product","2":"type-product","3":"status-publish","4":"has-post-thumbnail","6":"product_cat-ajandekotletek","7":"product_cat-szakkonyv","9":"first","10":"outofstock","11":"shipping-taxable","12":"purchasable","13":"product-type-simple"},"acf":[],"_links":{"self":[{"href":"https:\/\/naturcleaning.hu\/en\/wp-json\/wp\/v2\/product\/20954","targetHints":{"allow":["GET"]}}],"collection":[{"href":"https:\/\/naturcleaning.hu\/en\/wp-json\/wp\/v2\/product"}],"about":[{"href":"https:\/\/naturcleaning.hu\/en\/wp-json\/wp\/v2\/types\/product"}],"replies":[{"embeddable":true,"href":"https:\/\/naturcleaning.hu\/en\/wp-json\/wp\/v2\/comments?post=20954"}],"wp:featuredmedia":[{"embeddable":true,"href":"https:\/\/naturcleaning.hu\/en\/wp-json\/wp\/v2\/media\/20969"}],"wp:attachment":[{"href":"https:\/\/naturcleaning.hu\/en\/wp-json\/wp\/v2\/media?parent=20954"}],"wp:term":[{"taxonomy":"product_brand","embeddable":true,"href":"https:\/\/naturcleaning.hu\/en\/wp-json\/wp\/v2\/product_brand?post=20954"},{"taxonomy":"product_cat","embeddable":true,"href":"https:\/\/naturcleaning.hu\/en\/wp-json\/wp\/v2\/product_cat?post=20954"},{"taxonomy":"product_tag","embeddable":true,"href":"https:\/\/naturcleaning.hu\/en\/wp-json\/wp\/v2\/product_tag?post=20954"}],"curies":[{"name":"wp","href":"https:\/\/api.w.org\/{rel}","templated":true}]}}