{"id":20953,"date":"2023-11-03T09:14:15","date_gmt":"2023-11-03T09:14:15","guid":{"rendered":"https:\/\/naturcleaning.hu\/?post_type=product&#038;p=20953"},"modified":"2024-08-13T22:33:38","modified_gmt":"2024-08-13T22:33:38","slug":"a-viragtunderek-titkai-3-nadin-es-a-varazstegely-mechler-anna","status":"publish","type":"product","link":"https:\/\/naturcleaning.hu\/en\/product\/a-viragtunderek-titkai-3-nadin-es-a-varazstegely-mechler-anna\/","title":{"rendered":"A Vir\u00e1gt\u00fcnd\u00e9rek Titkai 3. - Nadin \u00e9s a var\u00e1zst\u00e9gely (Mechler Anna)"},"content":{"rendered":"<p>A t\u00fcnd\u00e9rek mind \u00fcgyesek \u00e9s kecsesek - vagy m\u00e9gsem? K\u00f6z\u00f6tt\u00fck is akad olyan, aki n\u00e9ha leejt \u00e9s \u00f6sszet\u00f6r valamit? Vagy akinek k\u00e9k-z\u00f6ld foltok cs\u00faf\u00edtj\u00e1k a karj\u00e1t, mert folyton be\u00fcti valamibe?<br \/>\nNadin pontosan ilyen: semmi sem \u00fagy siker\u00fcl neki, ahogy \u0151 szeretn\u00e9. \u00c9pp ez\u00e9rt nagyon meglep\u0151dik, amikor \u0151t jel\u00f6li ki a vir\u00e1gvar\u00e1zslat, hogy a fekete nad\u00e1lyt\u0151 seg\u00edt\u0151je legyen. Persze mindez nem v\u00e9letlen; a t\u00f6rt\u00e9net v\u00e9g\u00e9re kider\u00fcl, hogy mi\u00e9rt is \u0151 a legmegfelel\u0151bb t\u00fcnd\u00e9r erre a feladatra.<\/p>\n<p>A kedves mes\u00e9k amellett, hogy egy igaz\u00e1n szerethet\u0151 t\u00fcnd\u00e9rk\u00e9t ismertetnek meg az olvas\u00f3val, sok-sok titokba is beavatj\u00e1k a gyerekeket a gy\u00f3gyn\u00f6v\u00e9nyek csod\u00e1latos vil\u00e1g\u00e1b\u00f3l.<\/p>\n<div class=\"title\">Term\u00e9kadatok<\/div>\n<div><span class=\"txt\">C\u00edm:\u00a0<\/span><span class=\"data\">A vir\u00e1gt\u00fcnd\u00e9rek titkai 3. - Nadin \u00e9s a var\u00e1zst\u00e9gely<\/span><\/div>\n<div><span class=\"txt\">Szerz\u0151:\u00a0<\/span><span class=\"data\"><a href=\"https:\/\/www.lira.hu\/hu\/szerzo\/mechler-anna\" target=\"_blank\" rel=\"noopener\">Mechler Anna<\/a><\/span><\/div>\n<div><span class=\"txt\">Kiad\u00f3:\u00a0<\/span><span class=\"data\"><a href=\"https:\/\/www.lira.hu\/hu\/kiado\/mano-konyvek\" target=\"_blank\" rel=\"noopener\">MAN\u00d3 K\u00d6NYVEK<\/a><\/span><\/div>\n<div><span class=\"txt\">Sorozat:\u00a0<\/span><span class=\"data\"><a href=\"https:\/\/www.lira.hu\/hu\/sorozat\/a-viragtunderek-titkai\" target=\"_blank\" rel=\"noopener\">A vir\u00e1gt\u00fcnd\u00e9rek titkai<\/a><\/span><\/div>\n<div><span class=\"txt\">Oldalak sz\u00e1ma:\u00a0<\/span><span class=\"data\">64<\/span><\/div>\n<div><span class=\"txt\">Megjelen\u00e9s:\u00a0<\/span><span class=\"data\">2021. m\u00e1rcius 17.<\/span><\/div>\n<div><span class=\"txt\">K\u00f6t\u00e9s:\u00a0<\/span><span class=\"data\">Kem\u00e9nyt\u00e1bl\u00e1s<\/span><\/div>\n<div><span class=\"txt\">ISBN:\u00a0<\/span><span class=\"data\">9789634039372<\/span><\/div>\n<div><span class=\"txt\">M\u00e9ret:\u00a0<\/span><span class=\"data\">196 mm x 196 mm x 15 mm<\/span><\/div>","protected":false},"excerpt":{"rendered":"<p>A t\u00fcnd\u00e9rek mind \u00fcgyesek \u00e9s kecsesek - vagy m\u00e9gsem? K\u00f6z\u00f6tt\u00fck is akad olyan, aki n\u00e9ha leejt \u00e9s \u00f6sszet\u00f6r valamit? Vagy akinek k\u00e9k-z\u00f6ld foltok cs\u00faf\u00edtj\u00e1k a karj\u00e1t, mert folyton be\u00fcti valamibe? Nadin pontosan ilyen: semmi sem \u00fagy siker\u00fcl neki, ahogy \u0151 szeretn\u00e9. \u00c9pp ez\u00e9rt nagyon meglep\u0151dik, amikor \u0151t jel\u00f6li ki a vir\u00e1gvar\u00e1zslat, hogy a fekete nad\u00e1lyt\u0151 [&hellip;]<\/p>\n","protected":false},"featured_media":20970,"comment_status":"open","ping_status":"closed","template":"","meta":{"_acf_changed":false},"product_brand":[],"product_cat":[32,35],"product_tag":[],"class_list":{"0":"post-20953","1":"product","2":"type-product","3":"status-publish","4":"has-post-thumbnail","6":"product_cat-ajandekotletek","7":"product_cat-szakkonyv","9":"first","10":"instock","11":"shipping-taxable","12":"purchasable","13":"product-type-simple"},"acf":[],"_links":{"self":[{"href":"https:\/\/naturcleaning.hu\/en\/wp-json\/wp\/v2\/product\/20953","targetHints":{"allow":["GET"]}}],"collection":[{"href":"https:\/\/naturcleaning.hu\/en\/wp-json\/wp\/v2\/product"}],"about":[{"href":"https:\/\/naturcleaning.hu\/en\/wp-json\/wp\/v2\/types\/product"}],"replies":[{"embeddable":true,"href":"https:\/\/naturcleaning.hu\/en\/wp-json\/wp\/v2\/comments?post=20953"}],"wp:featuredmedia":[{"embeddable":true,"href":"https:\/\/naturcleaning.hu\/en\/wp-json\/wp\/v2\/media\/20970"}],"wp:attachment":[{"href":"https:\/\/naturcleaning.hu\/en\/wp-json\/wp\/v2\/media?parent=20953"}],"wp:term":[{"taxonomy":"product_brand","embeddable":true,"href":"https:\/\/naturcleaning.hu\/en\/wp-json\/wp\/v2\/product_brand?post=20953"},{"taxonomy":"product_cat","embeddable":true,"href":"https:\/\/naturcleaning.hu\/en\/wp-json\/wp\/v2\/product_cat?post=20953"},{"taxonomy":"product_tag","embeddable":true,"href":"https:\/\/naturcleaning.hu\/en\/wp-json\/wp\/v2\/product_tag?post=20953"}],"curies":[{"name":"wp","href":"https:\/\/api.w.org\/{rel}","templated":true}]}}