{"id":20952,"date":"2023-11-03T09:15:05","date_gmt":"2023-11-03T09:15:05","guid":{"rendered":"https:\/\/naturcleaning.hu\/?post_type=product&#038;p=20952"},"modified":"2025-09-08T19:51:39","modified_gmt":"2025-09-08T19:51:39","slug":"a-viragtunderek-titkai-2-biborka-es-a-varazsfozet-mechler-anna","status":"publish","type":"product","link":"https:\/\/naturcleaning.hu\/en\/product\/a-viragtunderek-titkai-2-biborka-es-a-varazsfozet-mechler-anna\/","title":{"rendered":"A Vir\u00e1gt\u00fcnd\u00e9rek Titkai 2. - B\u00edborka \u00e9s a var\u00e1zsf\u0151zet (Mechler Anna)"},"content":{"rendered":"<p>K\u00f6zeledik a vir\u00e1gvar\u00e1zslat ideje - de vajon mi lesz akkor, ha a t\u00fcnd\u00e9rek a nagy napon \u00e9ppen betegek? Hogyan kaphat megfelel\u0151 seg\u00edt\u0151t egy gy\u00f3gyn\u00f6v\u00e9ny, ha reggel m\u00e9g az sem biztos, hogy az \u00f6sszes t\u00fcnd\u00e9rl\u00e1ny r\u00e9szt tud venni a cerem\u00f3ni\u00e1n? Szerencs\u00e9re Herba any\u00f3 \u00farr\u00e1 lesz a helyzeten. Ebben az \u00e9vben egy csod\u00e1latos sz\u00e9ps\u00e9g\u0171 vir\u00e1g t\u0171nik fel a var\u00e1zsg\u00f6mbben, \u00e9s B\u00edborka szem\u00e9ly\u00e9ben kedves, lelkiismeretes t\u00e1mogat\u00f3t kap. A t\u00fcnd\u00e9rl\u00e1ny sok \u00faj dolgot tanul meg a gy\u00f3gyn\u00f6v\u00e9nyek titkos vil\u00e1g\u00e1r\u00f3l, \u00e9s k\u00f6zben \u00faj bar\u00e1tokat is szerez. A b\u00edbor kasvir\u00e1g ugyan\u00fagy seg\u00edti B\u00edbork\u00e1t a mindennapokban, mint ahogy a kisl\u00e1ny gondoskodik r\u00f3la. <strong>A b\u0171b\u00e1jos mes\u00e9k olvas\u00e1sa k\u00f6zben \u00e9szrev\u00e9tlen\u00fcl ismerhetj\u00fck meg a gy\u00f3gyn\u00f6v\u00e9nyek gy\u00f3gyhat\u00e1s\u00e1t.<\/strong><\/p>\n<div class=\"title\">Term\u00e9kadatok<\/div>\n<div><span class=\"txt\">C\u00edm:\u00a0<\/span><span class=\"data\">A vir\u00e1gt\u00fcnd\u00e9rek titkai 2. - B\u00edborka \u00e9s a var\u00e1zsf\u0151zet<\/span><\/div>\n<div><span class=\"txt\">Szerz\u0151:\u00a0<\/span><span class=\"data\"><a href=\"https:\/\/www.lira.hu\/hu\/szerzo\/mechler-anna\" target=\"_blank\" rel=\"noopener\">Mechler Anna<\/a><\/span><\/div>\n<div><span class=\"txt\">Kiad\u00f3:\u00a0<\/span><span class=\"data\"><a href=\"https:\/\/www.lira.hu\/hu\/kiado\/mano-konyvek\" target=\"_blank\" rel=\"noopener\">MAN\u00d3 K\u00d6NYVEK<\/a><\/span><\/div>\n<div><span class=\"txt\">Sorozat:\u00a0<\/span><span class=\"data\"><a href=\"https:\/\/www.lira.hu\/hu\/sorozat\/a-viragtunderek-titkai\" target=\"_blank\" rel=\"noopener\">A vir\u00e1gt\u00fcnd\u00e9rek titkai<\/a><\/span><\/div>\n<div><span class=\"txt\">Oldalak sz\u00e1ma:\u00a0<\/span><span class=\"data\">64<\/span><\/div>\n<div><span class=\"txt\">Megjelen\u00e9s:\u00a0<\/span><span class=\"data\">2023. febru\u00e1r 01.<\/span><\/div>\n<div><span class=\"txt\">K\u00f6t\u00e9s:\u00a0<\/span><span class=\"data\">Kem\u00e9nyt\u00e1bl\u00e1s<\/span><\/div>\n<div><span class=\"txt\">ISBN:\u00a0<\/span><span class=\"data\">9789634037668<\/span><\/div>\n<div><span class=\"txt\">M\u00e9ret:\u00a0<\/span><span class=\"data\">200 mm x 202 mm x 10 mm<\/span><\/div>","protected":false},"excerpt":{"rendered":"<p>K\u00f6zeledik a vir\u00e1gvar\u00e1zslat ideje - de vajon mi lesz akkor, ha a t\u00fcnd\u00e9rek a nagy napon \u00e9ppen betegek? Hogyan kaphat megfelel\u0151 seg\u00edt\u0151t egy gy\u00f3gyn\u00f6v\u00e9ny, ha reggel m\u00e9g az sem biztos, hogy az \u00f6sszes t\u00fcnd\u00e9rl\u00e1ny r\u00e9szt tud venni a cerem\u00f3ni\u00e1n? Szerencs\u00e9re Herba any\u00f3 \u00farr\u00e1 lesz a helyzeten. Ebben az \u00e9vben egy csod\u00e1latos sz\u00e9ps\u00e9g\u0171 vir\u00e1g t\u0171nik fel [&hellip;]<\/p>\n","protected":false},"featured_media":20971,"comment_status":"open","ping_status":"closed","template":"","meta":{"_acf_changed":false},"product_brand":[],"product_cat":[32,35],"product_tag":[],"class_list":{"0":"post-20952","1":"product","2":"type-product","3":"status-publish","4":"has-post-thumbnail","6":"product_cat-ajandekotletek","7":"product_cat-szakkonyv","9":"first","10":"outofstock","11":"shipping-taxable","12":"purchasable","13":"product-type-simple"},"acf":[],"_links":{"self":[{"href":"https:\/\/naturcleaning.hu\/en\/wp-json\/wp\/v2\/product\/20952","targetHints":{"allow":["GET"]}}],"collection":[{"href":"https:\/\/naturcleaning.hu\/en\/wp-json\/wp\/v2\/product"}],"about":[{"href":"https:\/\/naturcleaning.hu\/en\/wp-json\/wp\/v2\/types\/product"}],"replies":[{"embeddable":true,"href":"https:\/\/naturcleaning.hu\/en\/wp-json\/wp\/v2\/comments?post=20952"}],"wp:featuredmedia":[{"embeddable":true,"href":"https:\/\/naturcleaning.hu\/en\/wp-json\/wp\/v2\/media\/20971"}],"wp:attachment":[{"href":"https:\/\/naturcleaning.hu\/en\/wp-json\/wp\/v2\/media?parent=20952"}],"wp:term":[{"taxonomy":"product_brand","embeddable":true,"href":"https:\/\/naturcleaning.hu\/en\/wp-json\/wp\/v2\/product_brand?post=20952"},{"taxonomy":"product_cat","embeddable":true,"href":"https:\/\/naturcleaning.hu\/en\/wp-json\/wp\/v2\/product_cat?post=20952"},{"taxonomy":"product_tag","embeddable":true,"href":"https:\/\/naturcleaning.hu\/en\/wp-json\/wp\/v2\/product_tag?post=20952"}],"curies":[{"name":"wp","href":"https:\/\/api.w.org\/{rel}","templated":true}]}}