{"id":20951,"date":"2023-11-03T09:09:56","date_gmt":"2023-11-03T09:09:56","guid":{"rendered":"https:\/\/naturcleaning.hu\/?post_type=product&#038;p=20951"},"modified":"2024-08-13T22:27:56","modified_gmt":"2024-08-13T22:27:56","slug":"a-viragtunderek-titkai-1-olina-es-a-varazsszirmok-mechler-anna","status":"publish","type":"product","link":"https:\/\/naturcleaning.hu\/en\/product\/a-viragtunderek-titkai-1-olina-es-a-varazsszirmok-mechler-anna\/","title":{"rendered":"A Vir\u00e1gt\u00fcnd\u00e9rek Titkai 1. - Olina \u00e9s a var\u00e1zsszirmok (Mechler Anna)"},"content":{"rendered":"<p>A T\u00fcnd\u00e9rpalot\u00e1ban vir\u00e1gvar\u00e1zslat zajlik. Akinek kisz\u00ednesedik a ruh\u00e1ja, az egy gy\u00f3gyn\u00f6v\u00e9ny seg\u00edt\u0151je lesz. Vajon kit \u00e9r ez a szerencse? Ki lesz az orb\u00e1ncf\u0171 gondoz\u00f3ja? Milyen feladatok v\u00e1rnak r\u00e1? Olina, a f\u00e9lszeg t\u00fcnd\u00e9rl\u00e1ny kapja az \u00faj feladatot: az orb\u00e1ncf\u0171 \u0151rz\u0151je \u00e9s seg\u00edt\u0151je lesz. Ahogy ismerkedik a n\u00f6v\u00e9nnyel, egyre \u00fcgyesebb\u00e9 v\u00e1lik, \u00e9s sok \u00faj dolgot tanul meg a gy\u00f3gyn\u00f6v\u00e9nyek titkos vil\u00e1g\u00e1r\u00f3l. Vajon hogyan lehet szembesz\u00e1llni a k\u00e1rtev\u0151kkel? Mire j\u00f3k az illatlabd\u00e1k? Lehet-e bar\u00e1ts\u00e1got k\u00f6tni az emberekkel?<\/p>\n<p><strong>A k\u00f6tetb\u0151l mindez kider\u00fcl, \u00e9s a b\u0171b\u00e1jos mese mellett sok \u00e9rdekes inform\u00e1ci\u00f3t is megtudhatunk a gy\u00f3gyn\u00f6v\u00e9nyek vil\u00e1g\u00e1r\u00f3l.<\/strong><\/p>\n<div class=\"title\">Term\u00e9kadatok<\/div>\n<div><span class=\"txt\">C\u00edm:\u00a0<\/span><span class=\"data\">A vir\u00e1gt\u00fcnd\u00e9rek titkai 1. - Olina \u00e9s a var\u00e1zsszirmok<\/span><\/div>\n<div><span class=\"txt\">Szerz\u0151:\u00a0<\/span><span class=\"data\"><a href=\"https:\/\/www.lira.hu\/hu\/szerzo\/mechler-anna\" target=\"_blank\" rel=\"noopener\">Mechler Anna<\/a><\/span><\/div>\n<div><span class=\"txt\">Kiad\u00f3:\u00a0<\/span><span class=\"data\"><a href=\"https:\/\/www.lira.hu\/hu\/kiado\/mano-konyvek\" target=\"_blank\" rel=\"noopener\">MAN\u00d3 K\u00d6NYVEK<\/a><\/span><\/div>\n<div><span class=\"txt\">Sorozat:\u00a0<\/span><span class=\"data\"><a href=\"https:\/\/www.lira.hu\/hu\/sorozat\/a-viragtunderek-titkai\" target=\"_blank\" rel=\"noopener\">A vir\u00e1gt\u00fcnd\u00e9rek titkai<\/a><\/span><\/div>\n<div><span class=\"txt\">Oldalak sz\u00e1ma:\u00a0<\/span><span class=\"data\">64<\/span><\/div>\n<div><span class=\"txt\">Megjelen\u00e9s:\u00a0<\/span><span class=\"data\">2022. j\u00falius 08.<\/span><\/div>\n<div><span class=\"txt\">K\u00f6t\u00e9s:\u00a0<\/span><span class=\"data\">Kem\u00e9nyt\u00e1bl\u00e1s<\/span><\/div>\n<div><span class=\"txt\">ISBN:\u00a0<\/span><span class=\"data\">9789634035978<\/span><\/div>\n<div><span class=\"txt\">M\u00e9ret:\u00a0<\/span><span class=\"data\">200 mm x 200 mm x 9 mm<\/span><\/div>","protected":false},"excerpt":{"rendered":"<p>A T\u00fcnd\u00e9rpalot\u00e1ban vir\u00e1gvar\u00e1zslat zajlik. Akinek kisz\u00ednesedik a ruh\u00e1ja, az egy gy\u00f3gyn\u00f6v\u00e9ny seg\u00edt\u0151je lesz. Vajon kit \u00e9r ez a szerencse? Ki lesz az orb\u00e1ncf\u0171 gondoz\u00f3ja? Milyen feladatok v\u00e1rnak r\u00e1? Olina, a f\u00e9lszeg t\u00fcnd\u00e9rl\u00e1ny kapja az \u00faj feladatot: az orb\u00e1ncf\u0171 \u0151rz\u0151je \u00e9s seg\u00edt\u0151je lesz. Ahogy ismerkedik a n\u00f6v\u00e9nnyel, egyre \u00fcgyesebb\u00e9 v\u00e1lik, \u00e9s sok \u00faj dolgot tanul meg [&hellip;]<\/p>\n","protected":false},"featured_media":20966,"comment_status":"open","ping_status":"closed","template":"","meta":{"_acf_changed":false},"product_brand":[],"product_cat":[32,35],"product_tag":[],"class_list":{"0":"post-20951","1":"product","2":"type-product","3":"status-publish","4":"has-post-thumbnail","6":"product_cat-ajandekotletek","7":"product_cat-szakkonyv","9":"first","10":"instock","11":"shipping-taxable","12":"purchasable","13":"product-type-simple"},"acf":[],"_links":{"self":[{"href":"https:\/\/naturcleaning.hu\/en\/wp-json\/wp\/v2\/product\/20951","targetHints":{"allow":["GET"]}}],"collection":[{"href":"https:\/\/naturcleaning.hu\/en\/wp-json\/wp\/v2\/product"}],"about":[{"href":"https:\/\/naturcleaning.hu\/en\/wp-json\/wp\/v2\/types\/product"}],"replies":[{"embeddable":true,"href":"https:\/\/naturcleaning.hu\/en\/wp-json\/wp\/v2\/comments?post=20951"}],"wp:featuredmedia":[{"embeddable":true,"href":"https:\/\/naturcleaning.hu\/en\/wp-json\/wp\/v2\/media\/20966"}],"wp:attachment":[{"href":"https:\/\/naturcleaning.hu\/en\/wp-json\/wp\/v2\/media?parent=20951"}],"wp:term":[{"taxonomy":"product_brand","embeddable":true,"href":"https:\/\/naturcleaning.hu\/en\/wp-json\/wp\/v2\/product_brand?post=20951"},{"taxonomy":"product_cat","embeddable":true,"href":"https:\/\/naturcleaning.hu\/en\/wp-json\/wp\/v2\/product_cat?post=20951"},{"taxonomy":"product_tag","embeddable":true,"href":"https:\/\/naturcleaning.hu\/en\/wp-json\/wp\/v2\/product_tag?post=20951"}],"curies":[{"name":"wp","href":"https:\/\/api.w.org\/{rel}","templated":true}]}}