{"id":20839,"date":"2023-10-26T12:30:40","date_gmt":"2023-10-26T12:30:40","guid":{"rendered":"https:\/\/naturcleaning.hu\/?post_type=product&#038;p=20839"},"modified":"2026-01-18T15:04:25","modified_gmt":"2026-01-18T15:04:25","slug":"naturcleaning-vadgesztenye-mosogel-15-l","status":"publish","type":"product","link":"https:\/\/naturcleaning.hu\/en\/product\/naturcleaning-vadgesztenye-mosogel-15-l\/","title":{"rendered":"Naturcleaning Vadgesztenye Mos\u00f3g\u00e9l 1,5 L"},"content":{"rendered":"<p><strong>Naturcleaning Vadgesztenye Mos\u00f3g\u00e9l \u2013 Term\u00e9szetes v\u00e9delem \u00e9s tisztas\u00e1g (1,5 L)<\/strong><\/p>\n<p>\u0150rizd meg ruh\u00e1id sz\u00edn\u00e9t \u00e9s tisztas\u00e1g\u00e1t a vadgesztenye erej\u00e9vel!<br \/>\nEz a k\u00fcl\u00f6nleges mos\u00f3g\u00e9l a vadgeszteny\u00e9ben tal\u00e1lhat\u00f3 term\u00e9szetes hat\u00f3anyagokra, az eszcinre \u00e9s szaponinokra \u00e9p\u00edt, melyek hat\u00e9konyan t\u00e1vol\u00edtj\u00e1k el a foltokat an\u00e9lk\u00fcl, hogy k\u00e1ros\u00edtan\u00e1k a sz\u00f6veteket vagy elsz\u00ednezn\u00e9k a feh\u00e9r ruh\u00e1kat. Sz\u00ednes \u00e9s feh\u00e9r ruh\u00e1khoz egyar\u00e1nt ide\u00e1lis v\u00e1laszt\u00e1s.<\/p>\n<p><strong>El\u0151ny\u00f6k:<\/strong><\/p>\n<p>\u2022 Term\u00e9szetes szaponinokkal a hat\u00e9kony folttiszt\u00edt\u00e1s\u00e9rt<\/p>\n<p>\u2022 Meg\u0151rzi a ruh\u00e1k sz\u00edn\u00e9t, nem sz\u00ednezi el a feh\u00e9reket<\/p>\n<p>\u2022 K\u00f6rnyezetbar\u00e1t, &gt;90%-ban biol\u00f3giailag leboml\u00f3 \u00f6sszetev\u0151k<\/p>\n<p>\u2022 Foszf\u00e1t- \u00e9s sz\u00ednez\u00e9kmentes formula<\/p>\n<p>\u2022 Hazai n\u00f6v\u00e9nyi eredet \u2013 nem ig\u00e9nyel t\u00e1voli importot<\/p>\n<p>\u2022 Alkalmas g\u00e9pi \u00e9s k\u00e9zi mos\u00e1shoz is<\/p>\n<p><strong>Adagol\u00e1s a ruh\u00e1k szennyezetts\u00e9g\u00e9t\u0151l f\u00fcgg\u0151en:<\/strong><\/p>\n<p>\u25ab Enyhe szennyezetts\u00e9g: 25\u201330 ml<br \/>\n\u25ab Er\u0151sebb szennyezetts\u00e9g: 30\u201335 ml<\/p>\n<p><strong>1,5 liter = kb. 50 mos\u00e1s<\/strong><br \/>\n<strong>Aj\u00e1nlott mos\u00e1si h\u0151fok: 30\u201360 \u00b0C<\/strong><\/p>\n<p>V\u00e1laszd a term\u00e9szet erej\u00e9t, \u00e9s tiszt\u00edts ruh\u00e1idat hat\u00e9konyan, k\u00f6rnyezettudatosan!<\/p>","protected":false},"excerpt":{"rendered":"<p>Naturcleaning Vadgesztenye Mos\u00f3g\u00e9l \u2013 Term\u00e9szetes v\u00e9delem \u00e9s tisztas\u00e1g (1,5 L) \u0150rizd meg ruh\u00e1id sz\u00edn\u00e9t \u00e9s tisztas\u00e1g\u00e1t a vadgesztenye erej\u00e9vel! Ez a k\u00fcl\u00f6nleges mos\u00f3g\u00e9l a vadgeszteny\u00e9ben tal\u00e1lhat\u00f3 term\u00e9szetes hat\u00f3anyagokra, az eszcinre \u00e9s szaponinokra \u00e9p\u00edt, melyek hat\u00e9konyan t\u00e1vol\u00edtj\u00e1k el a foltokat an\u00e9lk\u00fcl, hogy k\u00e1ros\u00edtan\u00e1k a sz\u00f6veteket vagy elsz\u00ednezn\u00e9k a feh\u00e9r ruh\u00e1kat. Sz\u00ednes \u00e9s feh\u00e9r ruh\u00e1khoz egyar\u00e1nt ide\u00e1lis [&hellip;]<\/p>\n","protected":false},"featured_media":30840,"comment_status":"open","ping_status":"closed","template":"","meta":{"_acf_changed":false},"product_brand":[],"product_cat":[17,720],"product_tag":[690,658],"class_list":{"0":"post-20839","1":"product","2":"type-product","3":"status-publish","4":"has-post-thumbnail","6":"product_cat-mososzer","7":"product_cat-ujdonsagok","8":"product_tag-50-mosas","9":"product_tag-uj-termek","11":"first","12":"instock","13":"shipping-taxable","14":"purchasable","15":"product-type-simple"},"acf":[],"_links":{"self":[{"href":"https:\/\/naturcleaning.hu\/en\/wp-json\/wp\/v2\/product\/20839","targetHints":{"allow":["GET"]}}],"collection":[{"href":"https:\/\/naturcleaning.hu\/en\/wp-json\/wp\/v2\/product"}],"about":[{"href":"https:\/\/naturcleaning.hu\/en\/wp-json\/wp\/v2\/types\/product"}],"replies":[{"embeddable":true,"href":"https:\/\/naturcleaning.hu\/en\/wp-json\/wp\/v2\/comments?post=20839"}],"wp:featuredmedia":[{"embeddable":true,"href":"https:\/\/naturcleaning.hu\/en\/wp-json\/wp\/v2\/media\/30840"}],"wp:attachment":[{"href":"https:\/\/naturcleaning.hu\/en\/wp-json\/wp\/v2\/media?parent=20839"}],"wp:term":[{"taxonomy":"product_brand","embeddable":true,"href":"https:\/\/naturcleaning.hu\/en\/wp-json\/wp\/v2\/product_brand?post=20839"},{"taxonomy":"product_cat","embeddable":true,"href":"https:\/\/naturcleaning.hu\/en\/wp-json\/wp\/v2\/product_cat?post=20839"},{"taxonomy":"product_tag","embeddable":true,"href":"https:\/\/naturcleaning.hu\/en\/wp-json\/wp\/v2\/product_tag?post=20839"}],"curies":[{"name":"wp","href":"https:\/\/api.w.org\/{rel}","templated":true}]}}