{"id":2026,"date":"2022-03-07T17:46:37","date_gmt":"2022-03-07T16:46:37","guid":{"rendered":"https:\/\/naturcleaning.hu\/?post_type=product&#038;p=2026"},"modified":"2024-12-19T20:33:15","modified_gmt":"2024-12-19T20:33:15","slug":"naturcleaning-black-mosogel","status":"publish","type":"product","link":"https:\/\/naturcleaning.hu\/en\/product\/naturcleaning-black-mosogel\/","title":{"rendered":"Naturcleaning Black hipoallerg\u00e9n mos\u00f3g\u00e9l 1,5 liter"},"content":{"rendered":"<p>Sz\u00e1modra is fontos, hogy a fekete \u00e9s s\u00f6t\u00e9t sz\u00edn\u0171 ruh\u00e1id meg\u0151rizz\u00e9k eredeti sz\u00e9ps\u00e9g\u00fcket?<\/p>\n<p>S\u00f6t\u00e9t ruhadarabokat viselni mindig st\u00edlusos v\u00e1laszt\u00e1s. Azonban a ruh\u00e1k gondoz\u00e1sa kih\u00edv\u00e1st jelenthet, hiszen a fekete k\u00fcl\u00f6n\u00f6sen hajlamos a kifakul\u00e1sra \u00e9s a b\u0151r\u00fcnk\u00f6n l\u00e9v\u0151 k\u00fcl\u00f6nb\u00f6z\u0151 olajok \u00e9s szennyez\u0151d\u00e9sek felsz\u00edv\u00e1s\u00e1ra. Szerencs\u00e9re van egy csod\u00e1latos megold\u00e1s a <strong>fekete ruh\u00e1k eredeti sz\u00edn\u00e9nek meg\u0151rz\u00e9s\u00e9re<\/strong>: a Naturcleaning Black mos\u00f3g\u00e9l. Kifejezetten fekete \u00e9s s\u00f6t\u00e9t ruh\u00e1k tiszt\u00edt\u00e1s\u00e1ra fejlesztett\u00fck ki. K\u00fcl\u00f6nleges formul\u00e1ja r\u00e9v\u00e9n meg\u00f3vja ruh\u00e1it a besz\u00fcrk\u00fcl\u00e9st\u0151l, seg\u00edt meg\u0151rizni a ruh\u00e1k eredeti sz\u00edn\u00e9t, \u00edgy mindig st\u00edlusosan \u00e9s magabiztosan viselheted a mindennapokban.<\/p>\n<p>A moshat\u00f3 anyagok eset\u00e9ben minden h\u0151m\u00e9rs\u00e9kleten sz\u00ednk\u00edm\u00e9l\u0151, valamint nem tartalmaz szintetikus fest\u00e9keket \u00e9s m\u00e9reganyagokat sem, \u00edgy eg\u00e9sz csal\u00e1dja sz\u00e1m\u00e1ra \u00e9s a k\u00f6rnyezet szempontj\u00e1b\u00f3l is biztons\u00e1gos megold\u00e1s.<\/p>\n<p>G\u00e9pi \u00e9s k\u00e9zi mos\u00e1shoz is alkalmazhat\u00f3.<\/p>\n<p>K\u00f6zvetlen\u00fcl a ruh\u00e1ra t\u00e9ve sem roncsolja a text\u00edli\u00e1kat.<\/p>\n<p>Nem haszn\u00e1lhat\u00f3 gyapj\u00fa \u00e9s selyem ruh\u00e1khoz, illetve, bambusz pelenk\u00e1k mos\u00e1s\u00e1ra nem alkalmas.<\/p>\n<p>Z\u00d6LD TIPPEK MOS\u00c1SHOZ: a meleg v\u00edz \u00f6nmag\u00e1ban is szennyold\u00f3 hat\u00e1s\u00fa, csak annyi mos\u00f3szert haszn\u00e1ljon, amennyi sz\u00fcks\u00e9ges. Mos\u00e1s el\u0151tt v\u00e9gezzen egyedi folttiszt\u00edt\u00e1st, sz\u00fcks\u00e9g szerint \u00e1ztassa be a szennyest. Csak akkor haszn\u00e1ljon \u00f6bl\u00edt\u0151t, ha sz\u00fcks\u00e9ges. Ismerje meg a mos\u00e1shoz haszn\u00e1lt v\u00edz kem\u00e9nys\u00e9g\u00e9t, vegye ezt figyelembe mos\u00e1s sor\u00e1n. L\u00e1gy v\u00edzben a mos\u00f3szeradagot ak\u00e1r harmad\u00e1val is cs\u00f6kkentheti.<\/p>","protected":false},"excerpt":{"rendered":"<p>Sz\u00e1modra is fontos, hogy a fekete \u00e9s s\u00f6t\u00e9t sz\u00edn\u0171 ruh\u00e1id meg\u0151rizz\u00e9k eredeti sz\u00e9ps\u00e9g\u00fcket? S\u00f6t\u00e9t ruhadarabokat viselni mindig st\u00edlusos v\u00e1laszt\u00e1s. Azonban a ruh\u00e1k gondoz\u00e1sa kih\u00edv\u00e1st jelenthet, hiszen a fekete k\u00fcl\u00f6n\u00f6sen hajlamos a kifakul\u00e1sra \u00e9s a b\u0151r\u00fcnk\u00f6n l\u00e9v\u0151 k\u00fcl\u00f6nb\u00f6z\u0151 olajok \u00e9s szennyez\u0151d\u00e9sek felsz\u00edv\u00e1s\u00e1ra. Szerencs\u00e9re van egy csod\u00e1latos megold\u00e1s a fekete ruh\u00e1k eredeti sz\u00edn\u00e9nek meg\u0151rz\u00e9s\u00e9re: a Naturcleaning Black [&hellip;]<\/p>\n","protected":false},"featured_media":27815,"comment_status":"open","ping_status":"closed","template":"","meta":{"_acf_changed":false},"product_brand":[],"product_cat":[17],"product_tag":[685],"class_list":{"0":"post-2026","1":"product","2":"type-product","3":"status-publish","4":"has-post-thumbnail","6":"product_cat-mososzer","7":"product_tag-26-mosas","9":"first","10":"instock","11":"shipping-taxable","12":"purchasable","13":"product-type-simple"},"acf":[],"_links":{"self":[{"href":"https:\/\/naturcleaning.hu\/en\/wp-json\/wp\/v2\/product\/2026","targetHints":{"allow":["GET"]}}],"collection":[{"href":"https:\/\/naturcleaning.hu\/en\/wp-json\/wp\/v2\/product"}],"about":[{"href":"https:\/\/naturcleaning.hu\/en\/wp-json\/wp\/v2\/types\/product"}],"replies":[{"embeddable":true,"href":"https:\/\/naturcleaning.hu\/en\/wp-json\/wp\/v2\/comments?post=2026"}],"wp:featuredmedia":[{"embeddable":true,"href":"https:\/\/naturcleaning.hu\/en\/wp-json\/wp\/v2\/media\/27815"}],"wp:attachment":[{"href":"https:\/\/naturcleaning.hu\/en\/wp-json\/wp\/v2\/media?parent=2026"}],"wp:term":[{"taxonomy":"product_brand","embeddable":true,"href":"https:\/\/naturcleaning.hu\/en\/wp-json\/wp\/v2\/product_brand?post=2026"},{"taxonomy":"product_cat","embeddable":true,"href":"https:\/\/naturcleaning.hu\/en\/wp-json\/wp\/v2\/product_cat?post=2026"},{"taxonomy":"product_tag","embeddable":true,"href":"https:\/\/naturcleaning.hu\/en\/wp-json\/wp\/v2\/product_tag?post=2026"}],"curies":[{"name":"wp","href":"https:\/\/api.w.org\/{rel}","templated":true}]}}