{"id":19371,"date":"2023-09-04T08:57:24","date_gmt":"2023-09-04T08:57:24","guid":{"rendered":"https:\/\/naturcleaning.hu\/?post_type=product&#038;p=19371"},"modified":"2024-12-06T18:44:07","modified_gmt":"2024-12-06T18:44:07","slug":"crepto-foliamentes-toalettpapir-3-retegu-12-tekercs-doboz","status":"publish","type":"product","link":"https:\/\/naturcleaning.hu\/en\/product\/crepto-foliamentes-toalettpapir-3-retegu-12-tekercs-doboz\/","title":{"rendered":"Crepto f\u00f3liamentes toalettpap\u00edr 3 r\u00e9teg\u0171 12 tekercs\/doboz"},"content":{"rendered":"<p>A magas min\u0151s\u00e9g\u0171 Crepto wc pap\u00edr er\u0151s nedvsz\u00edv\u00f3 k\u00e9pess\u00e9g\u0171 \u00e9s\u00a0rendk\u00edv\u00fcl puha tapint\u00e1s\u00fa.<\/p>\n<p>A Crepto 3240 f\u00f3liamentes toalettpap\u00edr 12 olyan kompakt tekercset tartalmaz pap\u00edrdobozba csomagolva, mely megfelel\u00a0 24 \u00e1tlagos tekercs pap\u00edrm\u00e9ret\u00e9nek. A term\u00e9k kis m\u00e9rete, \u00e9s k\u00f6nny\u0171 hordozhat\u00f3s\u00e1ga ellen\u00e9re is elegend\u0151 egy n\u00e9gytag\u00fa h\u00e1ztart\u00e1s egy havi higi\u00e9niai pap\u00edr ig\u00e9ny\u00e9nek kiszolg\u00e1l\u00e1s\u00e1ra.<\/p>\n<p>- f\u00f3liamentes<\/p>\n<p>- illatanyag- mentes<\/p>\n<p>- fest\u00e9kanyag mentes<\/p>\n<p>Anyaga: cellul\u00f3z<\/p>","protected":false},"excerpt":{"rendered":"<p>A magas min\u0151s\u00e9g\u0171 Crepto wc pap\u00edr er\u0151s nedvsz\u00edv\u00f3 k\u00e9pess\u00e9g\u0171 \u00e9s\u00a0rendk\u00edv\u00fcl puha tapint\u00e1s\u00fa. A Crepto 3240 f\u00f3liamentes toalettpap\u00edr 12 olyan kompakt tekercset tartalmaz pap\u00edrdobozba csomagolva, mely megfelel\u00a0 24 \u00e1tlagos tekercs pap\u00edrm\u00e9ret\u00e9nek. A term\u00e9k kis m\u00e9rete, \u00e9s k\u00f6nny\u0171 hordozhat\u00f3s\u00e1ga ellen\u00e9re is elegend\u0151 egy n\u00e9gytag\u00fa h\u00e1ztart\u00e1s egy havi higi\u00e9niai pap\u00edr ig\u00e9ny\u00e9nek kiszolg\u00e1l\u00e1s\u00e1ra. - f\u00f3liamentes - illatanyag- mentes - [&hellip;]<\/p>\n","protected":false},"featured_media":19379,"comment_status":"open","ping_status":"closed","template":"","meta":{"_acf_changed":false},"product_brand":[],"product_cat":[26,25],"product_tag":[],"class_list":{"0":"post-19371","1":"product","2":"type-product","3":"status-publish","4":"has-post-thumbnail","6":"product_cat-bio-torlokendo-mosogatoszivacs-szemeteszsak","7":"product_cat-wc-higieniai-termek","9":"first","10":"instock","11":"shipping-taxable","12":"purchasable","13":"product-type-simple"},"acf":[],"_links":{"self":[{"href":"https:\/\/naturcleaning.hu\/en\/wp-json\/wp\/v2\/product\/19371","targetHints":{"allow":["GET"]}}],"collection":[{"href":"https:\/\/naturcleaning.hu\/en\/wp-json\/wp\/v2\/product"}],"about":[{"href":"https:\/\/naturcleaning.hu\/en\/wp-json\/wp\/v2\/types\/product"}],"replies":[{"embeddable":true,"href":"https:\/\/naturcleaning.hu\/en\/wp-json\/wp\/v2\/comments?post=19371"}],"wp:featuredmedia":[{"embeddable":true,"href":"https:\/\/naturcleaning.hu\/en\/wp-json\/wp\/v2\/media\/19379"}],"wp:attachment":[{"href":"https:\/\/naturcleaning.hu\/en\/wp-json\/wp\/v2\/media?parent=19371"}],"wp:term":[{"taxonomy":"product_brand","embeddable":true,"href":"https:\/\/naturcleaning.hu\/en\/wp-json\/wp\/v2\/product_brand?post=19371"},{"taxonomy":"product_cat","embeddable":true,"href":"https:\/\/naturcleaning.hu\/en\/wp-json\/wp\/v2\/product_cat?post=19371"},{"taxonomy":"product_tag","embeddable":true,"href":"https:\/\/naturcleaning.hu\/en\/wp-json\/wp\/v2\/product_tag?post=19371"}],"curies":[{"name":"wp","href":"https:\/\/api.w.org\/{rel}","templated":true}]}}