{"id":19360,"date":"2023-09-04T09:00:21","date_gmt":"2023-09-04T09:00:21","guid":{"rendered":"https:\/\/naturcleaning.hu\/?post_type=product&#038;p=19360"},"modified":"2025-09-16T19:09:50","modified_gmt":"2025-09-16T19:09:50","slug":"szilvia-foliamentes-papirtorlo-2-retegu-6-tekercs-doboz","status":"publish","type":"product","link":"https:\/\/naturcleaning.hu\/en\/product\/szilvia-foliamentes-papirtorlo-2-retegu-6-tekercs-doboz\/","title":{"rendered":"Szilvia f\u00f3liamentes pap\u00edrt\u00f6rl\u0151, 2 r\u00e9teg\u0171, 6 tekercs\/doboz"},"content":{"rendered":"<p>Nagy kiszerel\u00e9s\u0171, 6 tekercses, 2 r\u00e9teg\u0171, 115 lapos dobozos pap\u00edrt\u00f6rl\u0151 k\u00f6rnyezetbar\u00e1t, f\u00f3liamentes csomagol\u00e1sban.<\/p>\n<p>Kiv\u00e1l\u00f3 min\u0151s\u00e9g\u0171, j\u00f3 nedvsz\u00edv\u00f3 k\u00e9pess\u00e9g\u0171 2 r\u00e9teg\u0171 konyhai pap\u00edrt\u00f6rl\u0151 a tradicion\u00e1lis magyar Szilvia m\u00e1rk\u00e1t\u00f3l.<\/p>\n<p>A Szilvia pap\u00edrt\u00f6rl\u0151k 100%-ban hazai feldolgoz\u00e1s\u00faak, a gy\u00e1rt\u00f3 c\u00e9g 100%-ban magyar tulajdon\u00fa.<\/p>\n<p>- f\u00f3liamentes<\/p>\n<p>- fest\u00e9kanyag mentes<\/p>\n<p>- illatanyag-mentes<\/p>\n<p>Alapanyag: cellul\u00f3z<\/p>","protected":false},"excerpt":{"rendered":"<p>Nagy kiszerel\u00e9s\u0171, 6 tekercses, 2 r\u00e9teg\u0171, 115 lapos dobozos pap\u00edrt\u00f6rl\u0151 k\u00f6rnyezetbar\u00e1t, f\u00f3liamentes csomagol\u00e1sban. Kiv\u00e1l\u00f3 min\u0151s\u00e9g\u0171, j\u00f3 nedvsz\u00edv\u00f3 k\u00e9pess\u00e9g\u0171 2 r\u00e9teg\u0171 konyhai pap\u00edrt\u00f6rl\u0151 a tradicion\u00e1lis magyar Szilvia m\u00e1rk\u00e1t\u00f3l. A Szilvia pap\u00edrt\u00f6rl\u0151k 100%-ban hazai feldolgoz\u00e1s\u00faak, a gy\u00e1rt\u00f3 c\u00e9g 100%-ban magyar tulajdon\u00fa. - f\u00f3liamentes - fest\u00e9kanyag mentes - illatanyag-mentes Alapanyag: cellul\u00f3z<\/p>","protected":false},"featured_media":27874,"comment_status":"open","ping_status":"closed","template":"","meta":{"_acf_changed":false},"product_brand":[],"product_cat":[24,26],"product_tag":[],"class_list":{"0":"post-19360","1":"product","2":"type-product","3":"status-publish","4":"has-post-thumbnail","6":"product_cat-altalanos-tisztito-es-felmososzer","7":"product_cat-bio-torlokendo-mosogatoszivacs-szemeteszsak","9":"first","10":"instock","11":"shipping-taxable","12":"purchasable","13":"product-type-simple"},"acf":[],"_links":{"self":[{"href":"https:\/\/naturcleaning.hu\/en\/wp-json\/wp\/v2\/product\/19360","targetHints":{"allow":["GET"]}}],"collection":[{"href":"https:\/\/naturcleaning.hu\/en\/wp-json\/wp\/v2\/product"}],"about":[{"href":"https:\/\/naturcleaning.hu\/en\/wp-json\/wp\/v2\/types\/product"}],"replies":[{"embeddable":true,"href":"https:\/\/naturcleaning.hu\/en\/wp-json\/wp\/v2\/comments?post=19360"}],"wp:featuredmedia":[{"embeddable":true,"href":"https:\/\/naturcleaning.hu\/en\/wp-json\/wp\/v2\/media\/27874"}],"wp:attachment":[{"href":"https:\/\/naturcleaning.hu\/en\/wp-json\/wp\/v2\/media?parent=19360"}],"wp:term":[{"taxonomy":"product_brand","embeddable":true,"href":"https:\/\/naturcleaning.hu\/en\/wp-json\/wp\/v2\/product_brand?post=19360"},{"taxonomy":"product_cat","embeddable":true,"href":"https:\/\/naturcleaning.hu\/en\/wp-json\/wp\/v2\/product_cat?post=19360"},{"taxonomy":"product_tag","embeddable":true,"href":"https:\/\/naturcleaning.hu\/en\/wp-json\/wp\/v2\/product_tag?post=19360"}],"curies":[{"name":"wp","href":"https:\/\/api.w.org\/{rel}","templated":true}]}}