{"id":19348,"date":"2023-09-04T09:01:53","date_gmt":"2023-09-04T09:01:53","guid":{"rendered":"https:\/\/naturcleaning.hu\/?post_type=product&#038;p=19348"},"modified":"2025-09-16T19:08:22","modified_gmt":"2025-09-16T19:08:22","slug":"szep-foliamentes-papir-zsebkendo-3-retegu-340-db-doboz","status":"publish","type":"product","link":"https:\/\/naturcleaning.hu\/en\/product\/szep-foliamentes-papir-zsebkendo-3-retegu-340-db-doboz\/","title":{"rendered":"Sz\u00e9p F\u00f3liamentes pap\u00edr zsebkend\u0151 3 r\u00e9teg\u0171 340 db\/doboz"},"content":{"rendered":"<p>Pap\u00edrdobozos, f\u00f3liamentes k\u00f6rnyezettudatos pap\u00edr zsebkend\u0151. Egy dobozban 340 db 3 r\u00e9teg\u0171, min\u0151s\u00e9gi pap\u00edr zsebkend\u0151 tal\u00e1lhat\u00f3. Haszn\u00e1ljon min\u0151s\u00e9get gazdas\u00e1gosan, mik\u00f6zben \u00f3vja a term\u00e9szetet.<\/p>","protected":false},"excerpt":{"rendered":"<p>Pap\u00edrdobozos, f\u00f3liamentes k\u00f6rnyezettudatos pap\u00edr zsebkend\u0151. Egy dobozban 340 db 3 r\u00e9teg\u0171, min\u0151s\u00e9gi pap\u00edr zsebkend\u0151 tal\u00e1lhat\u00f3. Haszn\u00e1ljon min\u0151s\u00e9get gazdas\u00e1gosan, mik\u00f6zben \u00f3vja a term\u00e9szetet.<\/p>","protected":false},"featured_media":27875,"comment_status":"open","ping_status":"closed","template":"","meta":{"_acf_changed":false},"product_brand":[],"product_cat":[24,26,36],"product_tag":[],"class_list":{"0":"post-19348","1":"product","2":"type-product","3":"status-publish","4":"has-post-thumbnail","6":"product_cat-altalanos-tisztito-es-felmososzer","7":"product_cat-bio-torlokendo-mosogatoszivacs-szemeteszsak","8":"product_cat-utazashoz","10":"first","11":"instock","12":"shipping-taxable","13":"purchasable","14":"product-type-simple"},"acf":[],"_links":{"self":[{"href":"https:\/\/naturcleaning.hu\/en\/wp-json\/wp\/v2\/product\/19348","targetHints":{"allow":["GET"]}}],"collection":[{"href":"https:\/\/naturcleaning.hu\/en\/wp-json\/wp\/v2\/product"}],"about":[{"href":"https:\/\/naturcleaning.hu\/en\/wp-json\/wp\/v2\/types\/product"}],"replies":[{"embeddable":true,"href":"https:\/\/naturcleaning.hu\/en\/wp-json\/wp\/v2\/comments?post=19348"}],"wp:featuredmedia":[{"embeddable":true,"href":"https:\/\/naturcleaning.hu\/en\/wp-json\/wp\/v2\/media\/27875"}],"wp:attachment":[{"href":"https:\/\/naturcleaning.hu\/en\/wp-json\/wp\/v2\/media?parent=19348"}],"wp:term":[{"taxonomy":"product_brand","embeddable":true,"href":"https:\/\/naturcleaning.hu\/en\/wp-json\/wp\/v2\/product_brand?post=19348"},{"taxonomy":"product_cat","embeddable":true,"href":"https:\/\/naturcleaning.hu\/en\/wp-json\/wp\/v2\/product_cat?post=19348"},{"taxonomy":"product_tag","embeddable":true,"href":"https:\/\/naturcleaning.hu\/en\/wp-json\/wp\/v2\/product_tag?post=19348"}],"curies":[{"name":"wp","href":"https:\/\/api.w.org\/{rel}","templated":true}]}}