{"id":193,"date":"2021-05-31T13:23:10","date_gmt":"2021-05-31T13:23:10","guid":{"rendered":"https:\/\/cudyfuture.nomaddigital.hu\/?post_type=product&#038;p=193"},"modified":"2026-01-18T14:49:39","modified_gmt":"2026-01-18T14:49:39","slug":"naturcleaning-biosept-higienias-tisztito-750ml","status":"publish","type":"product","link":"https:\/\/naturcleaning.hu\/en\/product\/naturcleaning-biosept-higienias-tisztito-750ml\/","title":{"rendered":"Naturcleaning Biosept - Hygienic cleanser 750ml"},"content":{"rendered":"<div><strong>BioSept ensures perfect hygiene and cleanliness for your entire household.<\/strong><\/div>\n<div><\/div>\n<div>Kiv\u00e1l\u00f3an haszn\u00e1lhat\u00f3 padl\u00f3k, csemp\u00e9k \u00e9s\u00a0\u00a0moshat\u00f3 fel\u00fcletek, WC-k \u00e9s f\u00fcrd\u0151szob\u00e1k higi\u00e9nikus tiszt\u00edt\u00e1s\u00e1ra. Levendula \u00e9s rozmaring illata friss, vir\u00e1gos \u00e9s f\u0171szeres egyben.<\/div>\n<p>A Naturcleaning hipoallerg\u00e9n BioSept higi\u00e9ni\u00e1s tiszt\u00edt\u00f3 <strong>egy tudatos d\u00f6nt\u00e9s.<\/strong><\/p>\n<p><strong>How to use:<\/strong><br \/>\n- Toilet bowls: inject under the rim of the toilet bowl (approx. 80 ml) and leave on for 15 minutes. Leave on overnight for even better effect and to remove dirt.<br \/>\n- Kitchen \/ bathroom drains: can be poured into the opening to eliminate unpleasant odors. Leave on for 5 minutes.<br \/>\n- Washbasins \/ bathtubs \/ sinks: inject into the drain and overflow openings and leave on for 5 minutes, then rinse thoroughly.<\/p>\n<div class=\"row singleProduct\">\n<div class=\"col-sm-12\">\n<div class=\"media flex-wrap row\">\n<div class=\"media-body col-md-7\">\n<div class=\"tabArea\">\n<div class=\"tab-content\">\n<div id=\"tab-3\" class=\"tab-pane fade active show\">\n<p>&nbsp;<\/p>\n<\/div>\n<\/div>\n<\/div>\n<\/div>\n<\/div>\n<\/div>\n<\/div>","protected":false},"excerpt":{"rendered":"<p>A BioSept biztos\u00edtja a t\u00f6k\u00e9letes higi\u00e9ni\u00e1t \u00e9s\u00a0\u00a0tisztas\u00e1got az eg\u00e9sz h\u00e1ztart\u00e1sa sz\u00e1m\u00e1ra. Kiv\u00e1l\u00f3an haszn\u00e1lhat\u00f3 padl\u00f3k, csemp\u00e9k \u00e9s\u00a0\u00a0moshat\u00f3 fel\u00fcletek, WC-k \u00e9s f\u00fcrd\u0151szob\u00e1k higi\u00e9nikus tiszt\u00edt\u00e1s\u00e1ra. Levendula \u00e9s rozmaring illata friss, vir\u00e1gos \u00e9s f\u0171szeres egyben. A Naturcleaning hipoallerg\u00e9n BioSept higi\u00e9ni\u00e1s tiszt\u00edt\u00f3 egy tudatos d\u00f6nt\u00e9s. Haszn\u00e1lati tan\u00e1csok: - WC kagyl\u00f3k: fecskendezze a WC kagyl\u00f3 pereme al\u00e1 (kb. 80 ml-t) \u00e9s [&hellip;]<\/p>\n","protected":false},"featured_media":21743,"comment_status":"open","ping_status":"closed","template":"","meta":{"_acf_changed":false},"product_brand":[],"product_cat":[645,25],"product_tag":[],"class_list":{"0":"post-193","1":"product","2":"type-product","3":"status-publish","4":"has-post-thumbnail","6":"product_cat-penztar_slider","7":"product_cat-wc-higieniai-termek","9":"first","10":"instock","11":"shipping-taxable","12":"purchasable","13":"product-type-simple"},"acf":[],"_links":{"self":[{"href":"https:\/\/naturcleaning.hu\/en\/wp-json\/wp\/v2\/product\/193","targetHints":{"allow":["GET"]}}],"collection":[{"href":"https:\/\/naturcleaning.hu\/en\/wp-json\/wp\/v2\/product"}],"about":[{"href":"https:\/\/naturcleaning.hu\/en\/wp-json\/wp\/v2\/types\/product"}],"replies":[{"embeddable":true,"href":"https:\/\/naturcleaning.hu\/en\/wp-json\/wp\/v2\/comments?post=193"}],"wp:featuredmedia":[{"embeddable":true,"href":"https:\/\/naturcleaning.hu\/en\/wp-json\/wp\/v2\/media\/21743"}],"wp:attachment":[{"href":"https:\/\/naturcleaning.hu\/en\/wp-json\/wp\/v2\/media?parent=193"}],"wp:term":[{"taxonomy":"product_brand","embeddable":true,"href":"https:\/\/naturcleaning.hu\/en\/wp-json\/wp\/v2\/product_brand?post=193"},{"taxonomy":"product_cat","embeddable":true,"href":"https:\/\/naturcleaning.hu\/en\/wp-json\/wp\/v2\/product_cat?post=193"},{"taxonomy":"product_tag","embeddable":true,"href":"https:\/\/naturcleaning.hu\/en\/wp-json\/wp\/v2\/product_tag?post=193"}],"curies":[{"name":"wp","href":"https:\/\/api.w.org\/{rel}","templated":true}]}}