{"id":191,"date":"2021-05-31T13:14:53","date_gmt":"2021-05-31T13:14:53","guid":{"rendered":"https:\/\/cudyfuture.nomaddigital.hu\/?post_type=product&#038;p=191"},"modified":"2025-11-26T19:37:37","modified_gmt":"2025-11-26T19:37:37","slug":"natural-torlokendo","status":"publish","type":"product","link":"https:\/\/naturcleaning.hu\/en\/product\/natural-torlokendo\/","title":{"rendered":"Natural wipes"},"content":{"rendered":"<p>A 100% natural wipe made of corn that degrades quickly after use without polluting the environment.<\/p>\n<p>The wipe has a thick, soft grip and is suitable for everyday use. We especially recommend it for furniture, glass surfaces and mirrors.<\/p>","protected":false},"excerpt":{"rendered":"<p>Kukoric\u00e1b\u00f3l k\u00e9sz\u00fclt 100%-osan term\u00e9szetes alapanyag\u00fa t\u00f6rl\u0151kend\u0151, amely haszn\u00e1lat ut\u00e1n gyorsan lebomlik, nem szennyezve a k\u00f6rnyezetet. A kend\u0151 vastag, puha fog\u00e1s\u00fa, alkalmas mindennapos haszn\u00e1latra. Kifejezetten aj\u00e1nljuk b\u00fatorhoz, \u00fcvegfel\u00fclethez, t\u00fck\u00f6rh\u00f6z.<\/p>","protected":false},"featured_media":4087,"comment_status":"open","ping_status":"closed","template":"","meta":{"_acf_changed":false},"product_brand":[],"product_cat":[26],"product_tag":[],"class_list":{"0":"post-191","1":"product","2":"type-product","3":"status-publish","4":"has-post-thumbnail","6":"product_cat-bio-torlokendo-mosogatoszivacs-szemeteszsak","8":"first","9":"instock","10":"shipping-taxable","11":"purchasable","12":"product-type-simple"},"acf":[],"_links":{"self":[{"href":"https:\/\/naturcleaning.hu\/en\/wp-json\/wp\/v2\/product\/191","targetHints":{"allow":["GET"]}}],"collection":[{"href":"https:\/\/naturcleaning.hu\/en\/wp-json\/wp\/v2\/product"}],"about":[{"href":"https:\/\/naturcleaning.hu\/en\/wp-json\/wp\/v2\/types\/product"}],"replies":[{"embeddable":true,"href":"https:\/\/naturcleaning.hu\/en\/wp-json\/wp\/v2\/comments?post=191"}],"wp:featuredmedia":[{"embeddable":true,"href":"https:\/\/naturcleaning.hu\/en\/wp-json\/wp\/v2\/media\/4087"}],"wp:attachment":[{"href":"https:\/\/naturcleaning.hu\/en\/wp-json\/wp\/v2\/media?parent=191"}],"wp:term":[{"taxonomy":"product_brand","embeddable":true,"href":"https:\/\/naturcleaning.hu\/en\/wp-json\/wp\/v2\/product_brand?post=191"},{"taxonomy":"product_cat","embeddable":true,"href":"https:\/\/naturcleaning.hu\/en\/wp-json\/wp\/v2\/product_cat?post=191"},{"taxonomy":"product_tag","embeddable":true,"href":"https:\/\/naturcleaning.hu\/en\/wp-json\/wp\/v2\/product_tag?post=191"}],"curies":[{"name":"wp","href":"https:\/\/api.w.org\/{rel}","templated":true}]}}