{"id":189,"date":"2021-05-31T13:11:36","date_gmt":"2021-05-31T13:11:36","guid":{"rendered":"https:\/\/cudyfuture.nomaddigital.hu\/?post_type=product&#038;p=189"},"modified":"2024-11-21T14:20:33","modified_gmt":"2024-11-21T14:20:33","slug":"natural-mosogatoszivacs-2-db-cs","status":"publish","type":"product","link":"https:\/\/naturcleaning.hu\/en\/product\/natural-mosogatoszivacs-2-db-cs\/","title":{"rendered":"Bio sponge 2 pcs \/ pack."},"content":{"rendered":"<p>Bio sponge<strong> with coconut<\/strong> scrubby side and high quality polyurethane sponge.<\/p>","protected":false},"excerpt":{"rendered":"<p>Organikus mosogat\u00f3szivacs term\u00e9szetes k\u00f3kuszrostb\u00f3l k\u00e9sz\u00edtett d\u00f6rzsfel\u00fclettel \u00e9s hozz\u00e1 ill\u0151 kiv\u00e1l\u00f3 min\u0151s\u00e9g\u0171 poliuret\u00e1n szivaccsal.<\/p>","protected":false},"featured_media":4085,"comment_status":"open","ping_status":"closed","template":"","meta":{"_acf_changed":false},"product_brand":[],"product_cat":[26],"product_tag":[],"class_list":{"0":"post-189","1":"product","2":"type-product","3":"status-publish","4":"has-post-thumbnail","6":"product_cat-bio-torlokendo-mosogatoszivacs-szemeteszsak","8":"first","9":"instock","10":"shipping-taxable","11":"purchasable","12":"product-type-simple"},"acf":[],"_links":{"self":[{"href":"https:\/\/naturcleaning.hu\/en\/wp-json\/wp\/v2\/product\/189","targetHints":{"allow":["GET"]}}],"collection":[{"href":"https:\/\/naturcleaning.hu\/en\/wp-json\/wp\/v2\/product"}],"about":[{"href":"https:\/\/naturcleaning.hu\/en\/wp-json\/wp\/v2\/types\/product"}],"replies":[{"embeddable":true,"href":"https:\/\/naturcleaning.hu\/en\/wp-json\/wp\/v2\/comments?post=189"}],"wp:featuredmedia":[{"embeddable":true,"href":"https:\/\/naturcleaning.hu\/en\/wp-json\/wp\/v2\/media\/4085"}],"wp:attachment":[{"href":"https:\/\/naturcleaning.hu\/en\/wp-json\/wp\/v2\/media?parent=189"}],"wp:term":[{"taxonomy":"product_brand","embeddable":true,"href":"https:\/\/naturcleaning.hu\/en\/wp-json\/wp\/v2\/product_brand?post=189"},{"taxonomy":"product_cat","embeddable":true,"href":"https:\/\/naturcleaning.hu\/en\/wp-json\/wp\/v2\/product_cat?post=189"},{"taxonomy":"product_tag","embeddable":true,"href":"https:\/\/naturcleaning.hu\/en\/wp-json\/wp\/v2\/product_tag?post=189"}],"curies":[{"name":"wp","href":"https:\/\/api.w.org\/{rel}","templated":true}]}}