{"id":185,"date":"2021-05-31T13:07:58","date_gmt":"2021-05-31T13:07:58","guid":{"rendered":"https:\/\/cudyfuture.nomaddigital.hu\/?post_type=product&#038;p=185"},"modified":"2025-11-27T22:47:31","modified_gmt":"2025-11-27T22:47:31","slug":"eco-natural-kender-mosogatoszivacs-6db","status":"publish","type":"product","link":"https:\/\/naturcleaning.hu\/en\/product\/eco-natural-kender-mosogatoszivacs-6db\/","title":{"rendered":"Eco Natural hemp dishwashing sponge 6pcs"},"content":{"rendered":"<p>Natural hemp fiber dishwashing sponge with a friction surface and a matching high-quality polyurethane sponge.<\/p>\n<p>The effective, yet gentle rubbing effect is because of the plant-derived materials used.<\/p>\n<p>For the first time, walnut and coconut shells are used as abrasives.<\/p>\n<p>Dishwashing sponge made of hemp fiber with natural ingredients.<\/p>\n<p><strong>It can be used to remove even the most stubborn dirt.<\/strong><\/p>\n<p>Rinse before first use!<\/p>","protected":false},"excerpt":{"rendered":"<p>Term\u00e9szetes kenderrostb\u00f3l k\u00e9sz\u00edtett d\u00f6rzsfel\u00fclettel \u00e9s a hozz\u00e1 ill\u0151 kiv\u00e1l\u00f3 min\u0151s\u00e9g\u0171 poliuret\u00e1n szivaccsal kialak\u00edtott mosogat\u00f3szivacs. A hat\u00e9kony, de m\u00e9gis k\u00edm\u00e9letes d\u00f6rzshat\u00e1st a felhaszn\u00e1lt n\u00f6v\u00e9nyi eredet\u0171 anyagoknak k\u00f6sz\u00f6nhetj\u00fck. El\u0151sz\u00f6r ker\u00fcl alkalmaz\u00e1sra a di\u00f3 - \u00e9s a k\u00f3kuszdi\u00f3 h\u00e9j, mint alkalmazott s\u00farol\u00f3anyag. Kenderrost felhaszn\u00e1l\u00e1s\u00e1val k\u00e9sz\u00fclt, term\u00e9szetes alapanyag\u00fa mosogat\u00f3szivacs. Rendk\u00edv\u00fcl hat\u00e9konyan t\u00e1vol\u00edthat\u00f3 el vele a legmakacsabb szennyez\u0151d\u00e9s is. Els\u0151 [&hellip;]<\/p>\n","protected":false},"featured_media":4088,"comment_status":"open","ping_status":"closed","template":"","meta":{"_acf_changed":false},"product_brand":[],"product_cat":[26],"product_tag":[],"class_list":{"0":"post-185","1":"product","2":"type-product","3":"status-publish","4":"has-post-thumbnail","6":"product_cat-bio-torlokendo-mosogatoszivacs-szemeteszsak","8":"first","9":"instock","10":"shipping-taxable","11":"purchasable","12":"product-type-simple"},"acf":[],"_links":{"self":[{"href":"https:\/\/naturcleaning.hu\/en\/wp-json\/wp\/v2\/product\/185","targetHints":{"allow":["GET"]}}],"collection":[{"href":"https:\/\/naturcleaning.hu\/en\/wp-json\/wp\/v2\/product"}],"about":[{"href":"https:\/\/naturcleaning.hu\/en\/wp-json\/wp\/v2\/types\/product"}],"replies":[{"embeddable":true,"href":"https:\/\/naturcleaning.hu\/en\/wp-json\/wp\/v2\/comments?post=185"}],"wp:featuredmedia":[{"embeddable":true,"href":"https:\/\/naturcleaning.hu\/en\/wp-json\/wp\/v2\/media\/4088"}],"wp:attachment":[{"href":"https:\/\/naturcleaning.hu\/en\/wp-json\/wp\/v2\/media?parent=185"}],"wp:term":[{"taxonomy":"product_brand","embeddable":true,"href":"https:\/\/naturcleaning.hu\/en\/wp-json\/wp\/v2\/product_brand?post=185"},{"taxonomy":"product_cat","embeddable":true,"href":"https:\/\/naturcleaning.hu\/en\/wp-json\/wp\/v2\/product_cat?post=185"},{"taxonomy":"product_tag","embeddable":true,"href":"https:\/\/naturcleaning.hu\/en\/wp-json\/wp\/v2\/product_tag?post=185"}],"curies":[{"name":"wp","href":"https:\/\/api.w.org\/{rel}","templated":true}]}}