{"id":18446,"date":"2023-08-07T07:31:08","date_gmt":"2023-08-07T07:31:08","guid":{"rendered":"https:\/\/naturcleaning.hu\/?post_type=product&#038;p=18446"},"modified":"2025-02-18T13:53:16","modified_gmt":"2025-02-18T13:53:16","slug":"naturcleaning-mosogel-white-hipoallergen-mosogel-3-liter","status":"publish","type":"product","link":"https:\/\/naturcleaning.hu\/en\/product\/naturcleaning-mosogel-white-hipoallergen-mosogel-3-liter\/","title":{"rendered":"Naturcleaning White hipoallerg\u00e9n mos\u00f3g\u00e9l 3 liter"},"content":{"rendered":"<p style=\"text-align: center\"><strong>Naturcleaning\u00a0 Hipoallerg\u00e9n mos\u00f3g\u00e9l feh\u00e9r ruh\u00e1khoz<\/strong><\/p>\n<p><strong>Features:<\/strong><br \/>\n-Environmentally conscious <strong>b\u0151rk\u00edm\u00e9l\u0151<\/strong> mos\u00f3szer<br \/>\n-Of course very effective<br \/>\n-Plant ingredients<br \/>\n-<strong>Hipoallerg\u00e9n<\/strong><br \/>\n- <strong>Alacsony h\u0151fokon is hat\u00e9kony<\/strong><br \/>\n<strong>-For white clothes<\/strong><br \/>\n-Can be used for both machine and hand washing<br \/>\n-<strong>Moshat\u00f3 \u00e9s bambusz pelenk\u00e1khoz is kiv\u00e1l\u00f3<\/strong><br \/>\n-phosphate-free, chlorine-free, paraben-free, cruelty-free, palm oil-free, vegan<br \/>\n-Biodegradable<br \/>\n-Economical dosing<br \/>\n-Soft towels, velvety clothes<br \/>\n- It can help preserve the bright whiteness of clothes<br \/>\n-It protects the clothes from getting grey<br \/>\n- <strong>Menyasszonyi ruh\u00e1k tiszt\u00edt\u00e1s\u00e1hoz is<\/strong> aj\u00e1nlott term\u00e9k.<br \/>\n-Hungarian product<br \/>\n-Refillable bottle<\/p>\n<p><strong>Description:<\/strong><br \/>\nA Naturcleaning Hipoallerg\u00e9n mos\u00f3g\u00e9l feh\u00e9r ruh\u00e1khoz foszf\u00e1tmentes, kl\u00f3rmentes, parab\u00e9nmentes, \u00e1llatk\u00eds\u00e9rlet mentes, p\u00e1lmaolaj mentes, veg\u00e1n, term\u00e9szetes \u00f6sszetev\u0151kb\u0151l k\u00e9sz\u00fclt (kukoricaolaj, k\u00f3kuszolaj). Biol\u00f3giailag j\u00f3l leboml\u00f3 fel\u00fcletakt\u00edv anyagokat tartalmaz. G\u00e9pi \u00e9s k\u00e9zi mos\u00e1shoz egyar\u00e1nt haszn\u00e1lhat\u00f3ak. Nagyon j\u00f3l, \u00f6bl\u00edthet\u0151, speci\u00e1lis \u00f6sszet\u00e9tel\u00e9nek k\u00f6sz\u00f6nhet\u0151en \u00f6bl\u00edt\u0151 haszn\u00e1lata n\u00e9lk\u00fcl is kellemes illat\u00fa, tiszta, puha tapint\u00e1s\u00fa ruh\u00e1kat vehet\u00fcnk fel mos\u00e1s ut\u00e1n. A text\u00edli\u00e1ban nem marad feh\u00e9r mos\u00f3szermaradv\u00e1ny.<br \/>\nA Naturcleaning mos\u00f3szer feh\u00e9r ruh\u00e1khoz hat\u00e9konyan tiszt\u00edtja a ruh\u00e1kat eg\u00e9szen a sz\u00e1lak m\u00e9ly\u00e9n \u00e9s \u00f3vja \u0151ket a besz\u00fcrk\u00fcl\u00e9st\u0151l is. <strong>Magas tiszt\u00edt\u00f3 \u00e9s folttiszt\u00edt\u00f3 ereje elt\u00e1vol\u00edtja a makacs foltokat is, valamint semleges\u00edti a kellemetlen szagokat.<\/strong><br \/>\nNaturcleaning Hipoallerg\u00e9n mos\u00f3szer k\u00edm\u00e9letesen tiszt\u00edt, <strong>gyapj\u00fa \u00e9s selyem anyagokhoz is<\/strong> t\u00f6k\u00e9letes. Nem tartalmaz cellul\u00e1z enzimet, \u00edgy <strong>bambusz pelenk\u00e1k mos\u00e1s\u00e1ra is<\/strong> alkalmas.<br \/>\nNaturcleaning washing gel concentrate is made from naturally occurring ingredients, so by using a little washing gel, perfect results can be achieved.<br \/>\nDue to its natural based composition, it does not pollute the environment. It does not pollute our living waters as it is completely biodegradable.<br \/>\nIt can be used successfully for washing sensitive fabrics even with cold water washing.<br \/>\nThanks to its extraordinary composition, it is also excellent for cleaning wedding dresses.<\/p>","protected":false},"excerpt":{"rendered":"<p>Naturcleaning\u00a0 Hipoallerg\u00e9n mos\u00f3g\u00e9l feh\u00e9r ruh\u00e1khoz Jellemz\u0151i: -K\u00f6rnyezettudatos, b\u0151rk\u00edm\u00e9l\u0151 mos\u00f3szer -Term\u00e9szetesen hat\u00e9kony -N\u00f6v\u00e9nyi \u00f6sszetev\u0151k -Hipoallerg\u00e9n - Alacsony h\u0151fokon is hat\u00e9kony - Feh\u00e9r ruh\u00e1khoz -G\u00e9pi \u00e9s k\u00e9zi mos\u00e1shoz egyar\u00e1nt alkalmazhat\u00f3 -Moshat\u00f3 \u00e9s bambusz pelenk\u00e1khoz is kiv\u00e1l\u00f3 -foszf\u00e1tmentes, kl\u00f3rmentes, parab\u00e9nmentes, \u00e1llatk\u00eds\u00e9rlet mentes, p\u00e1lmaolaj mentes, veg\u00e1n -Biol\u00f3giailag leboml\u00f3 -Gazdas\u00e1gosan adagolhat\u00f3 -Puha t\u00f6r\u00fclk\u00f6z\u0151k, b\u00e1rsonyos ruh\u00e1k - Seg\u00edthet meg\u0151rizni a ruh\u00e1k [&hellip;]<\/p>\n","protected":false},"featured_media":18448,"comment_status":"open","ping_status":"closed","template":"","meta":{"_acf_changed":false},"product_brand":[],"product_cat":[17],"product_tag":[689],"class_list":{"0":"post-18446","1":"product","2":"type-product","3":"status-publish","4":"has-post-thumbnail","6":"product_cat-mososzer","7":"product_tag-40-mosas","9":"first","10":"instock","11":"shipping-taxable","12":"purchasable","13":"product-type-simple"},"acf":[],"_links":{"self":[{"href":"https:\/\/naturcleaning.hu\/en\/wp-json\/wp\/v2\/product\/18446","targetHints":{"allow":["GET"]}}],"collection":[{"href":"https:\/\/naturcleaning.hu\/en\/wp-json\/wp\/v2\/product"}],"about":[{"href":"https:\/\/naturcleaning.hu\/en\/wp-json\/wp\/v2\/types\/product"}],"replies":[{"embeddable":true,"href":"https:\/\/naturcleaning.hu\/en\/wp-json\/wp\/v2\/comments?post=18446"}],"wp:featuredmedia":[{"embeddable":true,"href":"https:\/\/naturcleaning.hu\/en\/wp-json\/wp\/v2\/media\/18448"}],"wp:attachment":[{"href":"https:\/\/naturcleaning.hu\/en\/wp-json\/wp\/v2\/media?parent=18446"}],"wp:term":[{"taxonomy":"product_brand","embeddable":true,"href":"https:\/\/naturcleaning.hu\/en\/wp-json\/wp\/v2\/product_brand?post=18446"},{"taxonomy":"product_cat","embeddable":true,"href":"https:\/\/naturcleaning.hu\/en\/wp-json\/wp\/v2\/product_cat?post=18446"},{"taxonomy":"product_tag","embeddable":true,"href":"https:\/\/naturcleaning.hu\/en\/wp-json\/wp\/v2\/product_tag?post=18446"}],"curies":[{"name":"wp","href":"https:\/\/api.w.org\/{rel}","templated":true}]}}