{"id":183,"date":"2021-05-31T13:01:57","date_gmt":"2021-05-31T13:01:57","guid":{"rendered":"https:\/\/cudyfuture.nomaddigital.hu\/?post_type=product&#038;p=183"},"modified":"2026-01-07T13:22:46","modified_gmt":"2026-01-07T13:22:46","slug":"szemeteszsak-60-literes-10db-tekercs","status":"publish","type":"product","link":"https:\/\/naturcleaning.hu\/en\/product\/szemeteszsak-60-literes-10db-tekercs\/","title":{"rendered":"Garbage bag 60 liters (10pcs \/ roll)"},"content":{"rendered":"<p>Tegy\u00e9l egy hatalmas l\u00e9p\u00e9st h\u00e1ztart\u00e1sod vagy vend\u00e9gl\u00e1t\u00f3 egys\u00e9ged z\u00f6ldebb\u00e9 t\u00e9tel\u00e9ben a 100%-ban kukoricakem\u00e9ny\u00edt\u0151 alap\u00fa szemeteszs\u00e1kjainkkal!<\/p>\n<p>A PLA-b\u00f3l (kukoricakem\u00e9ny\u00edt\u0151) k\u00e9sz\u00fclt term\u00e9kek kin\u00e9zetre \u00e9s tapint\u00e1sra nem k\u00fcl\u00f6nb\u00f6znek a m\u0171anyagt\u00f3l, de leboml\u00e1si idej\u00fck ann\u00e1l ink\u00e1bb: a PLA term\u00e9kek ak\u00e1r 1 \u00e9ven bel\u00fcl is k\u00e9pesek lebomlani, m\u00edg a m\u0171anyagnak ehhez 500 \u00e9vre is sz\u00fcks\u00e9ge lehet!<\/p>\n<p>A k\u00e9p illusztr\u00e1ci\u00f3, a hullad\u00e9kgy\u0171jt\u0151zs\u00e1k tekercsenk\u00e9nt v\u00e1s\u00e1rolhat\u00f3.<\/p>\n<p>Alapanyag: PLA (kukoricakem\u00e9ny\u00edt\u0151)<\/p>\n<p>Anyagvastags\u00e1g: 20MIK<\/p>\n<p>M\u00e9ret: 60 liter - 60x75 cm<\/p>\n<p>Kiszerel\u00e9s: 10 darab\/tekercs<\/p>\n<div>\n<div><\/div>\n<div><\/div>\n<div>\u2022 n\u00f6v\u00e9nyi alapanyagb\u00f3l (kukoricakem\u00e9ny\u00edt\u0151b\u0151l) k\u00e9sz\u00fclt term\u00e9k<\/div>\n<div>\u2022 a term\u00e9k megfelel az MSZ EN 13432 szabv\u00e1nynak, azaz komposzt\u00e1lhat\u00f3, biol\u00f3giai leboml\u00e1ssal hasznos\u00edthat\u00f3 csomagol\u00e1s<\/div>\n<div>\u2022 megfelel az eur\u00f3pai uni\u00f3s jogszab\u00e1lyi ir\u00e1nyelveknek<\/div>\n<div>\u2022 ipari k\u00f6r\u00fclm\u00e9nyek k\u00f6z\u00f6tt 90 nap alatt teljesen lebomlik<\/div>\n<div>\u2022 leboml\u00e1s sor\u00e1n humussz\u00e1, v\u00edzz\u00e9 \u00e9s sz\u00e9n-dioxidd\u00e1 alakul<\/div>\n<div>\u2022 \u00f3vd a 35 Celsius fok feletti h\u0151m\u00e9rs\u00e9klett\u0151l \u00e9s naps\u00fct\u00e9st\u0151l<\/div>\n<div>\u2022 100%-ban n\u00f6v\u00e9nyi alapanyagb\u00f3l k\u00e9sz\u00fclt szemeteszs\u00e1k, mely alkalmas a szerves konyhai hullad\u00e9kok zs\u00e1kkal egy\u00fctt t\u00f6rt\u00e9n\u0151 komposzt\u00e1l\u00e1s\u00e1ra<\/div>\n<div>\u2022 rendelkezik \u00c9MI T\u00dcV_S\u00dcD tan\u00fas\u00edt\u00e1ssal<\/div>\n<div><\/div>\n<div>Figyelmeztet\u00e9s: fullad\u00e1svesz\u00e9ly elker\u00fcl\u00e9se \u00e9rdek\u00e9ben a term\u00e9k gyermekekt\u0151l t\u00e1vol tartand\u00f3! A v\u00e9kony f\u00f3lia az orra vagy sz\u00e1jra tapadva megakad\u00e1lyozhatja a szabad l\u00e9gz\u00e9st!<\/div>\n<div><\/div>\n<div>\n<p>De mi is az a PLA?<\/p>\n<p>Sokszor hivatkozunk a \"PLA\" anyagra, de sokak sz\u00e1m\u00e1ra val\u00f3sz\u00edn\u0171leg nem egy\u00e9rtelm\u0171 mit is takar pontosan ez a kifejez\u00e9s. L\u00e1ssuk teh\u00e1t mir\u0151l is van sz\u00f3!<\/p>\n<p>Milyen anyag a PLA?<\/p>\n<p>A PLA anyag n\u00f6v\u00e9nyi kem\u00e9ny\u00edt\u0151b\u0151l k\u00e9sz\u00fcl\u0151 komposzt\u00e1lhat\u00f3 anyag, melyet legink\u00e1bb kukoric\u00e1b\u00f3l \u00e1ll\u00edtanak el\u0151.<\/p>\n<p>Kin\u00e9zetre hasonl\u00edt a m\u0171anyag t\u00e1rsaihoz, teherb\u00edr\u00e1sa is megegyezik a m\u0171anyag\u00e9val, viszont a felhaszn\u00e1lt alapanyagot \u00e9s energiaforr\u00e1s mennyis\u00e9g\u00e9t tekintve m\u00e9rf\u00f6ldekkel megel\u0151zi azokat.<\/p>\n<p>K\u00fcls\u0151re kiss\u00e9 illatos, selymes tapint\u00e1s\u00fa anyag a PLA-b\u00f3l el\u0151\u00e1ll\u00edtott csomagol\u00f3anyag.<\/p>\n<p>Az el\u0151\u00e1ll\u00edt\u00e1s\u00e1hoz sz\u00fcks\u00e9ges energiafelhaszn\u00e1l\u00e1s \u00f6ko l\u00e1bnyoma l\u00e9nyegesen kisebb, mint a hagyom\u00e1nyos k\u0151olajalap\u00fa m\u0171anyagok\u00e9.<\/p>\n<p>A PLA leboml\u00e1sa<\/p>\n<p>A PLA csomagol\u00f3anyag, zs\u00e1k leboml\u00e1si folyamata akkor indul el, ha ehhez megfelel\u0151 k\u00f6r\u00fclm\u00e9nyeket teremt\u00fcnk, vagyis komposzt\u00e1ljuk.<\/p>\n<p>A komposzt\u00e1l\u00e1s sor\u00e1n a talajban \u00e9l\u0151 mikroorganizmusok a h\u0151 \u00e9s nedvess\u00e9g hat\u00e1s\u00e1ra az anyagot humussz\u00e1, v\u00edzz\u00e9 \u00e9s sz\u00e9n-dioxidd\u00e1 bontj\u00e1k.<\/p>\n<p>Amennyiben nem komposzt\u00e1ljuk, hanem beker\u00fcl a kommun\u00e1lis hullad\u00e9kok k\u00f6z\u00e9 vagy a szem\u00e9t\u00e9get\u0151be, \u00fagy a komposzt\u00e1l\u00e1shoz sz\u00fcks\u00e9ges felt\u00e9telek b\u00e1r nem adottak, de m\u00e9g \u00edgy is l\u00e9nyegesen kevesebb az elboml\u00e1si ideje a m\u0171anyag t\u00e1rsaihoz k\u00e9pest.<\/p>\n<p><b>Figyelmeztet\u00e9s:\u00a0<\/b>fullad\u00e1svesz\u00e9ly elker\u00fcl\u00e9se \u00e9rdek\u00e9ben a term\u00e9k gyermekekt\u0151l t\u00e1vol tartand\u00f3! A v\u00e9kony f\u00f3lia az orra vagy sz\u00e1jra tapadva megakad\u00e1lyozhatja a szabad l\u00e9gz\u00e9st!<\/p>\n<\/div>\n<\/div>","protected":false},"excerpt":{"rendered":"<p>Tegy\u00e9l egy hatalmas l\u00e9p\u00e9st h\u00e1ztart\u00e1sod vagy vend\u00e9gl\u00e1t\u00f3 egys\u00e9ged z\u00f6ldebb\u00e9 t\u00e9tel\u00e9ben a 100%-ban kukoricakem\u00e9ny\u00edt\u0151 alap\u00fa szemeteszs\u00e1kjainkkal! A PLA-b\u00f3l (kukoricakem\u00e9ny\u00edt\u0151) k\u00e9sz\u00fclt term\u00e9kek kin\u00e9zetre \u00e9s tapint\u00e1sra nem k\u00fcl\u00f6nb\u00f6znek a m\u0171anyagt\u00f3l, de leboml\u00e1si idej\u00fck ann\u00e1l ink\u00e1bb: a PLA term\u00e9kek ak\u00e1r 1 \u00e9ven bel\u00fcl is k\u00e9pesek lebomlani, m\u00edg a m\u0171anyagnak ehhez 500 \u00e9vre is sz\u00fcks\u00e9ge lehet! A k\u00e9p illusztr\u00e1ci\u00f3, a [&hellip;]<\/p>\n","protected":false},"featured_media":184,"comment_status":"open","ping_status":"closed","template":"","meta":{"_acf_changed":false},"product_brand":[],"product_cat":[26],"product_tag":[],"class_list":{"0":"post-183","1":"product","2":"type-product","3":"status-publish","4":"has-post-thumbnail","6":"product_cat-bio-torlokendo-mosogatoszivacs-szemeteszsak","8":"first","9":"instock","10":"shipping-taxable","11":"purchasable","12":"product-type-simple"},"acf":[],"_links":{"self":[{"href":"https:\/\/naturcleaning.hu\/en\/wp-json\/wp\/v2\/product\/183","targetHints":{"allow":["GET"]}}],"collection":[{"href":"https:\/\/naturcleaning.hu\/en\/wp-json\/wp\/v2\/product"}],"about":[{"href":"https:\/\/naturcleaning.hu\/en\/wp-json\/wp\/v2\/types\/product"}],"replies":[{"embeddable":true,"href":"https:\/\/naturcleaning.hu\/en\/wp-json\/wp\/v2\/comments?post=183"}],"wp:featuredmedia":[{"embeddable":true,"href":"https:\/\/naturcleaning.hu\/en\/wp-json\/wp\/v2\/media\/184"}],"wp:attachment":[{"href":"https:\/\/naturcleaning.hu\/en\/wp-json\/wp\/v2\/media?parent=183"}],"wp:term":[{"taxonomy":"product_brand","embeddable":true,"href":"https:\/\/naturcleaning.hu\/en\/wp-json\/wp\/v2\/product_brand?post=183"},{"taxonomy":"product_cat","embeddable":true,"href":"https:\/\/naturcleaning.hu\/en\/wp-json\/wp\/v2\/product_cat?post=183"},{"taxonomy":"product_tag","embeddable":true,"href":"https:\/\/naturcleaning.hu\/en\/wp-json\/wp\/v2\/product_tag?post=183"}],"curies":[{"name":"wp","href":"https:\/\/api.w.org\/{rel}","templated":true}]}}