{"id":18228,"date":"2023-08-07T07:16:02","date_gmt":"2023-08-07T07:16:02","guid":{"rendered":"https:\/\/naturcleaning.hu\/?post_type=product&#038;p=18228"},"modified":"2025-02-18T13:52:48","modified_gmt":"2025-02-18T13:52:48","slug":"naturcleaning-mosogel-teafa-aloe-3-liter","status":"publish","type":"product","link":"https:\/\/naturcleaning.hu\/en\/product\/naturcleaning-mosogel-teafa-aloe-3-liter\/","title":{"rendered":"Naturcleaning Teafa-Aloe hipoallerg\u00e9n mos\u00f3g\u00e9l 3 liter"},"content":{"rendered":"<p style=\"text-align: center\"><strong>Naturcleaning\u00a0 Hipoallerg\u00e9n mos\u00f3g\u00e9l teafaolajjal \u00e9s alo\u00e9val sz\u00ednes ruh\u00e1khoz \u2013<\/strong><br \/>\n<strong>Green Brand d\u00edjas m\u00e1rka<\/strong><\/p>\n<p><strong>Features:<\/strong><br \/>\n-Environmentally conscious, skin-friendly detergent<br \/>\n-Of course very effective<br \/>\n-Plant ingredients<br \/>\n-Hypoallergenic<br \/>\n- <strong>Alacsony h\u0151fokon is hat\u00e9kony<\/strong><br \/>\n<strong>-for color clothes<\/strong><br \/>\n-Can be used for both machine and hand washing<br \/>\n-It is washable and suitable for bamboo nappies<br \/>\n-phosphate-free, chlorine-free, paraben-free, cruelty-free, palm oil-free, vegan<br \/>\n-Biodegradable<br \/>\n-Economical dosing<br \/>\n-Soft towels, velvety clothes<br \/>\n-Hungarian product<br \/>\n-Refillable bottle<\/p>\n<p><strong>Teatree oil:<\/strong><br \/>\n-natural fungicide product<br \/>\nantibacterial<br \/>\nantiviral<\/p>\n<p><strong>Description:<\/strong><br \/>\nA Naturcleaning\u00a0 Hipoallerg\u00e9n mos\u00f3g\u00e9l sz\u00ednes ruh\u00e1khoz foszf\u00e1tmentes, kl\u00f3rmentes, parab\u00e9nmentes, \u00e1llatk\u00eds\u00e9rlet mentes, p\u00e1lmaolaj mentes, veg\u00e1n, term\u00e9szetes \u00f6sszetev\u0151kb\u0151l k\u00e9sz\u00fclt (kukoricaolaj, k\u00f3kuszolaj). Biol\u00f3giailag j\u00f3l leboml\u00f3 fel\u00fcletakt\u00edv anyagokat \u00e9s kiz\u00e1r\u00f3lag \u00e9lelmiszeripari sz\u00ednez\u0151anyagot tartalmaz. G\u00e9pi \u00e9s k\u00e9zi mos\u00e1shoz egyar\u00e1nt haszn\u00e1lhat\u00f3ak. Nagyon j\u00f3l, \u00f6bl\u00edthet\u0151, speci\u00e1lis \u00f6sszet\u00e9tel\u00e9nek k\u00f6sz\u00f6nhet\u0151en \u00f6bl\u00edt\u0151 haszn\u00e1lata n\u00e9lk\u00fcl is kellemes illat\u00fa, tiszta, puha tapint\u00e1s\u00fa ruh\u00e1kat vehet\u00fcnk fel mos\u00e1s ut\u00e1n. A text\u00edli\u00e1ban nem marad feh\u00e9r mos\u00f3szermaradv\u00e1ny.<br \/>\nNaturcleaning detergent for colored clothes with tea tree oil and aloe effectively cleans the clothes all the way to the depths of the fibers and can help preserve the color of the clothes. Its high cleaning and stain cleaning power also removes stubborn stains and neutralizes unpleasant odors.<br \/>\nNaturcleaning Hipoallerg\u00e9n mos\u00f3szer k\u00edm\u00e9letesen tiszt\u00edt, gyapj\u00fa \u00e9s selyem anyagokhoz is t\u00f6k\u00e9letes. Nem tartalmaz cellul\u00e1z enzimet, \u00edgy bambusz pelenk\u00e1k mos\u00e1s\u00e1ra is alkalmas.<br \/>\nA Naturcleaning mos\u00f3g\u00e9l koncentr\u00e1tum term\u00e9szetben is el\u0151fordul\u00f3 alapanyagokb\u00f3l k\u00e9sz\u00fclt, \u00edgy kev\u00e9s mos\u00f3g\u00e9l hozz\u00e1ad\u00e1s\u00e1val is t\u00f6k\u00e9letes eredm\u00e9nyt \u00e9rhet\u00fcnk el.<br \/>\nDue to its natural based composition, it does not pollute the environment. It does not pollute our living waters as it is completely biodegradable.<br \/>\nIt can be used successfully for washing sensitive fabrics even with cold water washing.<\/p>","protected":false},"excerpt":{"rendered":"<p>Naturcleaning\u00a0 Hipoallerg\u00e9n mos\u00f3g\u00e9l teafaolajjal \u00e9s alo\u00e9val sz\u00ednes ruh\u00e1khoz \u2013 Green Brand d\u00edjas m\u00e1rka Jellemz\u0151i: -K\u00f6rnyezettudatos, b\u0151rk\u00edm\u00e9l\u0151 mos\u00f3szer -Term\u00e9szetesen hat\u00e9kony -N\u00f6v\u00e9nyi \u00f6sszetev\u0151k -Hypoallerg\u00e9n - Alacsony h\u0151fokon is hat\u00e9kony - sz\u00ednes ruh\u00e1khoz -G\u00e9pi \u00e9s k\u00e9zi mos\u00e1shoz egyar\u00e1nt alkalmazhat\u00f3 -Moshat\u00f3 \u00e9s bambusz pelenk\u00e1khoz is kiv\u00e1l\u00f3 -foszf\u00e1tmentes, kl\u00f3rmentes, parab\u00e9nmentes, \u00e1llatk\u00eds\u00e9rlet mentes, p\u00e1lmaolaj mentes, veg\u00e1n -Biol\u00f3giailag leboml\u00f3 -Gazdas\u00e1gosan adagolhat\u00f3 -Puha [&hellip;]<\/p>\n","protected":false},"featured_media":18229,"comment_status":"open","ping_status":"closed","template":"","meta":{"_acf_changed":false},"product_brand":[],"product_cat":[17],"product_tag":[689],"class_list":{"0":"post-18228","1":"product","2":"type-product","3":"status-publish","4":"has-post-thumbnail","6":"product_cat-mososzer","7":"product_tag-40-mosas","9":"first","10":"instock","11":"shipping-taxable","12":"purchasable","13":"product-type-simple"},"acf":[],"_links":{"self":[{"href":"https:\/\/naturcleaning.hu\/en\/wp-json\/wp\/v2\/product\/18228","targetHints":{"allow":["GET"]}}],"collection":[{"href":"https:\/\/naturcleaning.hu\/en\/wp-json\/wp\/v2\/product"}],"about":[{"href":"https:\/\/naturcleaning.hu\/en\/wp-json\/wp\/v2\/types\/product"}],"replies":[{"embeddable":true,"href":"https:\/\/naturcleaning.hu\/en\/wp-json\/wp\/v2\/comments?post=18228"}],"wp:featuredmedia":[{"embeddable":true,"href":"https:\/\/naturcleaning.hu\/en\/wp-json\/wp\/v2\/media\/18229"}],"wp:attachment":[{"href":"https:\/\/naturcleaning.hu\/en\/wp-json\/wp\/v2\/media?parent=18228"}],"wp:term":[{"taxonomy":"product_brand","embeddable":true,"href":"https:\/\/naturcleaning.hu\/en\/wp-json\/wp\/v2\/product_brand?post=18228"},{"taxonomy":"product_cat","embeddable":true,"href":"https:\/\/naturcleaning.hu\/en\/wp-json\/wp\/v2\/product_cat?post=18228"},{"taxonomy":"product_tag","embeddable":true,"href":"https:\/\/naturcleaning.hu\/en\/wp-json\/wp\/v2\/product_tag?post=18228"}],"curies":[{"name":"wp","href":"https:\/\/api.w.org\/{rel}","templated":true}]}}