{"id":178,"date":"2021-05-31T12:41:12","date_gmt":"2021-05-31T12:41:12","guid":{"rendered":"https:\/\/cudyfuture.nomaddigital.hu\/?post_type=product&#038;p=178"},"modified":"2024-12-03T09:35:25","modified_gmt":"2024-12-03T09:35:25","slug":"szauna-illoolaj-10-ml","status":"publish","type":"product","link":"https:\/\/naturcleaning.hu\/en\/product\/szauna-illoolaj-10-ml\/","title":{"rendered":"Jardin Szauna ill\u00f3olaj 10 ml"},"content":{"rendered":"<p><strong>SZAUNA 100%-BAN TERM\u00c9SZETES PR\u00c9MIUM ILL\u00d3OLAJKEVER\u00c9K<\/strong><\/p>\n<p>Term\u00e9szetes ill\u00f3olajokb\u00f3l kevert szauna olaj. Friss\u00edt\u0151, l\u00e9gz\u00e9sk\u00f6nny\u00edt\u0151, ant-bakteri\u00e1lis hat\u00e1s\u00fa, seg\u00edt az ellazul\u00e1sban.<\/p>\n<p>Usage: add 6-8 drops of the essential oil to an evaporating dish filled with water and an aroma lamp. To bathe, dissolve 3-6 drops in a tablespoon of honey, milk, cream, or stir in a bubble bath, then place in water.<\/p>\n<p>Apply only externally! May cause a burning sensation on damaged skin.<\/p>\n<p>Never apply undiluted essential oils on the skin.<\/p>","protected":false},"excerpt":{"rendered":"<p>SZAUNA 100%-BAN TERM\u00c9SZETES PR\u00c9MIUM ILL\u00d3OLAJKEVER\u00c9K Term\u00e9szetes ill\u00f3olajokb\u00f3l kevert szauna olaj. Friss\u00edt\u0151, l\u00e9gz\u00e9sk\u00f6nny\u00edt\u0151, ant-bakteri\u00e1lis hat\u00e1s\u00fa, seg\u00edt az ellazul\u00e1sban. Felhaszn\u00e1l\u00e1sa: v\u00edzzel telt p\u00e1rologtat\u00f3 ed\u00e9nybe, aromal\u00e1mp\u00e1ba csepegtess\u00fcnk 6-8 cseppet az ill\u00f3olajb\u00f3l. F\u00fcrd\u00e9shez 3-6 cseppet oldjunk fel egy ev\u0151kan\u00e1lnyi m\u00e9zben, tejben, tejsz\u00ednben, vagy keverj\u00fck bele habf\u00fcrd\u0151be, majd ezut\u00e1n tegy\u00fck a v\u00edzbe. Alkalmaz\u00e1sa csak k\u00fcls\u0151leg! S\u00e9r\u00fclt b\u0151rfel\u00fcleten \u00e9get\u0151 \u00e9rz\u00e9st v\u00e1lthat [&hellip;]<\/p>\n","protected":false},"featured_media":4104,"comment_status":"open","ping_status":"closed","template":"","meta":{"_acf_changed":false},"product_brand":[],"product_cat":[27],"product_tag":[],"class_list":{"0":"post-178","1":"product","2":"type-product","3":"status-publish","4":"has-post-thumbnail","6":"product_cat-illoolaj","8":"first","9":"instock","10":"shipping-taxable","11":"purchasable","12":"product-type-simple"},"acf":[],"_links":{"self":[{"href":"https:\/\/naturcleaning.hu\/en\/wp-json\/wp\/v2\/product\/178","targetHints":{"allow":["GET"]}}],"collection":[{"href":"https:\/\/naturcleaning.hu\/en\/wp-json\/wp\/v2\/product"}],"about":[{"href":"https:\/\/naturcleaning.hu\/en\/wp-json\/wp\/v2\/types\/product"}],"replies":[{"embeddable":true,"href":"https:\/\/naturcleaning.hu\/en\/wp-json\/wp\/v2\/comments?post=178"}],"wp:featuredmedia":[{"embeddable":true,"href":"https:\/\/naturcleaning.hu\/en\/wp-json\/wp\/v2\/media\/4104"}],"wp:attachment":[{"href":"https:\/\/naturcleaning.hu\/en\/wp-json\/wp\/v2\/media?parent=178"}],"wp:term":[{"taxonomy":"product_brand","embeddable":true,"href":"https:\/\/naturcleaning.hu\/en\/wp-json\/wp\/v2\/product_brand?post=178"},{"taxonomy":"product_cat","embeddable":true,"href":"https:\/\/naturcleaning.hu\/en\/wp-json\/wp\/v2\/product_cat?post=178"},{"taxonomy":"product_tag","embeddable":true,"href":"https:\/\/naturcleaning.hu\/en\/wp-json\/wp\/v2\/product_tag?post=178"}],"curies":[{"name":"wp","href":"https:\/\/api.w.org\/{rel}","templated":true}]}}