{"id":174,"date":"2021-05-31T12:37:35","date_gmt":"2021-05-31T12:37:35","guid":{"rendered":"https:\/\/cudyfuture.nomaddigital.hu\/?post_type=product&#038;p=174"},"modified":"2024-12-03T09:35:42","modified_gmt":"2024-12-03T09:35:42","slug":"rozmaring-illoolaj-10-ml","status":"publish","type":"product","link":"https:\/\/naturcleaning.hu\/en\/product\/rozmaring-illoolaj-10-ml\/","title":{"rendered":"Jardin Rozmaring ill\u00f3olaj 10 ml"},"content":{"rendered":"<p><strong>ROZMARING 100%-BAN TERM\u00c9SZETES PR\u00c9MIUM ILL\u00d3OLAJ<\/strong><\/p>\n<p>Az ill\u00f3olaj reum\u00e1s f\u00e1jdalom elleni \u00e9s gyullad\u00e1scs\u00f6kkent\u0151 bed\u00f6rzs\u00f6l\u0151szerek adal\u00e9kanyaga. A szert a n\u00e9pi gy\u00f3gy\u00e1szatban sebkezel\u00e9sre alkalmazz\u00e1k. Rozmaringolajjal zs\u00edros, korp\u00e1s hajra hajsampont, arctonikot, b\u0151rfeszes\u00edt\u0151 test\u00e1pol\u00f3t, f\u00fcrd\u0151k\u00e9sz\u00edtm\u00e9nyeket, k\u00e9z\u00e1pol\u00f3t, zs\u00edros, pattan\u00e1sos b\u0151rre arcpakol\u00e1st, dezodort stb. k\u00e9sz\u00edtenek. A rozmaring er\u0151s\u00edti a hajat, a fejb\u0151rt. Megakad\u00e1lyozza a korai kopaszs\u00e1got, cs\u00f6kkenti az izoml\u00e1zat, f\u00fcrd\u0151v\u00edzben nyugtat\u00f3 hat\u00e1s\u00fa. Enyh\u00edti az izomf\u00e1jdalmakat, a reuma t\u00fcneteit. J\u00f3t\u00e9kony hat\u00e1s\u00fa \u00e9g\u00e9si sebek, b\u0151rgyullad\u00e1s eset\u00e9n. Cs\u00f6kkenti a kimer\u00fclts\u00e9get.<\/p>\n<p>Usage: add 6-8 drops of the essential oil to an evaporating dish filled with water and an aroma lamp. To bathe, dissolve 3-6 drops in a tablespoon of honey, milk, cream, or stir in a bubble bath, then place in water.<\/p>\n<p>Apply only externally! May cause a burning sensation on damaged skin.<\/p>\n<p>Never apply undiluted essential oils on the skin.<\/p>","protected":false},"excerpt":{"rendered":"<p>ROZMARING 100%-BAN TERM\u00c9SZETES PR\u00c9MIUM ILL\u00d3OLAJ Az ill\u00f3olaj reum\u00e1s f\u00e1jdalom elleni \u00e9s gyullad\u00e1scs\u00f6kkent\u0151 bed\u00f6rzs\u00f6l\u0151szerek adal\u00e9kanyaga. A szert a n\u00e9pi gy\u00f3gy\u00e1szatban sebkezel\u00e9sre alkalmazz\u00e1k. Rozmaringolajjal zs\u00edros, korp\u00e1s hajra hajsampont, arctonikot, b\u0151rfeszes\u00edt\u0151 test\u00e1pol\u00f3t, f\u00fcrd\u0151k\u00e9sz\u00edtm\u00e9nyeket, k\u00e9z\u00e1pol\u00f3t, zs\u00edros, pattan\u00e1sos b\u0151rre arcpakol\u00e1st, dezodort stb. k\u00e9sz\u00edtenek. A rozmaring er\u0151s\u00edti a hajat, a fejb\u0151rt. Megakad\u00e1lyozza a korai kopaszs\u00e1got, cs\u00f6kkenti az izoml\u00e1zat, f\u00fcrd\u0151v\u00edzben nyugtat\u00f3 hat\u00e1s\u00fa. [&hellip;]<\/p>\n","protected":false},"featured_media":4106,"comment_status":"open","ping_status":"closed","template":"","meta":{"_acf_changed":false},"product_brand":[],"product_cat":[27],"product_tag":[],"class_list":{"0":"post-174","1":"product","2":"type-product","3":"status-publish","4":"has-post-thumbnail","6":"product_cat-illoolaj","8":"first","9":"instock","10":"shipping-taxable","11":"purchasable","12":"product-type-simple"},"acf":[],"_links":{"self":[{"href":"https:\/\/naturcleaning.hu\/en\/wp-json\/wp\/v2\/product\/174","targetHints":{"allow":["GET"]}}],"collection":[{"href":"https:\/\/naturcleaning.hu\/en\/wp-json\/wp\/v2\/product"}],"about":[{"href":"https:\/\/naturcleaning.hu\/en\/wp-json\/wp\/v2\/types\/product"}],"replies":[{"embeddable":true,"href":"https:\/\/naturcleaning.hu\/en\/wp-json\/wp\/v2\/comments?post=174"}],"wp:featuredmedia":[{"embeddable":true,"href":"https:\/\/naturcleaning.hu\/en\/wp-json\/wp\/v2\/media\/4106"}],"wp:attachment":[{"href":"https:\/\/naturcleaning.hu\/en\/wp-json\/wp\/v2\/media?parent=174"}],"wp:term":[{"taxonomy":"product_brand","embeddable":true,"href":"https:\/\/naturcleaning.hu\/en\/wp-json\/wp\/v2\/product_brand?post=174"},{"taxonomy":"product_cat","embeddable":true,"href":"https:\/\/naturcleaning.hu\/en\/wp-json\/wp\/v2\/product_cat?post=174"},{"taxonomy":"product_tag","embeddable":true,"href":"https:\/\/naturcleaning.hu\/en\/wp-json\/wp\/v2\/product_tag?post=174"}],"curies":[{"name":"wp","href":"https:\/\/api.w.org\/{rel}","templated":true}]}}