{"id":172,"date":"2021-05-31T12:36:00","date_gmt":"2021-05-31T12:36:00","guid":{"rendered":"https:\/\/cudyfuture.nomaddigital.hu\/?post_type=product&#038;p=172"},"modified":"2024-12-03T09:35:51","modified_gmt":"2024-12-03T09:35:51","slug":"narancs-illoolaj-10-ml","status":"publish","type":"product","link":"https:\/\/naturcleaning.hu\/en\/product\/narancs-illoolaj-10-ml\/","title":{"rendered":"Jardin Narancs ill\u00f3olaj 10 ml"},"content":{"rendered":"<p><strong>NARANCS 100%-BAN TERM\u00c9SZETES PR\u00c9MIUM ILL\u00d3OLAJ<\/strong><\/p>\n<p>A narancs ill\u00f3olaj kellemes, \u00e9desk\u00e9s illat\u00fa, p\u00e1rologtat\u00e1ssal nyugtat\u00f3 k\u00f6rnyezetet teremt, cs\u00f6kkenti a feln\u0151ttek \u00e9s a gyerekek alv\u00e1si zavarait, idegess\u00e9gi t\u00fcneteit. Illatos f\u00fcrd\u0151k alkot\u00f3r\u00e9sze, rossz k\u00f6z\u00e9rzet, nyomott hangulat ellen kiv\u00e1l\u00f3, az egyik legjobb term\u00e9szetes stresszold\u00f3.<\/p>\n<p>Szauna olajok alkot\u00f3r\u00e9szek\u00e9nt is kiv\u00e1l\u00f3an haszn\u00e1lhat\u00f3.<\/p>\n<p>Usage: add 6-8 drops of the essential oil to an evaporating dish filled with water and an aroma lamp. To bathe, dissolve 3-6 drops in a tablespoon of honey, milk, cream, or stir in a bubble bath, then place in water.<\/p>\n<p>Apply only externally! May cause a burning sensation on damaged skin.<\/p>\n<p>Never apply undiluted essential oils on the skin.<\/p>","protected":false},"excerpt":{"rendered":"<p>NARANCS 100%-BAN TERM\u00c9SZETES PR\u00c9MIUM ILL\u00d3OLAJ A narancs ill\u00f3olaj kellemes, \u00e9desk\u00e9s illat\u00fa, p\u00e1rologtat\u00e1ssal nyugtat\u00f3 k\u00f6rnyezetet teremt, cs\u00f6kkenti a feln\u0151ttek \u00e9s a gyerekek alv\u00e1si zavarait, idegess\u00e9gi t\u00fcneteit. Illatos f\u00fcrd\u0151k alkot\u00f3r\u00e9sze, rossz k\u00f6z\u00e9rzet, nyomott hangulat ellen kiv\u00e1l\u00f3, az egyik legjobb term\u00e9szetes stresszold\u00f3. Szauna olajok alkot\u00f3r\u00e9szek\u00e9nt is kiv\u00e1l\u00f3an haszn\u00e1lhat\u00f3. Felhaszn\u00e1l\u00e1sa: v\u00edzzel telt p\u00e1rologtat\u00f3 ed\u00e9nybe, aromal\u00e1mp\u00e1ba csepegtess\u00fcnk 6-8 cseppet az [&hellip;]<\/p>\n","protected":false},"featured_media":4108,"comment_status":"open","ping_status":"closed","template":"","meta":{"_acf_changed":false},"product_brand":[],"product_cat":[27],"product_tag":[],"class_list":{"0":"post-172","1":"product","2":"type-product","3":"status-publish","4":"has-post-thumbnail","6":"product_cat-illoolaj","8":"first","9":"instock","10":"shipping-taxable","11":"purchasable","12":"product-type-simple"},"acf":[],"_links":{"self":[{"href":"https:\/\/naturcleaning.hu\/en\/wp-json\/wp\/v2\/product\/172","targetHints":{"allow":["GET"]}}],"collection":[{"href":"https:\/\/naturcleaning.hu\/en\/wp-json\/wp\/v2\/product"}],"about":[{"href":"https:\/\/naturcleaning.hu\/en\/wp-json\/wp\/v2\/types\/product"}],"replies":[{"embeddable":true,"href":"https:\/\/naturcleaning.hu\/en\/wp-json\/wp\/v2\/comments?post=172"}],"wp:featuredmedia":[{"embeddable":true,"href":"https:\/\/naturcleaning.hu\/en\/wp-json\/wp\/v2\/media\/4108"}],"wp:attachment":[{"href":"https:\/\/naturcleaning.hu\/en\/wp-json\/wp\/v2\/media?parent=172"}],"wp:term":[{"taxonomy":"product_brand","embeddable":true,"href":"https:\/\/naturcleaning.hu\/en\/wp-json\/wp\/v2\/product_brand?post=172"},{"taxonomy":"product_cat","embeddable":true,"href":"https:\/\/naturcleaning.hu\/en\/wp-json\/wp\/v2\/product_cat?post=172"},{"taxonomy":"product_tag","embeddable":true,"href":"https:\/\/naturcleaning.hu\/en\/wp-json\/wp\/v2\/product_tag?post=172"}],"curies":[{"name":"wp","href":"https:\/\/api.w.org\/{rel}","templated":true}]}}