{"id":169,"date":"2021-05-31T12:34:25","date_gmt":"2021-05-31T12:34:25","guid":{"rendered":"https:\/\/cudyfuture.nomaddigital.hu\/?post_type=product&#038;p=169"},"modified":"2024-12-03T09:36:01","modified_gmt":"2024-12-03T09:36:01","slug":"levendula-illoolaj-10-ml","status":"publish","type":"product","link":"https:\/\/naturcleaning.hu\/en\/product\/levendula-illoolaj-10-ml\/","title":{"rendered":"Jardin Lavender essential oil 10 ml"},"content":{"rendered":"<p><strong>LEVENDULA 100%-BAN TERM\u00c9SZETES PR\u00c9MIUM ILL\u00d3OLAJ<\/strong><\/p>\n<p>A levendula ill\u00f3olaj bakt\u00e9rium\u00f6l\u0151, fesz\u00fclts\u00e9gold\u00f3, l\u00e9g\u00fati \u00e9s fert\u0151z\u0151 megbeteged\u00e9sek, \u00e1lmatlans\u00e1g, f\u00e1radts\u00e1g, fejf\u00e1j\u00e1s eset\u00e9n j\u00f3t\u00e9kony hat\u00e1s\u00fa. Moly\u0171z\u0151 tulajdons\u00e1ga sz\u00e9les k\u00f6rben ismert.<\/p>\n<p>Szauna olajok alkot\u00f3r\u00e9szek\u00e9nt is kiv\u00e1l\u00f3an haszn\u00e1lhat\u00f3.<\/p>\n<p>Usage: add 6-8 drops of the essential oil to an evaporating dish filled with water and an aroma lamp. To bathe, dissolve 3-6 drops in a tablespoon of honey, milk, cream, or stir in a bubble bath, then place in water.<\/p>\n<p>A levendula ill\u00f3olaj felhaszn\u00e1lhat\u00f3 m\u00e9g:<br \/>\n- rovar\u0171z\u0151k\u00e9nt (ak\u00e1r \u00e1llatokn\u00e1l is, a bolh\u00e1k t\u00e1vol tart\u00e1s\u00e1ra), illetve h\u00edg\u00edtatlanul ak\u00e1r hangyaboly \u00a0 \u00a0elriaszt\u00e1s\u00e1ra is,<br \/>\n- mos\u00e1sn\u00e1l \u00f6bl\u00edt\u0151szer helyett: a ruh\u00e1k \u00f6bl\u00edt\u00e9s\u00e9re nem felt\u00e9tlen\u00fcl kell hagyom\u00e1nyos \u00f6bl\u00edt\u0151szert \u00a0alkalmaznunk, haszn\u00e1lhatunk helyette ecetet is \u00e9s egy p\u00e1r csepp levendulaolajat a kellemes illat \u00e9rdek\u00e9ben,<br \/>\n- b\u00e1rmilyen tiszt\u00edt\u00f3szerhez adhatjuk adal\u00e9kk\u00e9nt a kemik\u00e1li\u00e1k sz\u00far\u00f3s szag\u00e1nak semleges\u00edt\u00e9s\u00e9re.<\/p>\n<p>Apply only externally! May cause a burning sensation on damaged skin.<\/p>\n<p>Never apply undiluted essential oils on the skin.<\/p>","protected":false},"excerpt":{"rendered":"<p>LEVENDULA 100%-BAN TERM\u00c9SZETES PR\u00c9MIUM ILL\u00d3OLAJ A levendula ill\u00f3olaj bakt\u00e9rium\u00f6l\u0151, fesz\u00fclts\u00e9gold\u00f3, l\u00e9g\u00fati \u00e9s fert\u0151z\u0151 megbeteged\u00e9sek, \u00e1lmatlans\u00e1g, f\u00e1radts\u00e1g, fejf\u00e1j\u00e1s eset\u00e9n j\u00f3t\u00e9kony hat\u00e1s\u00fa. Moly\u0171z\u0151 tulajdons\u00e1ga sz\u00e9les k\u00f6rben ismert. Szauna olajok alkot\u00f3r\u00e9szek\u00e9nt is kiv\u00e1l\u00f3an haszn\u00e1lhat\u00f3. Felhaszn\u00e1l\u00e1sa: v\u00edzzel telt p\u00e1rologtat\u00f3 ed\u00e9nybe, aromal\u00e1mp\u00e1ba csepegtess\u00fcnk 6-8 cseppet az ill\u00f3olajb\u00f3l. F\u00fcrd\u00e9shez 3-6 cseppet oldjunk fel egy ev\u0151kan\u00e1lnyi m\u00e9zben, tejben, tejsz\u00ednben, vagy keverj\u00fck bele [&hellip;]<\/p>\n","protected":false},"featured_media":4109,"comment_status":"open","ping_status":"closed","template":"","meta":{"_acf_changed":false},"product_brand":[],"product_cat":[27],"product_tag":[],"class_list":{"0":"post-169","1":"product","2":"type-product","3":"status-publish","4":"has-post-thumbnail","6":"product_cat-illoolaj","8":"first","9":"instock","10":"shipping-taxable","11":"purchasable","12":"product-type-simple"},"acf":[],"_links":{"self":[{"href":"https:\/\/naturcleaning.hu\/en\/wp-json\/wp\/v2\/product\/169","targetHints":{"allow":["GET"]}}],"collection":[{"href":"https:\/\/naturcleaning.hu\/en\/wp-json\/wp\/v2\/product"}],"about":[{"href":"https:\/\/naturcleaning.hu\/en\/wp-json\/wp\/v2\/types\/product"}],"replies":[{"embeddable":true,"href":"https:\/\/naturcleaning.hu\/en\/wp-json\/wp\/v2\/comments?post=169"}],"wp:featuredmedia":[{"embeddable":true,"href":"https:\/\/naturcleaning.hu\/en\/wp-json\/wp\/v2\/media\/4109"}],"wp:attachment":[{"href":"https:\/\/naturcleaning.hu\/en\/wp-json\/wp\/v2\/media?parent=169"}],"wp:term":[{"taxonomy":"product_brand","embeddable":true,"href":"https:\/\/naturcleaning.hu\/en\/wp-json\/wp\/v2\/product_brand?post=169"},{"taxonomy":"product_cat","embeddable":true,"href":"https:\/\/naturcleaning.hu\/en\/wp-json\/wp\/v2\/product_cat?post=169"},{"taxonomy":"product_tag","embeddable":true,"href":"https:\/\/naturcleaning.hu\/en\/wp-json\/wp\/v2\/product_tag?post=169"}],"curies":[{"name":"wp","href":"https:\/\/api.w.org\/{rel}","templated":true}]}}