{"id":161,"date":"2021-05-31T12:24:16","date_gmt":"2021-05-31T12:24:16","guid":{"rendered":"https:\/\/cudyfuture.nomaddigital.hu\/?post_type=product&#038;p=161"},"modified":"2024-12-03T09:36:22","modified_gmt":"2024-12-03T09:36:22","slug":"eukaliptusz-illoolaj-10-ml","status":"publish","type":"product","link":"https:\/\/naturcleaning.hu\/en\/product\/eukaliptusz-illoolaj-10-ml\/","title":{"rendered":"Jardin Eukaliptusz ill\u00f3olaj 10 ml"},"content":{"rendered":"<p><strong>EUKALIPTUSZ 100%-BAN TERM\u00c9SZETES PR\u00c9MIUM ILL\u00d3OLAJ<\/strong><\/p>\n<p>Az eukaliptusz ill\u00f3olaj bakt\u00e9rium\u00f6l\u0151, v\u00edrus\u00f6l\u0151, gomba\u00f6l\u0151, fert\u0151z\u00e9sg\u00e1tl\u00f3, asztma, megf\u00e1z\u00e1s, l\u00e1z, torokf\u00e1j\u00e1s, cukorbetegs\u00e9g, gyullad\u00e1s \u00e9s reuma ellen haszn\u00e1latos, izomlaz\u00edt\u00f3, m\u00e9regtelen\u00edt\u0151 hat\u00e1s\u00fa. Kiv\u00e1l\u00f3an tiszt\u00edtja a l\u00e9gutakat, a helyis\u00e9g leveg\u0151j\u00e9t. Szauna olajok alkot\u00f3r\u00e9szek\u00e9nt is kiv\u00e1l\u00f3an haszn\u00e1lhat\u00f3.<\/p>\n<p>F<u>elhaszn\u00e1l\u00e1sa:<\/u>\u00a0v\u00edzzel telt p\u00e1rologtat\u00f3 ed\u00e9nybe, aromal\u00e1mp\u00e1ba csepegtess\u00fcnk 6-8 cseppet az ill\u00f3olajb\u00f3l.<\/p>\n<p>Apply only externally! May cause a burning sensation on damaged skin.<\/p>\n<p>Never apply undiluted essential oils on the skin.<\/p>\n<p>Az eukaliptusz ill\u00f3olajat 5 \u00e9ves kor alatti gyermekekn\u00e9l tilos haszn\u00e1lni, mivel kering\u00e9si zavart, l\u00e9gz\u00e9sb\u00e9nul\u00e1st okozhat.<\/p>\n<p>&nbsp;<\/p>","protected":false},"excerpt":{"rendered":"<p>EUKALIPTUSZ 100%-BAN TERM\u00c9SZETES PR\u00c9MIUM ILL\u00d3OLAJ Az eukaliptusz ill\u00f3olaj bakt\u00e9rium\u00f6l\u0151, v\u00edrus\u00f6l\u0151, gomba\u00f6l\u0151, fert\u0151z\u00e9sg\u00e1tl\u00f3, asztma, megf\u00e1z\u00e1s, l\u00e1z, torokf\u00e1j\u00e1s, cukorbetegs\u00e9g, gyullad\u00e1s \u00e9s reuma ellen haszn\u00e1latos, izomlaz\u00edt\u00f3, m\u00e9regtelen\u00edt\u0151 hat\u00e1s\u00fa. Kiv\u00e1l\u00f3an tiszt\u00edtja a l\u00e9gutakat, a helyis\u00e9g leveg\u0151j\u00e9t. Szauna olajok alkot\u00f3r\u00e9szek\u00e9nt is kiv\u00e1l\u00f3an haszn\u00e1lhat\u00f3. Felhaszn\u00e1l\u00e1sa:\u00a0v\u00edzzel telt p\u00e1rologtat\u00f3 ed\u00e9nybe, aromal\u00e1mp\u00e1ba csepegtess\u00fcnk 6-8 cseppet az ill\u00f3olajb\u00f3l. Alkalmaz\u00e1sa csak k\u00fcls\u0151leg! S\u00e9r\u00fclt b\u0151rfel\u00fcleten \u00e9get\u0151 \u00e9rz\u00e9st [&hellip;]<\/p>\n","protected":false},"featured_media":4110,"comment_status":"open","ping_status":"closed","template":"","meta":{"_acf_changed":false},"product_brand":[],"product_cat":[27],"product_tag":[],"class_list":{"0":"post-161","1":"product","2":"type-product","3":"status-publish","4":"has-post-thumbnail","6":"product_cat-illoolaj","8":"first","9":"instock","10":"shipping-taxable","11":"purchasable","12":"product-type-simple"},"acf":[],"_links":{"self":[{"href":"https:\/\/naturcleaning.hu\/en\/wp-json\/wp\/v2\/product\/161","targetHints":{"allow":["GET"]}}],"collection":[{"href":"https:\/\/naturcleaning.hu\/en\/wp-json\/wp\/v2\/product"}],"about":[{"href":"https:\/\/naturcleaning.hu\/en\/wp-json\/wp\/v2\/types\/product"}],"replies":[{"embeddable":true,"href":"https:\/\/naturcleaning.hu\/en\/wp-json\/wp\/v2\/comments?post=161"}],"wp:featuredmedia":[{"embeddable":true,"href":"https:\/\/naturcleaning.hu\/en\/wp-json\/wp\/v2\/media\/4110"}],"wp:attachment":[{"href":"https:\/\/naturcleaning.hu\/en\/wp-json\/wp\/v2\/media?parent=161"}],"wp:term":[{"taxonomy":"product_brand","embeddable":true,"href":"https:\/\/naturcleaning.hu\/en\/wp-json\/wp\/v2\/product_brand?post=161"},{"taxonomy":"product_cat","embeddable":true,"href":"https:\/\/naturcleaning.hu\/en\/wp-json\/wp\/v2\/product_cat?post=161"},{"taxonomy":"product_tag","embeddable":true,"href":"https:\/\/naturcleaning.hu\/en\/wp-json\/wp\/v2\/product_tag?post=161"}],"curies":[{"name":"wp","href":"https:\/\/api.w.org\/{rel}","templated":true}]}}