{"id":159,"date":"2021-05-31T12:22:18","date_gmt":"2021-05-31T12:22:18","guid":{"rendered":"https:\/\/cudyfuture.nomaddigital.hu\/?post_type=product&#038;p=159"},"modified":"2024-12-03T09:36:33","modified_gmt":"2024-12-03T09:36:33","slug":"cubeba-illoolaj-10-ml","status":"publish","type":"product","link":"https:\/\/naturcleaning.hu\/en\/product\/cubeba-illoolaj-10-ml\/","title":{"rendered":"Jardin Cubeba ill\u00f3olaj 10 ml"},"content":{"rendered":"<h3><strong>Cubeba, the magical essential oil<\/strong><\/h3>\n<p>\u00c9des, f\u0171szeres, gy\u00fcm\u00f6lcs\u00f6s illata citrusos jegyeivel harm\u00f3ni\u00e1t teremt. A ,,nyugalom olaj\u00e1nak\u201d is nevezik.<\/p>\n<p><strong>LITSEA CUBEBA 100%-BAN TERM\u00c9SZETES PR\u00c9MIUM ILL\u00d3OLAJ<\/strong><\/p>\n<p>A litsea cubeba ill\u00f3olaj enyhe fok\u00fa depresszi\u00f3, idegess\u00e9g, agg\u00f3d\u00e1s \u00e9s stressz eset\u00e9n, l\u00e9g\u00fati fert\u0151z\u00e9sek idej\u00e9n is haszn\u00e1lhat\u00f3, mert fert\u0151tlen\u00edt\u0151 \u00e9s bakt\u00e9rium\u00f6l\u0151 hat\u00e1ssal rendelkezik.<\/p>\n<p>Felhaszn\u00e1l\u00e1sa: v\u00edzzel telt p\u00e1rologtat\u00f3 ed\u00e9nybe, aromal\u00e1mp\u00e1ba csepegtess\u00fcnk 6-8 cseppet az ill\u00f3olajb\u00f3l.<\/p>\n<p>CSAK P\u00c1ROLOGTATVA HASZN\u00c1LHAT\u00d3!!!<\/p>","protected":false},"excerpt":{"rendered":"<p>Cubeba, a m\u00e1gikus ill\u00f3olaj \u00c9des, f\u0171szeres, gy\u00fcm\u00f6lcs\u00f6s illata citrusos jegyeivel harm\u00f3ni\u00e1t teremt. A ,,nyugalom olaj\u00e1nak\u201d is nevezik. LITSEA CUBEBA 100%-BAN TERM\u00c9SZETES PR\u00c9MIUM ILL\u00d3OLAJ A litsea cubeba ill\u00f3olaj enyhe fok\u00fa depresszi\u00f3, idegess\u00e9g, agg\u00f3d\u00e1s \u00e9s stressz eset\u00e9n, l\u00e9g\u00fati fert\u0151z\u00e9sek idej\u00e9n is haszn\u00e1lhat\u00f3, mert fert\u0151tlen\u00edt\u0151 \u00e9s bakt\u00e9rium\u00f6l\u0151 hat\u00e1ssal rendelkezik. Felhaszn\u00e1l\u00e1sa: v\u00edzzel telt p\u00e1rologtat\u00f3 ed\u00e9nybe, aromal\u00e1mp\u00e1ba csepegtess\u00fcnk 6-8 cseppet [&hellip;]<\/p>\n","protected":false},"featured_media":4111,"comment_status":"open","ping_status":"closed","template":"","meta":{"_acf_changed":false},"product_brand":[],"product_cat":[27],"product_tag":[],"class_list":{"0":"post-159","1":"product","2":"type-product","3":"status-publish","4":"has-post-thumbnail","6":"product_cat-illoolaj","8":"first","9":"instock","10":"shipping-taxable","11":"purchasable","12":"product-type-simple"},"acf":[],"_links":{"self":[{"href":"https:\/\/naturcleaning.hu\/en\/wp-json\/wp\/v2\/product\/159","targetHints":{"allow":["GET"]}}],"collection":[{"href":"https:\/\/naturcleaning.hu\/en\/wp-json\/wp\/v2\/product"}],"about":[{"href":"https:\/\/naturcleaning.hu\/en\/wp-json\/wp\/v2\/types\/product"}],"replies":[{"embeddable":true,"href":"https:\/\/naturcleaning.hu\/en\/wp-json\/wp\/v2\/comments?post=159"}],"wp:featuredmedia":[{"embeddable":true,"href":"https:\/\/naturcleaning.hu\/en\/wp-json\/wp\/v2\/media\/4111"}],"wp:attachment":[{"href":"https:\/\/naturcleaning.hu\/en\/wp-json\/wp\/v2\/media?parent=159"}],"wp:term":[{"taxonomy":"product_brand","embeddable":true,"href":"https:\/\/naturcleaning.hu\/en\/wp-json\/wp\/v2\/product_brand?post=159"},{"taxonomy":"product_cat","embeddable":true,"href":"https:\/\/naturcleaning.hu\/en\/wp-json\/wp\/v2\/product_cat?post=159"},{"taxonomy":"product_tag","embeddable":true,"href":"https:\/\/naturcleaning.hu\/en\/wp-json\/wp\/v2\/product_tag?post=159"}],"curies":[{"name":"wp","href":"https:\/\/api.w.org\/{rel}","templated":true}]}}