{"id":157,"date":"2021-05-31T12:20:33","date_gmt":"2021-05-31T12:20:33","guid":{"rendered":"https:\/\/cudyfuture.nomaddigital.hu\/?post_type=product&#038;p=157"},"modified":"2024-12-03T09:36:42","modified_gmt":"2024-12-03T09:36:42","slug":"citromfu-illoolaj-10ml","status":"publish","type":"product","link":"https:\/\/naturcleaning.hu\/en\/product\/citromfu-illoolaj-10ml\/","title":{"rendered":"Jardin Citromf\u0171 ill\u00f3olaj 10ml"},"content":{"rendered":"<p><strong>CITROMF\u0170 100%-BAN TERM\u00c9SZETES PR\u00c9MIUM ILL\u00d3OLAJ<\/strong><\/p>\n<p>A citromf\u0171 ill\u00f3olaj bakt\u00e9rium\u00f6l\u0151, nyugtat\u00f3, fesz\u00fclts\u00e9gold\u00f3 hat\u00e1s\u00fa. Szerepe van a depresszi\u00f3 old\u00e1s\u00e1ban is, enyh\u00edti az idegess\u00e9get. J\u00f3t\u00e9kony hat\u00e1sa szorong\u00e1s, fejf\u00e1j\u00e1s, \u00e1lmatlans\u00e1g, illetve alv\u00e1szavarok eset\u00e9n is \u00e9rezhet\u0151. Felfriss\u00edti a szoba leveg\u0151j\u00e9t, \u00e9l\u00e9nk\u00edt. Szauna olajok alkot\u00f3r\u00e9szek\u00e9nt is kiv\u00e1l\u00f3an haszn\u00e1lhat\u00f3.<\/p>\n<p><u>Felhaszn\u00e1l\u00e1sa:<\/u>\u00a0v\u00edzzel telt p\u00e1rologtat\u00f3 ed\u00e9nybe, aromal\u00e1mp\u00e1ba csepegtess\u00fcnk 6-8 cseppet az ill\u00f3olajb\u00f3l. F\u00fcrd\u00e9shez 3-6 cseppet oldjunk fel egy ev\u0151kan\u00e1lnyi m\u00e9zben, tejben, tejsz\u00ednben, vagy keverj\u00fck bele habf\u00fcrd\u0151be, majd ezut\u00e1n tegy\u00fck a v\u00edzbe.<\/p>\n<p>Apply only externally! May cause a burning sensation on damaged skin.<\/p>\n<p>B\u0151r\u00f6n soha ne alkalmazzuk az ill\u00f3olajokat hig\u00edtatlanul.<\/p>","protected":false},"excerpt":{"rendered":"<p>CITROMF\u0170 100%-BAN TERM\u00c9SZETES PR\u00c9MIUM ILL\u00d3OLAJ A citromf\u0171 ill\u00f3olaj bakt\u00e9rium\u00f6l\u0151, nyugtat\u00f3, fesz\u00fclts\u00e9gold\u00f3 hat\u00e1s\u00fa. Szerepe van a depresszi\u00f3 old\u00e1s\u00e1ban is, enyh\u00edti az idegess\u00e9get. J\u00f3t\u00e9kony hat\u00e1sa szorong\u00e1s, fejf\u00e1j\u00e1s, \u00e1lmatlans\u00e1g, illetve alv\u00e1szavarok eset\u00e9n is \u00e9rezhet\u0151. Felfriss\u00edti a szoba leveg\u0151j\u00e9t, \u00e9l\u00e9nk\u00edt. Szauna olajok alkot\u00f3r\u00e9szek\u00e9nt is kiv\u00e1l\u00f3an haszn\u00e1lhat\u00f3. Felhaszn\u00e1l\u00e1sa:\u00a0v\u00edzzel telt p\u00e1rologtat\u00f3 ed\u00e9nybe, aromal\u00e1mp\u00e1ba csepegtess\u00fcnk 6-8 cseppet az ill\u00f3olajb\u00f3l. F\u00fcrd\u00e9shez 3-6 cseppet [&hellip;]<\/p>\n","protected":false},"featured_media":4112,"comment_status":"open","ping_status":"closed","template":"","meta":{"_acf_changed":false},"product_brand":[],"product_cat":[27],"product_tag":[],"class_list":{"0":"post-157","1":"product","2":"type-product","3":"status-publish","4":"has-post-thumbnail","6":"product_cat-illoolaj","8":"first","9":"instock","10":"shipping-taxable","11":"purchasable","12":"product-type-simple"},"acf":[],"_links":{"self":[{"href":"https:\/\/naturcleaning.hu\/en\/wp-json\/wp\/v2\/product\/157","targetHints":{"allow":["GET"]}}],"collection":[{"href":"https:\/\/naturcleaning.hu\/en\/wp-json\/wp\/v2\/product"}],"about":[{"href":"https:\/\/naturcleaning.hu\/en\/wp-json\/wp\/v2\/types\/product"}],"replies":[{"embeddable":true,"href":"https:\/\/naturcleaning.hu\/en\/wp-json\/wp\/v2\/comments?post=157"}],"wp:featuredmedia":[{"embeddable":true,"href":"https:\/\/naturcleaning.hu\/en\/wp-json\/wp\/v2\/media\/4112"}],"wp:attachment":[{"href":"https:\/\/naturcleaning.hu\/en\/wp-json\/wp\/v2\/media?parent=157"}],"wp:term":[{"taxonomy":"product_brand","embeddable":true,"href":"https:\/\/naturcleaning.hu\/en\/wp-json\/wp\/v2\/product_brand?post=157"},{"taxonomy":"product_cat","embeddable":true,"href":"https:\/\/naturcleaning.hu\/en\/wp-json\/wp\/v2\/product_cat?post=157"},{"taxonomy":"product_tag","embeddable":true,"href":"https:\/\/naturcleaning.hu\/en\/wp-json\/wp\/v2\/product_tag?post=157"}],"curies":[{"name":"wp","href":"https:\/\/api.w.org\/{rel}","templated":true}]}}