{"id":155,"date":"2021-05-31T12:18:52","date_gmt":"2021-05-31T12:18:52","guid":{"rendered":"https:\/\/cudyfuture.nomaddigital.hu\/?post_type=product&#038;p=155"},"modified":"2024-12-03T09:36:50","modified_gmt":"2024-12-03T09:36:50","slug":"citrom-illoolaj-10-ml","status":"publish","type":"product","link":"https:\/\/naturcleaning.hu\/en\/product\/citrom-illoolaj-10-ml\/","title":{"rendered":"Jardin Citrom ill\u00f3olaj 10 ml"},"content":{"rendered":"<p><strong>CITROM 100%- BAN TERM\u00c9SZETES PR\u00c9MIUM ILL\u00d3OLAJ<\/strong><\/p>\n<p>A citrom ill\u00f3olaj bakt\u00e9rium\u00f6l\u0151, \u00e9l\u00e9nk\u00edt\u0151 hat\u00e1s\u00fa. Fesz\u00fclts\u00e9g, szellemi f\u00e1radts\u00e1g, fejf\u00e1j\u00e1s, em\u00e9szt\u00e9si probl\u00e9m\u00e1k, megf\u00e1z\u00e1s, vissz\u00e9rpanaszok kezel\u00e9s\u00e9re, rovarriaszt\u00e1sra, szagtalan\u00edt\u00e1sra haszn\u00e1lj\u00e1k. Idegrendszeri er\u0151s\u00edt\u0151, semleges\u00edti a doh\u00e1nyf\u00fcst\u00f6t, fert\u0151tlen\u00edti a szoba leveg\u0151j\u00e9t. A szellemi tev\u00e9kenys\u00e9gre kedvez\u0151 hat\u00e1ssal van. Szauna olajok alkot\u00f3r\u00e9szek\u00e9nt is kiv\u00e1l\u00f3an haszn\u00e1lhat\u00f3.<\/p>\n<p><u>Felhaszn\u00e1l\u00e1sa:<\/u> v\u00edzzel telt p\u00e1rologtat\u00f3 ed\u00e9nybe, aromal\u00e1mp\u00e1ba csepegtess\u00fcnk 6-8 cseppet az ill\u00f3olajb\u00f3l. F\u00fcrd\u00e9shez 3-6 cseppet oldjunk fel egy ev\u0151kan\u00e1lnyi m\u00e9zben, tejben, tejsz\u00ednben, vagy keverj\u00fck bele habf\u00fcrd\u0151be, majd ezut\u00e1n tegy\u00fck a v\u00edzbe.<\/p>\n<p>A citrom igen gazdag term\u00e9szetes olajokban is, ez\u00e9rt a h\u00e1ztart\u00e1sban olyan fel\u00fcletek tiszt\u00edt\u00e1s\u00e1ra is haszn\u00e1lhatjuk, melyek extra \u00e1pol\u00e1st ig\u00e9nyelnek (pl. fa):<br \/>\n- for caring furniture, with the help of a soft cloth concentrated, because it gives shine to the wood and repels dust<br \/>\n- as an additive in detergents, floor care products (for their fresh scent and caring properties)<br \/>\n- as a kitchen surface cleaner,  in a spray bottle diluted with 10 drops of water,<br \/>\n- l\u00e9gfriss\u00edt\u0151k\u00e9nt (h\u00edg\u00edtva, sz\u00f3r\u00f3fejes palackban), vagy p\u00e1rologtat\u00f3ban.<\/p>\n<p>Apply only externally! May cause a burning sensation on damaged skin.<\/p>\n<p>Never apply undiluted essential oils on the skin.<\/p>","protected":false},"excerpt":{"rendered":"<p>CITROM 100%- BAN TERM\u00c9SZETES PR\u00c9MIUM ILL\u00d3OLAJ A citrom ill\u00f3olaj bakt\u00e9rium\u00f6l\u0151, \u00e9l\u00e9nk\u00edt\u0151 hat\u00e1s\u00fa. Fesz\u00fclts\u00e9g, szellemi f\u00e1radts\u00e1g, fejf\u00e1j\u00e1s, em\u00e9szt\u00e9si probl\u00e9m\u00e1k, megf\u00e1z\u00e1s, vissz\u00e9rpanaszok kezel\u00e9s\u00e9re, rovarriaszt\u00e1sra, szagtalan\u00edt\u00e1sra haszn\u00e1lj\u00e1k. Idegrendszeri er\u0151s\u00edt\u0151, semleges\u00edti a doh\u00e1nyf\u00fcst\u00f6t, fert\u0151tlen\u00edti a szoba leveg\u0151j\u00e9t. A szellemi tev\u00e9kenys\u00e9gre kedvez\u0151 hat\u00e1ssal van. Szauna olajok alkot\u00f3r\u00e9szek\u00e9nt is kiv\u00e1l\u00f3an haszn\u00e1lhat\u00f3. Felhaszn\u00e1l\u00e1sa: v\u00edzzel telt p\u00e1rologtat\u00f3 ed\u00e9nybe, aromal\u00e1mp\u00e1ba csepegtess\u00fcnk 6-8 cseppet az [&hellip;]<\/p>\n","protected":false},"featured_media":4113,"comment_status":"open","ping_status":"closed","template":"","meta":{"_acf_changed":false},"product_brand":[],"product_cat":[27],"product_tag":[],"class_list":{"0":"post-155","1":"product","2":"type-product","3":"status-publish","4":"has-post-thumbnail","6":"product_cat-illoolaj","8":"first","9":"instock","10":"shipping-taxable","11":"purchasable","12":"product-type-simple"},"acf":[],"_links":{"self":[{"href":"https:\/\/naturcleaning.hu\/en\/wp-json\/wp\/v2\/product\/155","targetHints":{"allow":["GET"]}}],"collection":[{"href":"https:\/\/naturcleaning.hu\/en\/wp-json\/wp\/v2\/product"}],"about":[{"href":"https:\/\/naturcleaning.hu\/en\/wp-json\/wp\/v2\/types\/product"}],"replies":[{"embeddable":true,"href":"https:\/\/naturcleaning.hu\/en\/wp-json\/wp\/v2\/comments?post=155"}],"wp:featuredmedia":[{"embeddable":true,"href":"https:\/\/naturcleaning.hu\/en\/wp-json\/wp\/v2\/media\/4113"}],"wp:attachment":[{"href":"https:\/\/naturcleaning.hu\/en\/wp-json\/wp\/v2\/media?parent=155"}],"wp:term":[{"taxonomy":"product_brand","embeddable":true,"href":"https:\/\/naturcleaning.hu\/en\/wp-json\/wp\/v2\/product_brand?post=155"},{"taxonomy":"product_cat","embeddable":true,"href":"https:\/\/naturcleaning.hu\/en\/wp-json\/wp\/v2\/product_cat?post=155"},{"taxonomy":"product_tag","embeddable":true,"href":"https:\/\/naturcleaning.hu\/en\/wp-json\/wp\/v2\/product_tag?post=155"}],"curies":[{"name":"wp","href":"https:\/\/api.w.org\/{rel}","templated":true}]}}