{"id":15479,"date":"2023-04-23T20:11:17","date_gmt":"2023-04-23T20:11:17","guid":{"rendered":"https:\/\/naturcleaning.hu\/?post_type=product&#038;p=15479"},"modified":"2026-02-11T17:55:59","modified_gmt":"2026-02-11T17:55:59","slug":"naturcleaning-mosogatoszer-koncentratum-granatalma","status":"publish","type":"product","link":"https:\/\/naturcleaning.hu\/en\/product\/naturcleaning-mosogatoszer-koncentratum-granatalma\/","title":{"rendered":"Naturcleaning Mosogat\u00f3szer Gr\u00e1n\u00e1talma 500ml"},"content":{"rendered":"<p>NaturCleaning hipoallerg\u00e9n b\u0151rbar\u00e1t Mosogat\u00f3szer - Gr\u00e1n\u00e1talma Illattal \u00e9s Term\u00e9szetes \u00d6sszetev\u0151kkel<\/p>\n<p>A NaturCleaning mosogat\u00f3szer egy igazi kincs a h\u00e1ztart\u00e1sban! A NaturCleaning gr\u00e1n\u00e1talm\u00e1s mosogat\u00f3szer egy kiv\u00e1l\u00f3 min\u0151s\u00e9g\u0171 term\u00e9k, amely k\u00edm\u00e9letes a b\u0151r\u00f6dh\u00f6z \u00e9s a k\u00f6rnyezethez is. A mosogat\u00f3szer a gr\u00e1n\u00e1talma illatnak k\u00f6sz\u00f6nhet\u0151en tiszt\u00edt\u00e1s sor\u00e1n kellemes illatot \u00e1raszt.<\/p>\n<p>A NaturCleaning mosogat\u00f3szer ide\u00e1lis mindennapi haszn\u00e1latra. Ez a k\u00fcl\u00f6nleges mosogat\u00f3szer a term\u00e9szet erej\u00e9t haszn\u00e1lja fel, hogy hat\u00e9konyan t\u00e1vol\u00edtsa el az \u00e9telmarad\u00e9kokat \u00e9s zs\u00edros szennyez\u0151d\u00e9seket az ed\u00e9nyeidr\u0151l.<\/p>\n<p>A NaturCleaning mosogat\u00f3szer biztons\u00e1gosan haszn\u00e1lhat\u00f3 a csal\u00e1dod minden tagja sz\u00e1m\u00e1ra.<\/p>\n<p>NaturCleaning term\u00e9keink t\u00f6k\u00e9letes v\u00e1laszt\u00e1s mindenkinek, akinek fontos a k\u00f6rnyezetv\u00e9delem \u00e9s az eg\u00e9szs\u00e9ges \u00e9letm\u00f3d.<\/p>\n<p>V\u00e1lassz a NaturCleaning mosogat\u00f3szerei k\u00f6z\u00fcl, ha szeretn\u00e9l egy hat\u00e9kony \u00e9s term\u00e9szetes term\u00e9ket, amely k\u00edm\u00e9li a b\u0151r\u00f6det \u00e9s k\u00f6rnyezetbar\u00e1t is!<\/p>\n<p>A Naturcleaning Gr\u00e1n\u00e1talma Hipollaerg\u00e9n mosogat\u00f3szer koncentr\u00e1tum foszf\u00e1tmentes, kl\u00f3rmentes, parab\u00e9nmentes, \u00e1llatk\u00eds\u00e9rlet mentes, veg\u00e1n, term\u00e9szetes \u00f6sszetev\u0151kb\u0151l k\u00e9sz\u00fclt (kukoricaolaj, k\u00f3kuszolaj).<\/p>\n<p>Contains biodegradable surfactants.<\/p>\n<p><strong>A Naturcleaning Gr\u00e1n\u00e1talma Hipoallerg\u00e9n mosogat\u00f3szert foly\u00f3vizes mosogat\u00e1shoz javasoljuk 5-sz\u00f6r\u00f6s\u00e9re h\u00edg\u00edtani<\/strong>, \u00edgy gazdas\u00e1gosan adagolhat\u00f3. A mosogat\u00f3szer b\u0151rv\u00e9d\u0151 sz\u0151l\u0151magolaj komponenseket tartalmaz, ez\u00e1ltal v\u00e9di kezeit a kisz\u00e1rad\u00e1st\u00f3l. A sz\u0151l\u0151magolaj kivonatnak k\u00f6sz\u00f6nhet\u0151en <strong>nourishes and regenerates the skin.<\/strong>. A term\u00e9k v\u00edzl\u00e1gy\u00edt\u00f3t tartalmaz, \u00edgy magas \u00f6sszkem\u00e9nys\u00e9g\u0171 \u00e9s vastartalm\u00fa v\u00edzben is hat\u00e9konyan haszn\u00e1lhat\u00f3.<\/p>\n<p>Kiszerel\u00e9sek: 500 ml , 1L<\/p>","protected":false},"excerpt":{"rendered":"<p>NaturCleaning hipoallerg\u00e9n b\u0151rbar\u00e1t Mosogat\u00f3szer - Gr\u00e1n\u00e1talma Illattal \u00e9s Term\u00e9szetes \u00d6sszetev\u0151kkel A NaturCleaning mosogat\u00f3szer egy igazi kincs a h\u00e1ztart\u00e1sban! A NaturCleaning gr\u00e1n\u00e1talm\u00e1s mosogat\u00f3szer egy kiv\u00e1l\u00f3 min\u0151s\u00e9g\u0171 term\u00e9k, amely k\u00edm\u00e9letes a b\u0151r\u00f6dh\u00f6z \u00e9s a k\u00f6rnyezethez is. A mosogat\u00f3szer a gr\u00e1n\u00e1talma illatnak k\u00f6sz\u00f6nhet\u0151en tiszt\u00edt\u00e1s sor\u00e1n kellemes illatot \u00e1raszt. A NaturCleaning mosogat\u00f3szer ide\u00e1lis mindennapi haszn\u00e1latra. Ez a k\u00fcl\u00f6nleges mosogat\u00f3szer [&hellip;]<\/p>\n","protected":false},"featured_media":15480,"comment_status":"open","ping_status":"closed","template":"","meta":{"_acf_changed":false},"product_brand":[],"product_cat":[19],"product_tag":[],"class_list":{"0":"post-15479","1":"product","2":"type-product","3":"status-publish","4":"has-post-thumbnail","6":"product_cat-mosogatoszer","8":"first","9":"instock","10":"shipping-taxable","11":"purchasable","12":"product-type-simple"},"acf":[],"_links":{"self":[{"href":"https:\/\/naturcleaning.hu\/en\/wp-json\/wp\/v2\/product\/15479","targetHints":{"allow":["GET"]}}],"collection":[{"href":"https:\/\/naturcleaning.hu\/en\/wp-json\/wp\/v2\/product"}],"about":[{"href":"https:\/\/naturcleaning.hu\/en\/wp-json\/wp\/v2\/types\/product"}],"replies":[{"embeddable":true,"href":"https:\/\/naturcleaning.hu\/en\/wp-json\/wp\/v2\/comments?post=15479"}],"wp:featuredmedia":[{"embeddable":true,"href":"https:\/\/naturcleaning.hu\/en\/wp-json\/wp\/v2\/media\/15480"}],"wp:attachment":[{"href":"https:\/\/naturcleaning.hu\/en\/wp-json\/wp\/v2\/media?parent=15479"}],"wp:term":[{"taxonomy":"product_brand","embeddable":true,"href":"https:\/\/naturcleaning.hu\/en\/wp-json\/wp\/v2\/product_brand?post=15479"},{"taxonomy":"product_cat","embeddable":true,"href":"https:\/\/naturcleaning.hu\/en\/wp-json\/wp\/v2\/product_cat?post=15479"},{"taxonomy":"product_tag","embeddable":true,"href":"https:\/\/naturcleaning.hu\/en\/wp-json\/wp\/v2\/product_tag?post=15479"}],"curies":[{"name":"wp","href":"https:\/\/api.w.org\/{rel}","templated":true}]}}