{"id":153,"date":"2021-05-31T12:16:26","date_gmt":"2021-05-31T12:16:26","guid":{"rendered":"https:\/\/cudyfuture.nomaddigital.hu\/?post_type=product&#038;p=153"},"modified":"2026-03-24T20:13:59","modified_gmt":"2026-03-24T20:13:59","slug":"borsmenta-illoolaj-10-ml","status":"publish","type":"product","link":"https:\/\/naturcleaning.hu\/en\/product\/borsmenta-illoolaj-10-ml\/","title":{"rendered":"Jardin Borsmenta ill\u00f3olaj 10 ml"},"content":{"rendered":"<h5 class=\"product_title entry-title\">BORSMENTA 100%-BAN TERM\u00c9SZETES PR\u00c9MIUM ILL\u00d3OLAJ<\/h5>\n<p>A borsmenta ill\u00f3olaj \u00e9l\u00e9nk\u00edti a k\u00f6zponti idegrendszert, er\u0151s\u00edt\u0151, fert\u0151tlen\u00edt\u0151, bakt\u00e9rium\u00f6l\u0151, stresszold\u00f3 hat\u00e1s\u00fa, n\u00f6veli az \u00e9bers\u00e9get, enyh\u00edti a fejf\u00e1j\u00e1st, serkenti az agym\u0171k\u00f6d\u00e9st. A l\u00e9gutakat kiv\u00e1l\u00f3an tiszt\u00edtja. Szauna olajok alkot\u00f3r\u00e9szek\u00e9nt is kiv\u00e1l\u00f3an haszn\u00e1lhat\u00f3.<\/p>\n<p>F<u>elhaszn\u00e1l\u00e1sa:<\/u>\u00a0v\u00edzzel telt p\u00e1rologtat\u00f3 ed\u00e9nybe, aromal\u00e1mp\u00e1ba csepegtess\u00fcnk 6-8 cseppet az ill\u00f3olajb\u00f3l. F\u00fcrd\u00e9shez 3-6 cseppet oldjunk fel egy ev\u0151kan\u00e1lnyi m\u00e9zben, tejben, tejsz\u00ednben, vagy keverj\u00fck bele habf\u00fcrd\u0151be, majd ezut\u00e1n tegy\u00fck a v\u00edzbe.<\/p>\n<p>Apply only externally! May cause a burning sensation on damaged skin.<\/p>\n<p>B\u0151r\u00f6n soha ne alkalmazzuk az ill\u00f3olajokat h\u00edg\u00edtatlanul !<\/p>","protected":false},"excerpt":{"rendered":"<p>BORSMENTA 100%-BAN TERM\u00c9SZETES PR\u00c9MIUM ILL\u00d3OLAJ A borsmenta ill\u00f3olaj \u00e9l\u00e9nk\u00edti a k\u00f6zponti idegrendszert, er\u0151s\u00edt\u0151, fert\u0151tlen\u00edt\u0151, bakt\u00e9rium\u00f6l\u0151, stresszold\u00f3 hat\u00e1s\u00fa, n\u00f6veli az \u00e9bers\u00e9get, enyh\u00edti a fejf\u00e1j\u00e1st, serkenti az agym\u0171k\u00f6d\u00e9st. A l\u00e9gutakat kiv\u00e1l\u00f3an tiszt\u00edtja. Szauna olajok alkot\u00f3r\u00e9szek\u00e9nt is kiv\u00e1l\u00f3an haszn\u00e1lhat\u00f3. Felhaszn\u00e1l\u00e1sa:\u00a0v\u00edzzel telt p\u00e1rologtat\u00f3 ed\u00e9nybe, aromal\u00e1mp\u00e1ba csepegtess\u00fcnk 6-8 cseppet az ill\u00f3olajb\u00f3l. F\u00fcrd\u00e9shez 3-6 cseppet oldjunk fel egy ev\u0151kan\u00e1lnyi m\u00e9zben, tejben, [&hellip;]<\/p>\n","protected":false},"featured_media":530,"comment_status":"open","ping_status":"closed","template":"","meta":{"_acf_changed":false},"product_brand":[],"product_cat":[27],"product_tag":[],"class_list":{"0":"post-153","1":"product","2":"type-product","3":"status-publish","4":"has-post-thumbnail","6":"product_cat-illoolaj","8":"first","9":"instock","10":"shipping-taxable","11":"purchasable","12":"product-type-simple"},"acf":[],"_links":{"self":[{"href":"https:\/\/naturcleaning.hu\/en\/wp-json\/wp\/v2\/product\/153","targetHints":{"allow":["GET"]}}],"collection":[{"href":"https:\/\/naturcleaning.hu\/en\/wp-json\/wp\/v2\/product"}],"about":[{"href":"https:\/\/naturcleaning.hu\/en\/wp-json\/wp\/v2\/types\/product"}],"replies":[{"embeddable":true,"href":"https:\/\/naturcleaning.hu\/en\/wp-json\/wp\/v2\/comments?post=153"}],"wp:featuredmedia":[{"embeddable":true,"href":"https:\/\/naturcleaning.hu\/en\/wp-json\/wp\/v2\/media\/530"}],"wp:attachment":[{"href":"https:\/\/naturcleaning.hu\/en\/wp-json\/wp\/v2\/media?parent=153"}],"wp:term":[{"taxonomy":"product_brand","embeddable":true,"href":"https:\/\/naturcleaning.hu\/en\/wp-json\/wp\/v2\/product_brand?post=153"},{"taxonomy":"product_cat","embeddable":true,"href":"https:\/\/naturcleaning.hu\/en\/wp-json\/wp\/v2\/product_cat?post=153"},{"taxonomy":"product_tag","embeddable":true,"href":"https:\/\/naturcleaning.hu\/en\/wp-json\/wp\/v2\/product_tag?post=153"}],"curies":[{"name":"wp","href":"https:\/\/api.w.org\/{rel}","templated":true}]}}