{"id":1482,"date":"2022-02-11T15:07:08","date_gmt":"2022-02-11T14:07:08","guid":{"rendered":"https:\/\/naturcleaning.hu\/?post_type=product&#038;p=1482"},"modified":"2024-12-03T14:34:51","modified_gmt":"2024-12-03T14:34:51","slug":"parosan-szebb-az-elet_gold-rosemary","status":"publish","type":"product","link":"https:\/\/naturcleaning.hu\/en\/product\/parosan-szebb-az-elet_gold-rosemary\/","title":{"rendered":"P\u00e1rosan Szebb az \u00c9let Gold Rosemary"},"content":{"rendered":"<p style=\"text-align: center\"><strong>Naturcleaning Gold Rosemary Mos\u00f3g\u00e9l<\/strong><\/p>\n<p>Phosphate is mostly used to soften water, but this has a serious impact on the environment: it leads to eutrophication (increase of the nitrogen and phosphorus level in living waters, this causes algae  growth in the water). Choose enzymatic Naturcleaning Gold Rosemary Washing Gel instead of phosphate detergent!<\/p>\n<p class=\"translation-block\">Enzymes are proteins that are natural substances, so avoiding them does not harm the environment.<\/p>\n<p>The enzymes act as catalysts in the wash gel: \nby breaking down the dirt, the other ingredients help to remove those from the clothes<span lang=\"EN-US\">\u00f3<\/span>g<span lang=\"EN-US\">\u00e9<\/span>lben az enzimek kataliz<span lang=\"EN-US\">\u00e1<\/span>tork<span lang=\"EN-US\">\u00e9<\/span>nt m\u0171k<span lang=\"EN-US\">\u00f6<\/span>dnek: a szennyez\u0151d<span lang=\"EN-US\">\u00e9<\/span>sek feldarabol<span lang=\"EN-US\">\u00e1<\/span>sa r<span lang=\"EN-US\">\u00e9<\/span>v<span lang=\"EN-US\">\u00e9<\/span>n teszik lehet\u0151v<span lang=\"EN-US\">\u00e9<\/span>, hogy azokat egy<span lang=\"EN-US\">\u00e9<\/span>b\u00a0<span lang=\"EN-US\">\u00f6<\/span>sszetev\u0151k elt<span lang=\"EN-US\">\u00e1<\/span>vol<span lang=\"EN-US\">\u00ed<\/span>ts<span lang=\"EN-US\">\u00e1<\/span>k a ruh<span lang=\"EN-US\">\u00e1<\/span>b<span lang=\"EN-US\">\u00f3<\/span>l.<\/p>\n<p>The innovative enzyme complex of our washing gel allows to remove traces of grass, meat and fruit stains, greasy, oily stains, and chocolate and ice cream from clothes. It also allows the fluff of the fabric to be broken down, making the garment feel softer with a brighter color because of the changed refraction.<span lang=\"EN-US\">\u00f3<\/span>g<span lang=\"EN-US\">\u00e9<\/span>l<span lang=\"EN-US\">\u00fc<\/span>nk innovat<span lang=\"EN-US\">\u00ed<\/span>v enzim komplexe lehet\u0151v<span lang=\"EN-US\">\u00e9<\/span>\u00a0teszi a f\u0171, h<span lang=\"EN-US\">\u00fa<\/span>sl<span lang=\"EN-US\">\u00e9<\/span><span lang=\"EN-US\">\u00a0<\/span><span lang=\"EN-US\">\u00e9<\/span>s gy<span lang=\"EN-US\">\u00fc<\/span>m<span lang=\"EN-US\">\u00f6<\/span>lcsfoltok, a zs<span lang=\"EN-US\">\u00ed<\/span>ros, olajos foltok, illetve a csokol<span lang=\"EN-US\">\u00e1<\/span>d<span lang=\"EN-US\">\u00e9<\/span><span lang=\"EN-US\">\u00a0<\/span><span lang=\"EN-US\">\u00e9<\/span>s fagylalt nyomainak elt<span lang=\"EN-US\">\u00fc<\/span>ntet<span lang=\"EN-US\">\u00e9<\/span>s<span lang=\"EN-US\">\u00e9<\/span>t a ruh<span lang=\"EN-US\">\u00e1<\/span>kb<span lang=\"EN-US\">\u00f3<\/span>l. Lehet\u0151v<span lang=\"EN-US\">\u00e9<\/span>\u00a0teszi tov<span lang=\"EN-US\">\u00e1<\/span>bb<span lang=\"EN-US\">\u00e1<\/span>\u00a0a sz<span lang=\"EN-US\">\u00f6<\/span>vet bolyhainak lebont<span lang=\"EN-US\">\u00e1<\/span>s<span lang=\"EN-US\">\u00e1<\/span>t,\u00a0<span lang=\"EN-US\">\u00ed<\/span>gy a ruha tapint<span lang=\"EN-US\">\u00e1<\/span>sa puh<span lang=\"EN-US\">\u00e1<\/span>bb, sz<span lang=\"EN-US\">\u00ed<\/span>ne pedig a megv<span lang=\"EN-US\">\u00e1<\/span>ltozott f<span lang=\"EN-US\">\u00e9<\/span>nyt<span lang=\"EN-US\">\u00f6<\/span>r<span lang=\"EN-US\">\u00e9<\/span>s miatt f<span lang=\"EN-US\">\u00e9<\/span>nyesebb lesz.<\/p>\n<p style=\"text-align: center\"><strong>Naturcleaning Glamor Hypoallergenic fabric softener Concentrate<\/strong><\/p>\n<p>Magnificent <strong>luxury<\/strong> perfume scents.<\/p>\n<p><strong>Natural<\/strong> fabric softener concentrate.<\/p>\n<p>Clement, <strong>long lasting (even for weeks)<\/strong> scent.<\/p>\n<p><strong>Green Brand award winning brand<\/strong><\/p>\n<p><strong>Features:<\/strong><br \/>\n- reminiscent of luxury perfume fragrances<br \/>\n-Environmentally conscious fabric softener concentrate<br \/>\n-Pleasant smell even after using the dryer<br \/>\n-Plant ingredients<br \/>\n-Hypoallergenic<br \/>\n- Reduces creasing, making ironing easier<br \/>\n-phosphate-free, chlorine-free, paraben-free, cruelty-free, palm oil-free, vegan<br \/>\n-Biodegradable<br \/>\n-can be dispensed economically<br \/>\n-Hungarian product<br \/>\n-Refillable bottle<\/p>\n<p><strong>Enjoy appreciative glances!<\/strong><\/p>\n<p>Naturcleaning Glamor Fabric Softener Concentrate makes your clothes soft and comfortable to the touch and dazzles with a long-lasting pleasant scent. Enjoy the scent of luxury perfumes permeating your clothes<br \/>\nOur Naturcleaning fabric softeners can provide pleasant-smelling clothes for up to weeks even after using a dryer.<br \/>\nThe fabric softener aid is hypoallergenic, phosphate-free, chlorine-free, paraben-free, animal-free, palm oil-free, and contains vegan biodegradable surfactants.<br \/>\nDue to its natural based composition, it does not pollute the environment. It does not pollute our living waters as it is completely biodegradable.<\/p>\n<p>1 liters of fabric softener can be used to make 5 liters of fabric softener. During dilution, the intensity of the scent decreases.<\/p>\n<p>&nbsp;<\/p>\n<p>AJ\u00c1ND\u00c9K:<strong> 1 db Naturcleaning v\u00e1szon t\u00e1ska<\/strong><\/p>\n<p>&nbsp;<\/p>\n<p>A k\u00e9p csak illusztr\u00e1ci\u00f3!<\/p>\n<p>&nbsp;<\/p>","protected":false},"excerpt":{"rendered":"<p>Naturcleaning Gold Rosemary Mos\u00f3g\u00e9l A v\u00edz l\u00e1gy\u00edt\u00e1s\u00e1ra legink\u00e1bb foszf\u00e1tot haszn\u00e1lnak, ennek azonban komoly k\u00f6rnyezetterhel\u0151 hat\u00e1sa van: eutrofiz\u00e1ci\u00f3hoz (vagyis a nitrog\u00e9n \u00e9s foszfor \u00e9l\u0151vizekben val\u00f3 feld\u00fasul\u00e1s\u00e1hoz, ez\u00e1ltal a v\u00edz elalg\u00e1sod\u00e1s\u00e1hoz) vezet. A foszf\u00e1tos mos\u00f3szer helyett v\u00e1lasszunk enzimes Naturcleaning Gold Rosemary Mos\u00f3g\u00e9lt! Az enzimek a feh\u00e9rj\u00e9k k\u00f6z\u00e9\u00a0tartoznak, term\u00e9szetes anyagok,\u00a0\u00edgy kiker\u00fclve a k\u00f6rnyezetet nem k\u00e1ros\u00edtj\u00e1k. A mos\u00f3g\u00e9lben az [&hellip;]<\/p>\n","protected":false},"featured_media":27848,"comment_status":"open","ping_status":"closed","template":"","meta":{"_acf_changed":false},"product_brand":[],"product_cat":[33,647],"product_tag":[],"class_list":{"0":"post-1482","1":"product","2":"type-product","3":"status-publish","4":"has-post-thumbnail","6":"product_cat-csomagajanlat","7":"product_cat-parosan-szebb-az-elet","9":"first","10":"instock","11":"shipping-taxable","12":"purchasable","13":"product-type-simple"},"acf":[],"_links":{"self":[{"href":"https:\/\/naturcleaning.hu\/en\/wp-json\/wp\/v2\/product\/1482","targetHints":{"allow":["GET"]}}],"collection":[{"href":"https:\/\/naturcleaning.hu\/en\/wp-json\/wp\/v2\/product"}],"about":[{"href":"https:\/\/naturcleaning.hu\/en\/wp-json\/wp\/v2\/types\/product"}],"replies":[{"embeddable":true,"href":"https:\/\/naturcleaning.hu\/en\/wp-json\/wp\/v2\/comments?post=1482"}],"wp:featuredmedia":[{"embeddable":true,"href":"https:\/\/naturcleaning.hu\/en\/wp-json\/wp\/v2\/media\/27848"}],"wp:attachment":[{"href":"https:\/\/naturcleaning.hu\/en\/wp-json\/wp\/v2\/media?parent=1482"}],"wp:term":[{"taxonomy":"product_brand","embeddable":true,"href":"https:\/\/naturcleaning.hu\/en\/wp-json\/wp\/v2\/product_brand?post=1482"},{"taxonomy":"product_cat","embeddable":true,"href":"https:\/\/naturcleaning.hu\/en\/wp-json\/wp\/v2\/product_cat?post=1482"},{"taxonomy":"product_tag","embeddable":true,"href":"https:\/\/naturcleaning.hu\/en\/wp-json\/wp\/v2\/product_tag?post=1482"}],"curies":[{"name":"wp","href":"https:\/\/api.w.org\/{rel}","templated":true}]}}