{"id":142,"date":"2021-05-31T11:55:12","date_gmt":"2021-05-31T09:55:12","guid":{"rendered":"https:\/\/cudyfuture.nomaddigital.hu\/?post_type=product&#038;p=142"},"modified":"2024-08-03T09:59:49","modified_gmt":"2024-08-03T09:59:49","slug":"csepke-baby-mosogel-babapuder-hipoallergen","status":"publish","type":"product","link":"https:\/\/naturcleaning.hu\/en\/product\/csepke-baby-mosogel-babapuder-hipoallergen\/","title":{"rendered":"Csepke baby hipoallerg\u00e9n mos\u00f3g\u00e9l babap\u00fader 1 liter"},"content":{"rendered":"<p>Gentle care not only for the baby\u2019s skin but also for the clothes. Special washing gel family, for the baby and maternity clothes. An infant's skin is about five times thinner than an adult's. Because of the higher permeability, the chemicals that get on the skin are more easily absorbed and get into the deeper layers of the skin. During the development of the CSEPKE baby product family, we took these aspects into account.<\/p>\n<p><strong>Special washing gel family, for the baby and for the mother\u2019s clothes.<\/strong> Csepke Baby products are phosphate-free, chlorine-free, paraben-free, cruelty-free, palm oil-free, and made of vegan natural ingredients (corn oil, coconut oil). It contains biodegradable surfactants and only food coloring.<\/p>\n<p>The ideal detergent does not contain corrosive irritants, does not cause rashes, itching or allergies. It removes stains even at low temperatures. Easy to rinse, no detergent remains in the clothes. Gentle on textiles. Also suitable for washing bamboo nappies. Safe to use from infancy.<\/p>\n<p>Recommended from the age of 3 months (until the age of 0-3 months, we recommend Csepke baby 0+ fragrance and allergen-free products so other fragrances to the baby do not interfere with the formation of the mother-baby bond).<\/p>","protected":false},"excerpt":{"rendered":"<p>Gyeng\u00e9d gondoskod\u00e1s nem csak a babab\u0151rnek, hanem a ruh\u00e1knak is. Speci\u00e1lis mos\u00f3g\u00e9l a csal\u00e1d, a baba \u00e9s a kismama ruh\u00e1k mos\u00e1s\u00e1hoz. A csecsem\u0151 b\u0151re k\u00f6r\u00fclbel\u00fcl \u00f6tsz\u00f6r v\u00e9knyabb, mint a feln\u0151ttek\u00e9. \u00c1tereszt\u0151 k\u00e9pess\u00e9ge nagyobb, ez\u00e9rt a b\u0151rre ker\u00fcl\u0151 vegyi anyagok k\u00f6nnyebben felsz\u00edv\u00f3dnak, \u00e9s a b\u0151r m\u00e9lyebb r\u00e9tegeibe ker\u00fclnek. A CSEPKE baby term\u00e9kcsal\u00e1d fejleszt\u00e9se sor\u00e1n ezeket a [&hellip;]<\/p>\n","protected":false},"featured_media":456,"comment_status":"open","ping_status":"closed","template":"","meta":{"_acf_changed":false},"product_brand":[],"product_cat":[28,17],"product_tag":[686],"class_list":{"0":"post-142","1":"product","2":"type-product","3":"status-publish","4":"has-post-thumbnail","6":"product_cat-csepke-baby-termekek","7":"product_cat-mososzer","8":"product_tag-14-mosas","10":"first","11":"instock","12":"shipping-taxable","13":"purchasable","14":"product-type-simple"},"acf":[],"_links":{"self":[{"href":"https:\/\/naturcleaning.hu\/en\/wp-json\/wp\/v2\/product\/142","targetHints":{"allow":["GET"]}}],"collection":[{"href":"https:\/\/naturcleaning.hu\/en\/wp-json\/wp\/v2\/product"}],"about":[{"href":"https:\/\/naturcleaning.hu\/en\/wp-json\/wp\/v2\/types\/product"}],"replies":[{"embeddable":true,"href":"https:\/\/naturcleaning.hu\/en\/wp-json\/wp\/v2\/comments?post=142"}],"wp:featuredmedia":[{"embeddable":true,"href":"https:\/\/naturcleaning.hu\/en\/wp-json\/wp\/v2\/media\/456"}],"wp:attachment":[{"href":"https:\/\/naturcleaning.hu\/en\/wp-json\/wp\/v2\/media?parent=142"}],"wp:term":[{"taxonomy":"product_brand","embeddable":true,"href":"https:\/\/naturcleaning.hu\/en\/wp-json\/wp\/v2\/product_brand?post=142"},{"taxonomy":"product_cat","embeddable":true,"href":"https:\/\/naturcleaning.hu\/en\/wp-json\/wp\/v2\/product_cat?post=142"},{"taxonomy":"product_tag","embeddable":true,"href":"https:\/\/naturcleaning.hu\/en\/wp-json\/wp\/v2\/product_tag?post=142"}],"curies":[{"name":"wp","href":"https:\/\/api.w.org\/{rel}","templated":true}]}}