{"id":126,"date":"2021-05-31T10:48:32","date_gmt":"2021-05-31T10:48:32","guid":{"rendered":"https:\/\/cudyfuture.nomaddigital.hu\/?post_type=product&#038;p=126"},"modified":"2025-09-16T18:44:20","modified_gmt":"2025-09-16T18:44:20","slug":"csepke-altalanos-tisztito-1-liter","status":"publish","type":"product","link":"https:\/\/naturcleaning.hu\/en\/product\/csepke-altalanos-tisztito-1-liter\/","title":{"rendered":"Naturcleaning multi surface cleaning concentrate_1L"},"content":{"rendered":"<p>Naturcleaning general multi surface cleaner concentrate  effectively removes dirt from the floor and all washable surfaces (floors, furniture, high-gloss furniture, tiles, leather, imitation leather surfaces).<\/p>\n<p>It can be diluted 10-200 times.<\/p>\n<p class=\"translation-block\">For a general mop, add 1 cap of Naturcleaning General Detergent Concentrate to 5 liters of water. It can also be used in concentrated form for stubborn dirt.<\/p>\n<p>&nbsp;<\/p>","protected":false},"excerpt":{"rendered":"<p>A Naturcleaning \u00c1ltal\u00e1nos tiszt\u00edt\u00f3szer koncentr\u00e1tum hat\u00e9konyan elt\u00e1vol\u00edtja a szennyez\u0151d\u00e9seket a padl\u00f3r\u00f3l \u00e9s minden moshat\u00f3 fel\u00fcletr\u0151l (b\u00fator, magasf\u00e9ny\u0171 b\u00fator, m\u0171szerfal, csempe, b\u0151r, m\u0171b\u0151r fel\u00fclet, ). 10-200-szoros\u00e1ra hig\u00edthat\u00f3. \u00c1ltal\u00e1nos felmos\u00e1shoz 5 liter v\u00edzhez \u00f6nts\u00fcnk 1 kupak Naturcleaning \u00c1ltal\u00e1nos tiszt\u00edt\u00f3szer koncentr\u00e1tumot. Makacs szennyez\u0151d\u00e9sek eset\u00e9ben haszn\u00e1lhatjuk t\u00f6m\u00e9nyen is. &nbsp;<\/p>","protected":false},"featured_media":27813,"comment_status":"open","ping_status":"closed","template":"","meta":{"_acf_changed":false},"product_brand":[],"product_cat":[24],"product_tag":[],"class_list":{"0":"post-126","1":"product","2":"type-product","3":"status-publish","4":"has-post-thumbnail","6":"product_cat-altalanos-tisztito-es-felmososzer","8":"first","9":"instock","10":"shipping-taxable","11":"purchasable","12":"product-type-simple"},"acf":[],"_links":{"self":[{"href":"https:\/\/naturcleaning.hu\/en\/wp-json\/wp\/v2\/product\/126","targetHints":{"allow":["GET"]}}],"collection":[{"href":"https:\/\/naturcleaning.hu\/en\/wp-json\/wp\/v2\/product"}],"about":[{"href":"https:\/\/naturcleaning.hu\/en\/wp-json\/wp\/v2\/types\/product"}],"replies":[{"embeddable":true,"href":"https:\/\/naturcleaning.hu\/en\/wp-json\/wp\/v2\/comments?post=126"}],"wp:featuredmedia":[{"embeddable":true,"href":"https:\/\/naturcleaning.hu\/en\/wp-json\/wp\/v2\/media\/27813"}],"wp:attachment":[{"href":"https:\/\/naturcleaning.hu\/en\/wp-json\/wp\/v2\/media?parent=126"}],"wp:term":[{"taxonomy":"product_brand","embeddable":true,"href":"https:\/\/naturcleaning.hu\/en\/wp-json\/wp\/v2\/product_brand?post=126"},{"taxonomy":"product_cat","embeddable":true,"href":"https:\/\/naturcleaning.hu\/en\/wp-json\/wp\/v2\/product_cat?post=126"},{"taxonomy":"product_tag","embeddable":true,"href":"https:\/\/naturcleaning.hu\/en\/wp-json\/wp\/v2\/product_tag?post=126"}],"curies":[{"name":"wp","href":"https:\/\/api.w.org\/{rel}","templated":true}]}}