{"id":120,"date":"2021-05-28T18:31:25","date_gmt":"2021-05-28T18:31:25","guid":{"rendered":"https:\/\/cudyfuture.nomaddigital.hu\/?post_type=product&#038;p=120"},"modified":"2026-03-28T02:31:18","modified_gmt":"2026-03-28T02:31:18","slug":"naturcleaning-tappancsbarat-felmoso-csalanlevel-kivonattal-1-liter","status":"publish","type":"product","link":"https:\/\/naturcleaning.hu\/en\/product\/naturcleaning-tappancsbarat-felmoso-csalanlevel-kivonattal-1-liter\/","title":{"rendered":"Naturcleaning paw-friendly mop with nettle leaf extract 1 liter"},"content":{"rendered":"<p>The natural power of Naturcleaning Tappancs Friendly Cleanser gently cleanses and neutralizes odors with the natural power of nettle extract and lemon oil. Ph\u2019s neutral, natural plant ingredients don\u2019t cause irritation, so protect your little paws.<\/p>\n<p><strong> Can be used:<\/strong> for wood and ceramic surfaces.<\/p>\n<p><strong>Can be used on:<\/strong> wood floor tiles, tiles, marble, pvc Dosage<\/p>\n<p>Shake before use!<\/p>\n<p>Pour 1-2 caps of floor cleaner on 5 liters of lukewarm water.<br \/>\nThe Naturcleaning Paw Friendly Mop is a nettle extract and<br \/>\nwith its natural power, lemon oil gently cleanses and neutralizes odors.<br \/>\nneutral Ph, natural plant ingredient<br \/>\nit doesn't cause irritation, so it protects the small paws<br \/>\nCan be used for wood and ceramic surfaces.<\/p>","protected":false},"excerpt":{"rendered":"<p>A Naturcleaning Tappancsbar\u00e1t felmos\u00f3 a csal\u00e1nkivonat \u00e9s a citrom olaj term\u00e9szetes erej\u00e9vel k\u00edm\u00e9letesen tiszt\u00edt \u00e9s semleges\u00edti a szagokat. Ph semleges, term\u00e9szetes n\u00f6v\u00e9nyi \u00f6sszetev\u0151i nem okoznak irrit\u00e1ci\u00f3t, \u00edgy \u00f3vja a kis tappancsokat. Haszn\u00e1lhat\u00f3 fa \u00e9s ker\u00e1mia fel\u00fcletekhez. Alkalmazhat\u00f3 fa padl\u00f3lap, j\u00e1r\u00f3lap, csempe, m\u00e1rv\u00e1ny, pvc Adagol\u00e1s Haszn\u00e1lat el\u0151tt felr\u00e1zand\u00f3! \u00d6nts\u00f6n 1-2 kupaknyi padl\u00f3tiszt\u00edt\u00f3t 5 liter langyos v\u00edzhez. [&hellip;]<\/p>\n","protected":false},"featured_media":37585,"comment_status":"open","ping_status":"closed","template":"","meta":{"_acf_changed":false},"product_brand":[],"product_cat":[30],"product_tag":[],"class_list":{"0":"post-120","1":"product","2":"type-product","3":"status-publish","4":"has-post-thumbnail","6":"product_cat-tappancsbarat-termek","8":"first","9":"instock","10":"shipping-taxable","11":"purchasable","12":"product-type-simple"},"acf":[],"_links":{"self":[{"href":"https:\/\/naturcleaning.hu\/en\/wp-json\/wp\/v2\/product\/120","targetHints":{"allow":["GET"]}}],"collection":[{"href":"https:\/\/naturcleaning.hu\/en\/wp-json\/wp\/v2\/product"}],"about":[{"href":"https:\/\/naturcleaning.hu\/en\/wp-json\/wp\/v2\/types\/product"}],"replies":[{"embeddable":true,"href":"https:\/\/naturcleaning.hu\/en\/wp-json\/wp\/v2\/comments?post=120"}],"wp:featuredmedia":[{"embeddable":true,"href":"https:\/\/naturcleaning.hu\/en\/wp-json\/wp\/v2\/media\/37585"}],"wp:attachment":[{"href":"https:\/\/naturcleaning.hu\/en\/wp-json\/wp\/v2\/media?parent=120"}],"wp:term":[{"taxonomy":"product_brand","embeddable":true,"href":"https:\/\/naturcleaning.hu\/en\/wp-json\/wp\/v2\/product_brand?post=120"},{"taxonomy":"product_cat","embeddable":true,"href":"https:\/\/naturcleaning.hu\/en\/wp-json\/wp\/v2\/product_cat?post=120"},{"taxonomy":"product_tag","embeddable":true,"href":"https:\/\/naturcleaning.hu\/en\/wp-json\/wp\/v2\/product_tag?post=120"}],"curies":[{"name":"wp","href":"https:\/\/api.w.org\/{rel}","templated":true}]}}