{"id":118,"date":"2021-05-28T18:29:19","date_gmt":"2021-05-28T18:29:19","guid":{"rendered":"https:\/\/cudyfuture.nomaddigital.hu\/?post_type=product&#038;p=118"},"modified":"2026-03-28T02:28:50","modified_gmt":"2026-03-28T02:28:50","slug":"naturcleaning-relax-kisallat-sampon-koncentratum-levendula-jojoba-olajjal-250-ml","status":"publish","type":"product","link":"https:\/\/naturcleaning.hu\/en\/product\/naturcleaning-relax-kisallat-sampon-koncentratum-levendula-jojoba-olajjal-250-ml\/","title":{"rendered":"Naturcleaning Relax Pet Shampoo Concentrate with Lavender &amp; Jojoba Oil 250 ml"},"content":{"rendered":"<p>Kiv\u00e1l\u00f3an tiszt\u00edtja, hidrat\u00e1lja \u00e9s regener\u00e1lja kedvenc\u00fcnk (kutya, macska) b\u0151r\u00e9t \u00e9s a sz\u0151rzet\u00e9t. Rendszeres haszn\u00e1lat\u00e1val a sz\u0151rzet selymes f\u00e9ny\u0171v\u00e9, puh\u00e1v\u00e1 \u00e9s k\u00f6nnyen f\u00e9s\u00fclhet\u0151v\u00e9 v\u00e1lik. Nem okoz b\u0151rirrit\u00e1ci\u00f3t, \u00edgy \u00e9rz\u00e9keny b\u0151r\u0171 kis\u00e1llatokn\u00e1l is alkalmazhat\u00f3.<\/p>\n<p style=\"font-weight: 400\"><b>Felhaszn\u00e1l\u00e1si javaslat, adagol\u00e1s:<\/b>\u00a0It perfectly cleanses, hydrates and regenerates the skin and coat of our pet (dog, cat). With regular use, the coat becomes silky shiny, soft and easy to comb. It does not cause skin irritation, so it can be used in pets with sensitive skin.<\/p>\n<p style=\"font-weight: 400\">Thanks to its pump dispenser, it can be dispensed economically and easily.<\/p>\n<p style=\"font-weight: 400\">A koncentr\u00e1tum \u00f6tsz\u00f6r\u00f6s\u00e9re hig\u00edthat\u00f3.<\/p>\n<p style=\"font-weight: 400\"><b>Can be used:<\/b>\u00a0on all types of skin<\/p>\n<p style=\"font-weight: 400\">Do not use on damaged skin! Avoid contact with eyes, ears and mucous membranes. The product should only be used externally as directed. In case of contact with eyes or damaged skin, wash immediately with plenty of water.<\/p>\n<p style=\"font-weight: 400\">Store at room temperature, protected from sunlight.<\/p>\n<p style=\"font-weight: 400\">For veterinary or pet care purposes only!<\/p>","protected":false},"excerpt":{"rendered":"<p>Kiv\u00e1l\u00f3an tiszt\u00edtja, hidrat\u00e1lja \u00e9s regener\u00e1lja kedvenc\u00fcnk (kutya, macska) b\u0151r\u00e9t \u00e9s a sz\u0151rzet\u00e9t. Rendszeres haszn\u00e1lat\u00e1val a sz\u0151rzet selymes f\u00e9ny\u0171v\u00e9, puh\u00e1v\u00e1 \u00e9s k\u00f6nnyen f\u00e9s\u00fclhet\u0151v\u00e9 v\u00e1lik. Nem okoz b\u0151rirrit\u00e1ci\u00f3t, \u00edgy \u00e9rz\u00e9keny b\u0151r\u0171 kis\u00e1llatokn\u00e1l is alkalmazhat\u00f3. Felhaszn\u00e1l\u00e1si javaslat, adagol\u00e1s:\u00a0Langyos v\u00edzzel nedves\u00edts\u00fck be a kutya vagy macska sz\u0151r\u00e9t, b\u0151r\u00e9t. Samponozzuk be a nedves sz\u0151rzetet habk\u00e9pz\u0151d\u00e9sig, majd a habot kev\u00e9s v\u00edzzel [&hellip;]<\/p>\n","protected":false},"featured_media":23243,"comment_status":"open","ping_status":"closed","template":"","meta":{"_acf_changed":false},"product_brand":[],"product_cat":[30],"product_tag":[],"class_list":{"0":"post-118","1":"product","2":"type-product","3":"status-publish","4":"has-post-thumbnail","6":"product_cat-tappancsbarat-termek","8":"first","9":"instock","10":"shipping-taxable","11":"purchasable","12":"product-type-simple"},"acf":[],"_links":{"self":[{"href":"https:\/\/naturcleaning.hu\/en\/wp-json\/wp\/v2\/product\/118","targetHints":{"allow":["GET"]}}],"collection":[{"href":"https:\/\/naturcleaning.hu\/en\/wp-json\/wp\/v2\/product"}],"about":[{"href":"https:\/\/naturcleaning.hu\/en\/wp-json\/wp\/v2\/types\/product"}],"replies":[{"embeddable":true,"href":"https:\/\/naturcleaning.hu\/en\/wp-json\/wp\/v2\/comments?post=118"}],"wp:featuredmedia":[{"embeddable":true,"href":"https:\/\/naturcleaning.hu\/en\/wp-json\/wp\/v2\/media\/23243"}],"wp:attachment":[{"href":"https:\/\/naturcleaning.hu\/en\/wp-json\/wp\/v2\/media?parent=118"}],"wp:term":[{"taxonomy":"product_brand","embeddable":true,"href":"https:\/\/naturcleaning.hu\/en\/wp-json\/wp\/v2\/product_brand?post=118"},{"taxonomy":"product_cat","embeddable":true,"href":"https:\/\/naturcleaning.hu\/en\/wp-json\/wp\/v2\/product_cat?post=118"},{"taxonomy":"product_tag","embeddable":true,"href":"https:\/\/naturcleaning.hu\/en\/wp-json\/wp\/v2\/product_tag?post=118"}],"curies":[{"name":"wp","href":"https:\/\/api.w.org\/{rel}","templated":true}]}}