{"id":114,"date":"2021-05-28T18:25:32","date_gmt":"2021-05-28T18:25:32","guid":{"rendered":"https:\/\/cudyfuture.nomaddigital.hu\/?post_type=product&#038;p=114"},"modified":"2024-10-15T07:58:43","modified_gmt":"2024-10-15T07:58:43","slug":"benevo-biologiai-uton-lebomlo-kutyapiszok-zacsko","status":"publish","type":"product","link":"https:\/\/naturcleaning.hu\/en\/product\/benevo-biologiai-uton-lebomlo-kutyapiszok-zacsko\/","title":{"rendered":"Benevo biodegradable dog dirt bag"},"content":{"rendered":"<p>Benevo is a biodegradable, plastic-free, environmentally friendly, compostable dog litter bag. It is made exclusively from plant ingredients, using corn starch, so it does not pollute the environment.<\/p>\n<p>1 tekercs = 15 zacsk\u00f3 (820.- Ft.)<\/p>\n<p>A k\u00e9p csak illusztr\u00e1ci\u00f3!<\/p>","protected":false},"excerpt":{"rendered":"<p>Benevo biol\u00f3giai \u00faton leboml\u00f3, m\u0171anyagmentes, k\u00f6rnyezetbar\u00e1t, komposzt\u00e1lhat\u00f3 kutyapiszok zacsk\u00f3k. Kiz\u00e1r\u00f3lag n\u00f6v\u00e9nyi alapanyagokb\u00f3l, kukoricakem\u00e9ny\u00edt\u0151 felhaszn\u00e1l\u00e1s\u00e1val k\u00e9sz\u00fcl, \u00edgy nem szennyezi a k\u00f6rnyezetet. 1 tekercs = 15 zacsk\u00f3 (820.- Ft.) A k\u00e9p csak illusztr\u00e1ci\u00f3!<\/p>","protected":false},"featured_media":115,"comment_status":"open","ping_status":"closed","template":"","meta":{"_acf_changed":false},"product_brand":[],"product_cat":[30],"product_tag":[],"class_list":{"0":"post-114","1":"product","2":"type-product","3":"status-publish","4":"has-post-thumbnail","6":"product_cat-tappancsbarat-termek","8":"first","9":"instock","10":"shipping-taxable","11":"purchasable","12":"product-type-simple"},"acf":[],"_links":{"self":[{"href":"https:\/\/naturcleaning.hu\/en\/wp-json\/wp\/v2\/product\/114","targetHints":{"allow":["GET"]}}],"collection":[{"href":"https:\/\/naturcleaning.hu\/en\/wp-json\/wp\/v2\/product"}],"about":[{"href":"https:\/\/naturcleaning.hu\/en\/wp-json\/wp\/v2\/types\/product"}],"replies":[{"embeddable":true,"href":"https:\/\/naturcleaning.hu\/en\/wp-json\/wp\/v2\/comments?post=114"}],"wp:featuredmedia":[{"embeddable":true,"href":"https:\/\/naturcleaning.hu\/en\/wp-json\/wp\/v2\/media\/115"}],"wp:attachment":[{"href":"https:\/\/naturcleaning.hu\/en\/wp-json\/wp\/v2\/media?parent=114"}],"wp:term":[{"taxonomy":"product_brand","embeddable":true,"href":"https:\/\/naturcleaning.hu\/en\/wp-json\/wp\/v2\/product_brand?post=114"},{"taxonomy":"product_cat","embeddable":true,"href":"https:\/\/naturcleaning.hu\/en\/wp-json\/wp\/v2\/product_cat?post=114"},{"taxonomy":"product_tag","embeddable":true,"href":"https:\/\/naturcleaning.hu\/en\/wp-json\/wp\/v2\/product_tag?post=114"}],"curies":[{"name":"wp","href":"https:\/\/api.w.org\/{rel}","templated":true}]}}